{"id":8532,"date":"2024-11-27T19:46:14","date_gmt":"2024-11-27T16:46:14","guid":{"rendered":"https:\/\/www.makitamarket.com.tr\/site\/urun\/kama-by-reis-kama-by-reis-kgl10000ce3-benzinli-jenerator\/"},"modified":"2025-11-16T04:31:33","modified_gmt":"2025-11-16T01:31:33","slug":"kama-by-reis-kama-by-reis-kgl10000ce3-benzinli-jenerator","status":"publish","type":"product","link":"https:\/\/www.makitamarket.com.tr\/site\/urun\/kama-by-reis-kama-by-reis-kgl10000ce3-benzinli-jenerator\/","title":{"rendered":"Kama By Reis KGL10000CE3 KAMA BY REIS KGL10000CE3 BENZ\u0130NL\u0130 JENERAT\u00d6R"},"content":{"rendered":"<table>\n<tr>\n<td>Maksimum G\u00fc\u00e7<\/td>\n<td>8 kW \/ 10 kVA<\/td>\n<\/tr>\n<tr>\n<td>S\u00fcrekli G\u00fc\u00e7 kW \/ kVA<\/td>\n<td>7,5  \/ 9,4<\/td>\n<\/tr>\n<tr>\n<td>S\u00fcrekli \u00c7\u0131k\u0131\u015f Amperi  (A)<\/td>\n<td>13,5<\/td>\n<\/tr>\n<tr>\n<td>Faz Say\u0131s\u0131<\/td>\n<td>3 (Trifaze)<\/td>\n<\/tr>\n<tr>\n<td>\u00c7\u0131k\u0131\u015f Voltaj\u0131  (V)<\/td>\n<td>230\/400<\/td>\n<\/tr>\n<tr>\n<td>G\u00fc\u00e7 Fakt\u00f6r\u00fc     (Cos \u03c6)<\/td>\n<td>1 \/ 0,8<\/td>\n<\/tr>\n<tr>\n<td>Frekans (Hz)<\/td>\n<td>50<\/td>\n<\/tr>\n<tr>\n<td>G\u00f6sterge Ekran\u0131<\/td>\n<td>Dijital<\/td>\n<\/tr>\n<tr>\n<td>Motor tipi<\/td>\n<td>1 Silindir<\/td>\n<\/tr>\n<tr>\n<td>So\u011futma<\/td>\n<td>Hava So\u011futmal\u0131<\/td>\n<\/tr>\n<tr>\n<td>Motor Modeli<\/td>\n<td>GK460<\/td>\n<\/tr>\n<tr>\n<td>Motor G\u00fcc\u00fc<\/td>\n<td>18<\/td>\n<\/tr>\n<tr>\n<td>Silindir Hacmi  (cc)<\/td>\n<td>460<\/td>\n<\/tr>\n<tr>\n<td>\u00c7al\u0131\u015ft\u0131rma \u015eekli<\/td>\n<td>\u0130pli \/ Mar\u015fl\u0131<\/td>\n<\/tr>\n<tr>\n<td>Yak\u0131t Tipi<\/td>\n<td>Kur\u015funsuz Benzin<\/td>\n<\/tr>\n<tr>\n<td>Yak\u0131t Depo Kapasite (lt)<\/td>\n<td>28<\/td>\n<\/tr>\n<tr>\n<td>Yak\u0131t T\u00fcketimi (lt\/saat)<\/td>\n<td>3<\/td>\n<\/tr>\n<tr>\n<td>Ya\u011f Kapasitesi ( Lt )<\/td>\n<td>1,3<\/td>\n<\/tr>\n<tr>\n<td>Ya\u011f Tipi<\/td>\n<td>15W40<\/td>\n<\/tr>\n<tr>\n<td>Ses Seviyesi (dBA-7m)<\/td>\n<td>70<\/td>\n<\/tr>\n<tr>\n<td>A\u011f\u0131rl\u0131k (Kg)<\/td>\n<td>88<\/td>\n<\/tr>\n<tr>\n<td>Boyutlar (UxGxY)(mm)<\/td>\n<td>745x555x650<\/td>\n<\/tr>\n<\/table>\n","protected":false},"excerpt":{"rendered":"<p>Maksimum G\u00fc\u00e7 8 kW \/ 10 kVA S\u00fcrekli G\u00fc\u00e7 kW \/ kVA 7,5 \/ 9,4 S\u00fcrekli \u00c7\u0131k\u0131\u015f Amperi (A) 13,5 Faz Say\u0131s\u0131 3 (Trifaze) \u00c7\u0131k\u0131\u015f Voltaj\u0131 (V) 230\/400 G\u00fc\u00e7 Fakt\u00f6r\u00fc<\/p>\n","protected":false},"featured_media":0,"comment_status":"open","ping_status":"closed","template":"","meta":{"_acf_changed":false},"product_brand":[1500],"product_cat":[1565],"product_tag":[],"class_list":{"0":"post-8532","1":"product","2":"type-product","3":"status-publish","5":"product_brand-kama-by-reis","6":"product_cat-yok-yok","8":"first","9":"outofstock","10":"taxable","11":"shipping-taxable","12":"purchasable","13":"product-type-simple","14":"add-to-wishlist-after_add_to_cart"},"acf":[],"_links":{"self":[{"href":"https:\/\/www.makitamarket.com.tr\/site\/wp-json\/wp\/v2\/product\/8532","targetHints":{"allow":["GET"]}}],"collection":[{"href":"https:\/\/www.makitamarket.com.tr\/site\/wp-json\/wp\/v2\/product"}],"about":[{"href":"https:\/\/www.makitamarket.com.tr\/site\/wp-json\/wp\/v2\/types\/product"}],"replies":[{"embeddable":true,"href":"https:\/\/www.makitamarket.com.tr\/site\/wp-json\/wp\/v2\/comments?post=8532"}],"wp:attachment":[{"href":"https:\/\/www.makitamarket.com.tr\/site\/wp-json\/wp\/v2\/media?parent=8532"}],"wp:term":[{"taxonomy":"product_brand","embeddable":true,"href":"https:\/\/www.makitamarket.com.tr\/site\/wp-json\/wp\/v2\/product_brand?post=8532"},{"taxonomy":"product_cat","embeddable":true,"href":"https:\/\/www.makitamarket.com.tr\/site\/wp-json\/wp\/v2\/product_cat?post=8532"},{"taxonomy":"product_tag","embeddable":true,"href":"https:\/\/www.makitamarket.com.tr\/site\/wp-json\/wp\/v2\/product_tag?post=8532"}],"curies":[{"name":"wp","href":"https:\/\/api.w.org\/{rel}","templated":true}]}}