{"id":8534,"date":"2024-11-27T19:46:14","date_gmt":"2024-11-27T16:46:14","guid":{"rendered":"https:\/\/www.makitamarket.com.tr\/site\/urun\/makita-somun-sikma-makinasi\/"},"modified":"2025-07-11T19:10:52","modified_gmt":"2025-07-11T16:10:52","slug":"makita-somun-sikma-makinasi","status":"publish","type":"product","link":"https:\/\/www.makitamarket.com.tr\/site\/urun\/makita-somun-sikma-makinasi\/","title":{"rendered":"Makita 6905H SOMUN SIKMA MAK\u0130NASI"},"content":{"rendered":"<p>Model 6905H<\/p>\n<p>Somun s\u0131kma <\/p>\n<p>1\/2\u201d 12.7mm<\/p>\n<p>470 W \u2022 1\/2&#8243; \u2022 200 Nm \u2022 0 \u2013 2.200 dak\u207b\u00b9<\/p>\n<p><span style=\"color: rgb(0, 112, 192);\">Sa\u011flam al\u00fcminyum di\u015fli kutusu ile 1\/2&#8243; darbeli somun s\u0131kma <\/span><\/p>\n<p>294 Nm&#8217;ye kadar torka sahip kompakt boyutlu darbeli somun s\u0131kma modeli. Makine 470 W motor g\u00fcc\u00fcne &nbsp;ve 1\/2&#8243; mile sahiptir.Dakikada 2.200 bo\u015fta devire sahiptir. Standart c\u0131vatada M12-M20, y\u00fcksek germeli c\u0131vatada M12-M16 kapasiteye sahiptir. <\/p>\n<p><span style=\"color: red;\">Kullan\u0131m amac\u0131: <\/span>Bu aletin c\u0131vata ve somunlar\u0131 s\u0131kmak i\u00e7in kullan\u0131lmas\u0131 ama\u00e7lanm\u0131\u015ft\u0131r.<\/p>\n<p><u>\u00d6zellikleri:<\/u><\/p>\n<p><span style=\"color: red;\">G\u00fc\u00e7 Kayna\u011f\u0131:<\/span>Makinenin, yaln\u0131zca isim levhas\u0131nda belirtilenle ayn\u0131 voltajl\u0131 g\u00fc\u00e7 kayna\u011f\u0131na ba\u011flanmas\u0131 gerekir ve yaln\u0131zca tek fazl\u0131 AC g\u00fc\u00e7 kayna\u011f\u0131yla \u00e7al\u0131\u015ft\u0131r\u0131labilir. \u00c7ifte yal\u0131t\u0131ml\u0131d\u0131r ve topraklamas\u0131z prizlerle de kullan\u0131labilir.<\/p>\n<ol>\n<li data-list=\"bullet\"><span class=\"ql-ui\" contenteditable=\"false\"><\/span>\u00c7ift yal\u0131t\u0131ml\u0131d\u0131r.<\/li>\n<li data-list=\"bullet\"><span class=\"ql-ui\" contenteditable=\"false\"><\/span>Sa\u011f-sol d\u00f6n\u00fc\u015f ayarl\u0131d\u0131r.<\/li>\n<li data-list=\"bullet\"><span class=\"ql-ui\" contenteditable=\"false\"><\/span>Plastik ta\u015f\u0131ma \u00e7antal\u0131d\u0131r.<\/li>\n<\/ol>\n<p>Ambalaj i\u00e7eri\u011fi: 3 adet soket<\/p>\n<table>\n<tr>\n<td>S\u00fcrekli Ak\u0131m Giri\u015fi<\/td>\n<td>470W<\/td>\n<\/tr>\n<tr>\n<td>Kapasite<\/td>\n<td>Standart civata:M12-M20 mm, Y\u00fcksek gerilimli civata:M12-M16<\/td>\n<\/tr>\n<tr>\n<td>Bo\u015fta Devir<\/td>\n<td>2200devir\/dk<\/td>\n<\/tr>\n<tr>\n<td>Net A\u011f\u0131rl\u0131k<\/td>\n<td>2.4<\/td>\n<\/tr>\n<tr>\n<td>Maksimum Tork<\/td>\n<td>294Nm<\/td>\n<\/tr>\n<\/table>\n","protected":false},"excerpt":{"rendered":"<p>Model 6905H<\/p>\n<p>Somun s\u0131kma <\/p>\n<p>1\/2\u201d 12.7mm<\/p>\n<p>470 W \u2022 1\/2&#8243; \u2022 200 Nm \u2022 0 \u2013 2.200 dak\u207b\u00b9<\/p>\n<p><span style=\"color: rgb(0, 112, 192);\">Sa\u011flam al\u00fcminyum di\u015fli kutusu ile 1\/2&#8243; darbeli somun s\u0131kma <\/span><\/p>\n<p>294 Nm&#8217;ye kadar torka sahip kompakt boyutlu darbeli somun s\u0131kma modeli. Makine 470 W motor g\u00fcc\u00fcne &nbsp;ve 1\/2&#8243; mile sahiptir.Dakikada 2.200 bo\u015fta devire sahiptir. Standart c\u0131vatada M12-M20, y\u00fcksek germeli c\u0131vatada M12-M16 kapasiteye sahiptir. <\/p>\n<p><span style=\"color: red;\">Kullan\u0131m amac\u0131: <\/span>Bu aletin c\u0131vata ve somunlar\u0131 s\u0131kmak i\u00e7in kullan\u0131lmas\u0131 ama\u00e7lanm\u0131\u015ft\u0131r.<\/p>\n<p><u>\u00d6zellikleri:<\/u><\/p>\n<p><span style=\"color: red;\">G\u00fc\u00e7 Kayna\u011f\u0131:<\/span>Makinenin, yaln\u0131zca isim levhas\u0131nda belirtilenle ayn\u0131 voltajl\u0131 g\u00fc\u00e7 kayna\u011f\u0131na ba\u011flanmas\u0131 gerekir ve yaln\u0131zca tek fazl\u0131 AC g\u00fc\u00e7 kayna\u011f\u0131yla \u00e7al\u0131\u015ft\u0131r\u0131labilir. \u00c7ifte yal\u0131t\u0131ml\u0131d\u0131r ve topraklamas\u0131z prizlerle de kullan\u0131labilir.<\/p>\n<ol>\n<li data-list=\"bullet\"><span class=\"ql-ui\" contenteditable=\"false\"><\/span>\u00c7ift yal\u0131t\u0131ml\u0131d\u0131r.<\/li>\n<li data-list=\"bullet\"><span class=\"ql-ui\" contenteditable=\"false\"><\/span>Sa\u011f-sol d\u00f6n\u00fc\u015f ayarl\u0131d\u0131r.<\/li>\n<li data-list=\"bullet\"><span class=\"ql-ui\" contenteditable=\"false\"><\/span>Plastik ta\u015f\u0131ma \u00e7antal\u0131d\u0131r.<\/li>\n<\/ol>\n<p>Ambalaj i\u00e7eri\u011fi: 3 adet soket<\/p>\n","protected":false},"featured_media":9601,"comment_status":"open","ping_status":"closed","template":"","meta":{"_acf_changed":false},"product_brand":[],"product_cat":[868],"product_tag":[],"class_list":{"0":"post-8534","1":"product","2":"type-product","3":"status-publish","4":"has-post-thumbnail","6":"product_cat-somun-sikmalar","8":"first","9":"outofstock","10":"taxable","11":"shipping-taxable","12":"purchasable","13":"product-type-simple","14":"add-to-wishlist-after_add_to_cart"},"acf":[],"_links":{"self":[{"href":"https:\/\/www.makitamarket.com.tr\/site\/wp-json\/wp\/v2\/product\/8534","targetHints":{"allow":["GET"]}}],"collection":[{"href":"https:\/\/www.makitamarket.com.tr\/site\/wp-json\/wp\/v2\/product"}],"about":[{"href":"https:\/\/www.makitamarket.com.tr\/site\/wp-json\/wp\/v2\/types\/product"}],"replies":[{"embeddable":true,"href":"https:\/\/www.makitamarket.com.tr\/site\/wp-json\/wp\/v2\/comments?post=8534"}],"wp:featuredmedia":[{"embeddable":true,"href":"https:\/\/www.makitamarket.com.tr\/site\/wp-json\/wp\/v2\/media\/9601"}],"wp:attachment":[{"href":"https:\/\/www.makitamarket.com.tr\/site\/wp-json\/wp\/v2\/media?parent=8534"}],"wp:term":[{"taxonomy":"product_brand","embeddable":true,"href":"https:\/\/www.makitamarket.com.tr\/site\/wp-json\/wp\/v2\/product_brand?post=8534"},{"taxonomy":"product_cat","embeddable":true,"href":"https:\/\/www.makitamarket.com.tr\/site\/wp-json\/wp\/v2\/product_cat?post=8534"},{"taxonomy":"product_tag","embeddable":true,"href":"https:\/\/www.makitamarket.com.tr\/site\/wp-json\/wp\/v2\/product_tag?post=8534"}],"curies":[{"name":"wp","href":"https:\/\/api.w.org\/{rel}","templated":true}]}}