{"id":8548,"date":"2024-11-27T19:46:21","date_gmt":"2024-11-27T16:46:21","guid":{"rendered":"https:\/\/www.makitamarket.com.tr\/site\/urun\/globus-stretch-film-17x200-mt-1800-gr\/"},"modified":"2026-01-23T12:05:44","modified_gmt":"2026-01-23T09:05:44","slug":"globus-stretch-film-17x200-mt-1800-gr","status":"publish","type":"product","link":"https:\/\/www.makitamarket.com.tr\/site\/urun\/globus-stretch-film-17x200-mt-1800-gr\/","title":{"rendered":"Globus GL10349 STRETCH F\u0130LM 17&#215;200 mt 1800 gr"},"content":{"rendered":"<table>\n<tr>\n<td>\u00d6l\u00e7\u00fcs\u00fc<\/td>\n<td>17 mic. X 200 mt.<\/td>\n<\/tr>\n<tr>\n<td>Renk<\/td>\n<td>\u015eeffaf<\/td>\n<\/tr>\n<tr>\n<td>Toplam A\u011f\u0131rl\u0131k<\/td>\n<td>1800gr.<\/td>\n<\/tr>\n<tr>\n<td>Koli Adedi<\/td>\n<td>6<\/td>\n<\/tr>\n<\/table>\n","protected":false},"excerpt":{"rendered":"<p>\u00d6l\u00e7\u00fcs\u00fc 17 mic. X 200 mt. Renk \u015eeffaf Toplam A\u011f\u0131rl\u0131k 1800gr. Koli Adedi 6<\/p>\n","protected":false},"featured_media":8547,"comment_status":"open","ping_status":"closed","template":"","meta":{"_acf_changed":false},"product_brand":[1510],"product_cat":[784],"product_tag":[],"class_list":{"0":"post-8548","1":"product","2":"type-product","3":"status-publish","4":"has-post-thumbnail","6":"product_brand-globus","7":"product_cat-strech-filmler","9":"first","10":"outofstock","11":"taxable","12":"shipping-taxable","13":"purchasable","14":"product-type-simple","15":"add-to-wishlist-after_add_to_cart"},"acf":[],"_links":{"self":[{"href":"https:\/\/www.makitamarket.com.tr\/site\/wp-json\/wp\/v2\/product\/8548","targetHints":{"allow":["GET"]}}],"collection":[{"href":"https:\/\/www.makitamarket.com.tr\/site\/wp-json\/wp\/v2\/product"}],"about":[{"href":"https:\/\/www.makitamarket.com.tr\/site\/wp-json\/wp\/v2\/types\/product"}],"replies":[{"embeddable":true,"href":"https:\/\/www.makitamarket.com.tr\/site\/wp-json\/wp\/v2\/comments?post=8548"}],"wp:featuredmedia":[{"embeddable":true,"href":"https:\/\/www.makitamarket.com.tr\/site\/wp-json\/wp\/v2\/media\/8547"}],"wp:attachment":[{"href":"https:\/\/www.makitamarket.com.tr\/site\/wp-json\/wp\/v2\/media?parent=8548"}],"wp:term":[{"taxonomy":"product_brand","embeddable":true,"href":"https:\/\/www.makitamarket.com.tr\/site\/wp-json\/wp\/v2\/product_brand?post=8548"},{"taxonomy":"product_cat","embeddable":true,"href":"https:\/\/www.makitamarket.com.tr\/site\/wp-json\/wp\/v2\/product_cat?post=8548"},{"taxonomy":"product_tag","embeddable":true,"href":"https:\/\/www.makitamarket.com.tr\/site\/wp-json\/wp\/v2\/product_tag?post=8548"}],"curies":[{"name":"wp","href":"https:\/\/api.w.org\/{rel}","templated":true}]}}