{"id":8555,"date":"2024-11-27T19:46:23","date_gmt":"2024-11-27T16:46:23","guid":{"rendered":"https:\/\/www.makitamarket.com.tr\/site\/urun\/turcoboor-kilavuz-cekme-ozellikli-manyetik-matkap\/"},"modified":"2026-04-06T12:21:05","modified_gmt":"2026-04-06T09:21:05","slug":"turcoboor-kilavuz-cekme-ozellikli-manyetik-matkap","status":"publish","type":"product","link":"https:\/\/www.makitamarket.com.tr\/site\/urun\/turcoboor-kilavuz-cekme-ozellikli-manyetik-matkap\/","title":{"rendered":"Turcoboor 32TAK KILAVUZ \u00c7EKME \u00d6ZELL\u0130KL\u0130 MANYET\u0130K MATKAP"},"content":{"rendered":"<table>\n<tr>\n<td>Kesici U\u00e7 ile Delme \u00c7ap\u0131<\/td>\n<td>\u00d8 12-32<\/td>\n<\/tr>\n<tr>\n<td>Matkap Ucuyla Delme<\/td>\n<td>\u00d8 1-13 mm<\/td>\n<\/tr>\n<tr>\n<td>Sap Kal\u0131nl\u0131\u011f\u0131<\/td>\n<td>19 mm Weldon<\/td>\n<\/tr>\n<tr>\n<td>K\u0131lavuz \u00c7ekme<\/td>\n<td>M3-M16<\/td>\n<\/tr>\n<tr>\n<td>Mil Hareketi<\/td>\n<td>150 mm<\/td>\n<\/tr>\n<tr>\n<td>Motor G\u00fcc\u00fc<\/td>\n<td>1050 W<\/td>\n<\/tr>\n<tr>\n<td>H\u0131z<\/td>\n<td>100-450 dev\/dak<\/td>\n<\/tr>\n<tr>\n<td>Manyetik Taban (U x G)<\/td>\n<td>160&#215;80<\/td>\n<\/tr>\n<tr>\n<td>Manyetik Kuvvet<\/td>\n<td>1500 kg<\/td>\n<\/tr>\n<tr>\n<td>A\u011f\u0131rl\u0131k<\/td>\n<td>11<\/td>\n<\/tr>\n<tr>\n<td>Hav\u015fa A\u00e7ma<\/td>\n<td>\u00d8 10-25 mm<\/td>\n<\/tr>\n<tr>\n<td>Uzunluk<\/td>\n<td>240<\/td>\n<\/tr>\n<tr>\n<td>Geni\u015flik<\/td>\n<td>110<\/td>\n<\/tr>\n<tr>\n<td>Y\u00fckseklik<\/td>\n<td>370<\/td>\n<\/tr>\n<\/table>\n","protected":false},"excerpt":{"rendered":"<p>Kesici U\u00e7 ile Delme \u00c7ap\u0131 \u00d8 12-32 Matkap Ucuyla Delme \u00d8 1-13 mm Sap Kal\u0131nl\u0131\u011f\u0131 19 mm Weldon K\u0131lavuz \u00c7ekme M3-M16 Mil Hareketi 150 mm Motor G\u00fcc\u00fc 1050 W H\u0131z<\/p>\n","protected":false},"featured_media":8554,"comment_status":"open","ping_status":"closed","template":"","meta":{"_acf_changed":false},"product_brand":[1506],"product_cat":[765],"product_tag":[],"class_list":{"0":"post-8555","1":"product","2":"type-product","3":"status-publish","4":"has-post-thumbnail","6":"product_brand-turcoboor","7":"product_cat-manyetik-matkaplar","9":"first","10":"outofstock","11":"taxable","12":"shipping-taxable","13":"purchasable","14":"product-type-simple","15":"add-to-wishlist-after_add_to_cart"},"acf":[],"_links":{"self":[{"href":"https:\/\/www.makitamarket.com.tr\/site\/wp-json\/wp\/v2\/product\/8555","targetHints":{"allow":["GET"]}}],"collection":[{"href":"https:\/\/www.makitamarket.com.tr\/site\/wp-json\/wp\/v2\/product"}],"about":[{"href":"https:\/\/www.makitamarket.com.tr\/site\/wp-json\/wp\/v2\/types\/product"}],"replies":[{"embeddable":true,"href":"https:\/\/www.makitamarket.com.tr\/site\/wp-json\/wp\/v2\/comments?post=8555"}],"wp:featuredmedia":[{"embeddable":true,"href":"https:\/\/www.makitamarket.com.tr\/site\/wp-json\/wp\/v2\/media\/8554"}],"wp:attachment":[{"href":"https:\/\/www.makitamarket.com.tr\/site\/wp-json\/wp\/v2\/media?parent=8555"}],"wp:term":[{"taxonomy":"product_brand","embeddable":true,"href":"https:\/\/www.makitamarket.com.tr\/site\/wp-json\/wp\/v2\/product_brand?post=8555"},{"taxonomy":"product_cat","embeddable":true,"href":"https:\/\/www.makitamarket.com.tr\/site\/wp-json\/wp\/v2\/product_cat?post=8555"},{"taxonomy":"product_tag","embeddable":true,"href":"https:\/\/www.makitamarket.com.tr\/site\/wp-json\/wp\/v2\/product_tag?post=8555"}],"curies":[{"name":"wp","href":"https:\/\/api.w.org\/{rel}","templated":true}]}}