{"id":8563,"date":"2024-11-27T19:46:26","date_gmt":"2024-11-27T16:46:26","guid":{"rendered":"https:\/\/www.makitamarket.com.tr\/site\/urun\/factor-fayans-ve-seramik-kesme-makinasi\/"},"modified":"2025-11-16T04:31:35","modified_gmt":"2025-11-16T01:31:35","slug":"factor-fayans-ve-seramik-kesme-makinasi","status":"publish","type":"product","link":"https:\/\/www.makitamarket.com.tr\/site\/urun\/factor-fayans-ve-seramik-kesme-makinasi\/","title":{"rendered":"Factor FS4700 FAYANS VE SERAM\u0130K KESME MAK\u0130NASI"},"content":{"rendered":"<p>\n\t<strong>Uyumlu Testere :<\/strong> PR16313<\/p>\n<table>\n<tr>\n<td>Motor<\/td>\n<td>230V~50Hz<\/td>\n<\/tr>\n<tr>\n<td>Boyutlar (UxGxY)(mm)<\/td>\n<td>1845x440x1155 mm<\/td>\n<\/tr>\n<tr>\n<td>Tabla \u00d6l\u00e7\u00fcs\u00fc<\/td>\n<td>1377&#215;400 mm<\/td>\n<\/tr>\n<tr>\n<td>Testere \u00e7ap\u0131<\/td>\n<td>230&#215;25.4mm<\/td>\n<\/tr>\n<tr>\n<td>Mak. kesme derinli\u011fi 90\u00b0<\/td>\n<td>40 mm<\/td>\n<\/tr>\n<tr>\n<td>Mak. kesme derinli\u011fi 45\u00b0<\/td>\n<td>34 mm<\/td>\n<\/tr>\n<tr>\n<td>Su<\/td>\n<td>40 L<\/td>\n<\/tr>\n<tr>\n<td>G\u00fc\u00e7<\/td>\n<td>1200 W<\/td>\n<\/tr>\n<tr>\n<td>Net A\u011f\u0131rl\u0131k<\/td>\n<td>64 kg.<\/td>\n<\/tr>\n<tr>\n<td>Ambalaj boyutu<\/td>\n<td>1830x540x585 mm<\/td>\n<\/tr>\n<tr>\n<td>Lazer \u0130\u015feretleme<\/td>\n<td>Var<\/td>\n<\/tr>\n<\/table>\n","protected":false},"excerpt":{"rendered":"<p>\n\t<strong>Uyumlu Testere :<\/strong> PR16313<\/p>\n","protected":false},"featured_media":8562,"comment_status":"open","ping_status":"closed","template":"","meta":{"_acf_changed":false},"product_brand":[1494],"product_cat":[874],"product_tag":[],"class_list":{"0":"post-8563","1":"product","2":"type-product","3":"status-publish","4":"has-post-thumbnail","6":"product_brand-factor","7":"product_cat-fayans-kesme-makinasi","9":"first","10":"outofstock","11":"taxable","12":"shipping-taxable","13":"purchasable","14":"product-type-simple","15":"add-to-wishlist-after_add_to_cart"},"acf":[],"_links":{"self":[{"href":"https:\/\/www.makitamarket.com.tr\/site\/wp-json\/wp\/v2\/product\/8563","targetHints":{"allow":["GET"]}}],"collection":[{"href":"https:\/\/www.makitamarket.com.tr\/site\/wp-json\/wp\/v2\/product"}],"about":[{"href":"https:\/\/www.makitamarket.com.tr\/site\/wp-json\/wp\/v2\/types\/product"}],"replies":[{"embeddable":true,"href":"https:\/\/www.makitamarket.com.tr\/site\/wp-json\/wp\/v2\/comments?post=8563"}],"wp:featuredmedia":[{"embeddable":true,"href":"https:\/\/www.makitamarket.com.tr\/site\/wp-json\/wp\/v2\/media\/8562"}],"wp:attachment":[{"href":"https:\/\/www.makitamarket.com.tr\/site\/wp-json\/wp\/v2\/media?parent=8563"}],"wp:term":[{"taxonomy":"product_brand","embeddable":true,"href":"https:\/\/www.makitamarket.com.tr\/site\/wp-json\/wp\/v2\/product_brand?post=8563"},{"taxonomy":"product_cat","embeddable":true,"href":"https:\/\/www.makitamarket.com.tr\/site\/wp-json\/wp\/v2\/product_cat?post=8563"},{"taxonomy":"product_tag","embeddable":true,"href":"https:\/\/www.makitamarket.com.tr\/site\/wp-json\/wp\/v2\/product_tag?post=8563"}],"curies":[{"name":"wp","href":"https:\/\/api.w.org\/{rel}","templated":true}]}}