{"id":8568,"date":"2024-11-27T19:46:27","date_gmt":"2024-11-27T16:46:27","guid":{"rendered":"https:\/\/www.makitamarket.com.tr\/site\/urun\/makita-metal-kesme-makinasi-18v\/"},"modified":"2026-03-30T07:14:53","modified_gmt":"2026-03-30T04:14:53","slug":"makita-metal-kesme-makinasi-18v","status":"publish","type":"product","link":"https:\/\/www.makitamarket.com.tr\/site\/urun\/makita-metal-kesme-makinasi-18v\/","title":{"rendered":"Makita DPB182RTE METAL KESME MAK\u0130NASI 18V"},"content":{"rendered":"<p>Model DPB182RTE<\/p>\n<p>Metal Kesme<\/p>\n<p>18V \u2022 64 mm \u2022 3,2 m\/sn<\/p>\n<p><span style=\"color: rgb(0, 112, 192);\">K\u0131v\u0131lc\u0131m \u00e7\u0131karmadan metal kesme makinesi <\/span><\/p>\n<p>Metal, fiber takviyeli hortumlar ve di\u011fer benzeri malzemeleri kesmek i\u00e7in sa\u011flam al\u00fcminyum d\u00f6k\u00fcm \u00e7er\u00e7eveli kablosuz 18V \u015ferit testere. Kesme kapasitesi 64 x 64 mm&#8217;dir. Testere kesme ya\u011f\u0131 veya mumu olmadan \u00e7al\u0131\u015ft\u0131r\u0131l\u0131r. Entegre LED \u0131\u015f\u0131k g\u00f6r\u00fcn\u00fcrl\u00fc\u011f\u00fc art\u0131r\u0131r.<\/p>\n<p><span style=\"color: red;\">Kullan\u0131m amac\u0131:<\/span>Bu alet plastik ve demir malzemeleri kesmek amac\u0131yla kullan\u0131l\u0131r.<\/p>\n<p><u style=\"color: rgb(33, 37, 41);\">\u00d6zellikleri:<\/u><\/p>\n<p><span style=\"color: rgb(33, 37, 41);\">18V max Lithium-ion,\u00c7ift Ak\u00fcl\u00fc<\/span><\/p>\n<p>Ak\u00fcl\u00fc yap\u0131s\u0131 kullan\u0131c\u0131ya kablosuz kullan\u0131m imkan\u0131 sunar ve bu sayede kullan\u0131c\u0131lar geni\u015f alanlarda kablo s\u0131n\u0131rlamalar\u0131 olmadan rahat\u00e7a \u00e7al\u0131\u015fabilirler.<\/p>\n<p>Li-ion;Bataryan\u0131n daha verimli \u00e7al\u0131\u015fmas\u0131n\u0131 sa\u011flayan teknolojidir.<\/p>\n<ol>\n<li data-list=\"bullet\"><span class=\"ql-ui\" contenteditable=\"false\"><\/span>Led \u0131\u015f\u0131\u011f\u0131 vard\u0131r.<\/li>\n<\/ol>\n<p>Ambalaj i\u00e7eri\u011fi: \u00c7ift ak\u00fc, \u015farj cihaz\u0131, \u015ferit testere, anahtar<\/p>\n<table>\n<tr>\n<td>Kapasite<\/td>\n<td>Yuvarlak Par\u00e7a : 64mm, K\u00f6\u015feli Par\u00e7a: 64x64mm<\/td>\n<\/tr>\n<tr>\n<td>B\u0131\u00e7ak H\u0131z\u0131<\/td>\n<td>3.2 m\/sn.<\/td>\n<\/tr>\n<tr>\n<td>A\u011f\u0131rl\u0131k<\/td>\n<td>4.0 kg<\/td>\n<\/tr>\n<tr>\n<td>G\u00fc\u00e7-Kapasite<\/td>\n<td>18V\/5.0Ah\/Li-ion<\/td>\n<\/tr>\n<tr>\n<td>Ak\u00fc \/ \u015earj Cihaz\u0131<\/td>\n<td>BL1850B-DC18RC<\/td>\n<\/tr>\n<\/table>\n","protected":false},"excerpt":{"rendered":"<p>Model DPB182RTE<\/p>\n<p>Metal Kesme<\/p>\n<p>18V \u2022 64 mm \u2022 3,2 m\/sn<\/p>\n<p><span style=\"color: rgb(0, 112, 192);\">K\u0131v\u0131lc\u0131m \u00e7\u0131karmadan metal kesme makinesi <\/span><\/p>\n<p>Metal, fiber takviyeli hortumlar ve di\u011fer benzeri malzemeleri kesmek i\u00e7in sa\u011flam al\u00fcminyum d\u00f6k\u00fcm \u00e7er\u00e7eveli kablosuz 18V \u015ferit testere. Kesme kapasitesi 64 x 64 mm&#8217;dir. Testere kesme ya\u011f\u0131 veya mumu olmadan \u00e7al\u0131\u015ft\u0131r\u0131l\u0131r. Entegre LED \u0131\u015f\u0131k g\u00f6r\u00fcn\u00fcrl\u00fc\u011f\u00fc art\u0131r\u0131r.<\/p>\n<p><span style=\"color: red;\">Kullan\u0131m amac\u0131:<\/span>Bu alet plastik ve demir malzemeleri kesmek amac\u0131yla kullan\u0131l\u0131r.<\/p>\n<p><u style=\"color: rgb(33, 37, 41);\">\u00d6zellikleri:<\/u><\/p>\n<p><span style=\"color: rgb(33, 37, 41);\">18V max Lithium-ion,\u00c7ift Ak\u00fcl\u00fc<\/span><\/p>\n<p>Ak\u00fcl\u00fc yap\u0131s\u0131 kullan\u0131c\u0131ya kablosuz kullan\u0131m imkan\u0131 sunar ve bu sayede kullan\u0131c\u0131lar geni\u015f alanlarda kablo s\u0131n\u0131rlamalar\u0131 olmadan rahat\u00e7a \u00e7al\u0131\u015fabilirler.<\/p>\n<p>Li-ion;Bataryan\u0131n daha verimli \u00e7al\u0131\u015fmas\u0131n\u0131 sa\u011flayan teknolojidir.<\/p>\n<ol>\n<li data-list=\"bullet\"><span class=\"ql-ui\" contenteditable=\"false\"><\/span>Led \u0131\u015f\u0131\u011f\u0131 vard\u0131r.<\/li>\n<\/ol>\n<p>Ambalaj i\u00e7eri\u011fi: \u00c7ift ak\u00fc, \u015farj cihaz\u0131, \u015ferit testere, anahtar<\/p>\n","protected":false},"featured_media":8640,"comment_status":"open","ping_status":"closed","template":"","meta":{"_acf_changed":false},"product_brand":[1485],"product_cat":[755],"product_tag":[],"class_list":{"0":"post-8568","1":"product","2":"type-product","3":"status-publish","4":"has-post-thumbnail","6":"product_brand-makita","7":"product_cat-18-volt","9":"first","10":"instock","11":"taxable","12":"shipping-taxable","13":"purchasable","14":"product-type-simple","15":"add-to-wishlist-after_add_to_cart"},"acf":[],"_links":{"self":[{"href":"https:\/\/www.makitamarket.com.tr\/site\/wp-json\/wp\/v2\/product\/8568","targetHints":{"allow":["GET"]}}],"collection":[{"href":"https:\/\/www.makitamarket.com.tr\/site\/wp-json\/wp\/v2\/product"}],"about":[{"href":"https:\/\/www.makitamarket.com.tr\/site\/wp-json\/wp\/v2\/types\/product"}],"replies":[{"embeddable":true,"href":"https:\/\/www.makitamarket.com.tr\/site\/wp-json\/wp\/v2\/comments?post=8568"}],"wp:featuredmedia":[{"embeddable":true,"href":"https:\/\/www.makitamarket.com.tr\/site\/wp-json\/wp\/v2\/media\/8640"}],"wp:attachment":[{"href":"https:\/\/www.makitamarket.com.tr\/site\/wp-json\/wp\/v2\/media?parent=8568"}],"wp:term":[{"taxonomy":"product_brand","embeddable":true,"href":"https:\/\/www.makitamarket.com.tr\/site\/wp-json\/wp\/v2\/product_brand?post=8568"},{"taxonomy":"product_cat","embeddable":true,"href":"https:\/\/www.makitamarket.com.tr\/site\/wp-json\/wp\/v2\/product_cat?post=8568"},{"taxonomy":"product_tag","embeddable":true,"href":"https:\/\/www.makitamarket.com.tr\/site\/wp-json\/wp\/v2\/product_tag?post=8568"}],"curies":[{"name":"wp","href":"https:\/\/api.w.org\/{rel}","templated":true}]}}