{"id":8583,"date":"2024-11-27T19:46:40","date_gmt":"2024-11-27T16:46:40","guid":{"rendered":"https:\/\/www.makitamarket.com.tr\/site\/urun\/kama-by-reis-yuksek-basincli-dizel-motopomp-50-2\/"},"modified":"2026-04-06T12:21:10","modified_gmt":"2026-04-06T09:21:10","slug":"kama-by-reis-yuksek-basincli-dizel-motopomp-50-2","status":"publish","type":"product","link":"https:\/\/www.makitamarket.com.tr\/site\/urun\/kama-by-reis-yuksek-basincli-dizel-motopomp-50-2\/","title":{"rendered":"Kama By Reis KDL20HPE Y\u00dcKSEK BASIN\u00c7LI D\u0130ZEL MOTOPOMP 50\/2&#8243;"},"content":{"rendered":"<p>\u00dcr\u00fcn Ak\u00fcs\u00fczd\u00fcr.<\/p>\n<table>\n<tr>\n<td>Giri\u015f &#8211;  \u00c7\u0131k\u0131\u015f \u00c7ap\u0131 \/ mm \/ inch (&#8220;)<\/td>\n<td>50 \/ 2.0<\/td>\n<\/tr>\n<tr>\n<td>Max. Basma Y\u00fcksekli\u011fi (m)<\/td>\n<td>55 m<\/td>\n<\/tr>\n<tr>\n<td>Maksimum Debi (m3\/h)<\/td>\n<td>20<\/td>\n<\/tr>\n<tr>\n<td>Max. Emme Derinli\u011fi (m)<\/td>\n<td>8 m<\/td>\n<\/tr>\n<tr>\n<td>Motor<\/td>\n<td>4 Zamanl\u0131 1 silindirli Hava so\u011futmal\u0131 Direk Enjeksiyonlu<\/td>\n<\/tr>\n<tr>\n<td>Motor tipi<\/td>\n<td>178 F<\/td>\n<\/tr>\n<tr>\n<td>Motor G\u00fcc\u00fc (HP)<\/td>\n<td>7<\/td>\n<\/tr>\n<tr>\n<td>Yak\u0131t Cinsi<\/td>\n<td>Euro Dizel<\/td>\n<\/tr>\n<tr>\n<td>\u00c7al\u0131\u015ft\u0131rma \u015eekli<\/td>\n<td>\u0130pli \/ Mar\u015fl\u0131<\/td>\n<\/tr>\n<tr>\n<td>Yak\u0131t Kapasitesi (Lt)<\/td>\n<td>3.5 lt<\/td>\n<\/tr>\n<tr>\n<td>Ya\u011f Kapasitesi ( Lt )<\/td>\n<td>1,1<\/td>\n<\/tr>\n<tr>\n<td>Boyutlar (UxGxY)(mm)<\/td>\n<td>540x440x540<\/td>\n<\/tr>\n<tr>\n<td>A\u011f\u0131rl\u0131k  (Kg)<\/td>\n<td>53<\/td>\n<\/tr>\n<\/table>\n","protected":false},"excerpt":{"rendered":"<p>\u00dcr\u00fcn Ak\u00fcs\u00fczd\u00fcr.<\/p>\n","protected":false},"featured_media":8582,"comment_status":"open","ping_status":"closed","template":"","meta":{"_acf_changed":false},"product_brand":[1500],"product_cat":[865],"product_tag":[],"class_list":{"0":"post-8583","1":"product","2":"type-product","3":"status-publish","4":"has-post-thumbnail","6":"product_brand-kama-by-reis","7":"product_cat-dizel","9":"first","10":"instock","11":"taxable","12":"shipping-taxable","13":"purchasable","14":"product-type-simple","15":"add-to-wishlist-after_add_to_cart"},"acf":[],"_links":{"self":[{"href":"https:\/\/www.makitamarket.com.tr\/site\/wp-json\/wp\/v2\/product\/8583","targetHints":{"allow":["GET"]}}],"collection":[{"href":"https:\/\/www.makitamarket.com.tr\/site\/wp-json\/wp\/v2\/product"}],"about":[{"href":"https:\/\/www.makitamarket.com.tr\/site\/wp-json\/wp\/v2\/types\/product"}],"replies":[{"embeddable":true,"href":"https:\/\/www.makitamarket.com.tr\/site\/wp-json\/wp\/v2\/comments?post=8583"}],"wp:featuredmedia":[{"embeddable":true,"href":"https:\/\/www.makitamarket.com.tr\/site\/wp-json\/wp\/v2\/media\/8582"}],"wp:attachment":[{"href":"https:\/\/www.makitamarket.com.tr\/site\/wp-json\/wp\/v2\/media?parent=8583"}],"wp:term":[{"taxonomy":"product_brand","embeddable":true,"href":"https:\/\/www.makitamarket.com.tr\/site\/wp-json\/wp\/v2\/product_brand?post=8583"},{"taxonomy":"product_cat","embeddable":true,"href":"https:\/\/www.makitamarket.com.tr\/site\/wp-json\/wp\/v2\/product_cat?post=8583"},{"taxonomy":"product_tag","embeddable":true,"href":"https:\/\/www.makitamarket.com.tr\/site\/wp-json\/wp\/v2\/product_tag?post=8583"}],"curies":[{"name":"wp","href":"https:\/\/api.w.org\/{rel}","templated":true}]}}