{"id":8590,"date":"2024-11-27T19:46:47","date_gmt":"2024-11-27T16:46:47","guid":{"rendered":"https:\/\/www.makitamarket.com.tr\/site\/urun\/bea-bea-cn-40-668-e-beton-gaz-tuplu-civi-tabancasi\/"},"modified":"2026-04-06T12:21:12","modified_gmt":"2026-04-06T09:21:12","slug":"bea-bea-cn-40-668-e-beton-gaz-tuplu-civi-tabancasi","status":"publish","type":"product","link":"https:\/\/www.makitamarket.com.tr\/site\/urun\/bea-bea-cn-40-668-e-beton-gaz-tuplu-civi-tabancasi\/","title":{"rendered":"Bea CN40-668E BEA CN 40 &#8211; 668 E BETON GAZ T\u00dcPL\u00dc \u00c7\u0130V\u0130 TABANCASI"},"content":{"rendered":"<div>\n\t<strong>\u2022\u00a0<\/strong>Tamir i\u015flerinde,Metal \u00e7ivileri tu\u011flaya,beton,\u00e7elik kiri\u015fleri,metalden metale,ah\u015faptan betona,\u00e7eli\u011fe \u00e7akma i\u015flerinde kullan\u0131l\u0131r.<\/div>\n<table>\n<tr>\n<td>Magazin Tipi<\/td>\n<td>Arkadan doldurma<\/td>\n<\/tr>\n<tr>\n<td>Magazin Kapasitesi<\/td>\n<td>40 \u00c7ivi<\/td>\n<\/tr>\n<tr>\n<td>A\u011f\u0131rl\u0131k<\/td>\n<td>3.8 kg<\/td>\n<\/tr>\n<tr>\n<td>Saat ba\u015f\u0131na maks. at\u0131m kapasitesi<\/td>\n<td>1000 \u00e7ivi<\/td>\n<\/tr>\n<tr>\n<td>Ak\u00fc kullan\u0131m kapasitesi<\/td>\n<td>4.000 at\u0131m Full \u015earj<\/td>\n<\/tr>\n<tr>\n<td>Ses seviyesi<\/td>\n<td>100 dBa<\/td>\n<\/tr>\n<tr>\n<td>Z\u0131mba Teli<\/td>\n<td>CN tipi Gazl\u0131 beton \u00e7ivileri 15-40mm ayak uzunlu\u011fu<\/td>\n<\/tr>\n<\/table>\n","protected":false},"excerpt":{"rendered":"<div>\n\t<strong>\u2022\u00a0<\/strong>Tamir i\u015flerinde,Metal \u00e7ivileri tu\u011flaya,beton,\u00e7elik kiri\u015fleri,metalden metale,ah\u015faptan betona,\u00e7eli\u011fe \u00e7akma i\u015flerinde kullan\u0131l\u0131r.<\/div>\n","protected":false},"featured_media":8589,"comment_status":"open","ping_status":"closed","template":"","meta":{"_acf_changed":false},"product_brand":[1508],"product_cat":[875],"product_tag":[],"class_list":{"0":"post-8590","1":"product","2":"type-product","3":"status-publish","4":"has-post-thumbnail","6":"product_brand-bea","7":"product_cat-beton-civi-cakma-tabancalari","9":"first","10":"outofstock","11":"taxable","12":"shipping-taxable","13":"purchasable","14":"product-type-simple","15":"add-to-wishlist-after_add_to_cart"},"acf":[],"_links":{"self":[{"href":"https:\/\/www.makitamarket.com.tr\/site\/wp-json\/wp\/v2\/product\/8590","targetHints":{"allow":["GET"]}}],"collection":[{"href":"https:\/\/www.makitamarket.com.tr\/site\/wp-json\/wp\/v2\/product"}],"about":[{"href":"https:\/\/www.makitamarket.com.tr\/site\/wp-json\/wp\/v2\/types\/product"}],"replies":[{"embeddable":true,"href":"https:\/\/www.makitamarket.com.tr\/site\/wp-json\/wp\/v2\/comments?post=8590"}],"wp:featuredmedia":[{"embeddable":true,"href":"https:\/\/www.makitamarket.com.tr\/site\/wp-json\/wp\/v2\/media\/8589"}],"wp:attachment":[{"href":"https:\/\/www.makitamarket.com.tr\/site\/wp-json\/wp\/v2\/media?parent=8590"}],"wp:term":[{"taxonomy":"product_brand","embeddable":true,"href":"https:\/\/www.makitamarket.com.tr\/site\/wp-json\/wp\/v2\/product_brand?post=8590"},{"taxonomy":"product_cat","embeddable":true,"href":"https:\/\/www.makitamarket.com.tr\/site\/wp-json\/wp\/v2\/product_cat?post=8590"},{"taxonomy":"product_tag","embeddable":true,"href":"https:\/\/www.makitamarket.com.tr\/site\/wp-json\/wp\/v2\/product_tag?post=8590"}],"curies":[{"name":"wp","href":"https:\/\/api.w.org\/{rel}","templated":true}]}}