{"id":8605,"date":"2024-11-27T19:46:51","date_gmt":"2024-11-27T16:46:51","guid":{"rendered":"https:\/\/www.makitamarket.com.tr\/site\/urun\/biglift-uzun-transpalet\/"},"modified":"2026-03-30T07:17:37","modified_gmt":"2026-03-30T04:17:37","slug":"biglift-uzun-transpalet","status":"publish","type":"product","link":"https:\/\/www.makitamarket.com.tr\/site\/urun\/biglift-uzun-transpalet\/","title":{"rendered":"Biglift RM-ACL20-15 UZUN TRANSPALET"},"content":{"rendered":"<p>2000 kg kald\u0131rma kapasitesiyle b\u00fcy\u00fck ve uzun paletlerin ta\u015f\u0131nmas\u0131 i\u00e7in ideal bir \u00e7\u00f6z\u00fcmd\u00fcr. \u00c7atal boyu 1500 mm olan bu transpaletler uzun yap\u0131s\u0131na ra\u011fmen dar alanlarda rahat\u00e7a manevra yapabilir, kolay kullan\u0131m sunar.Y\u00fcksek kaliteli poli\u00fcretan tekerlekler, her t\u00fcrl\u00fc zeminde rahat hareket etmeyi sa\u011flar.<\/p>\n<table>\n<tr>\n<td>Kald\u0131rma Kapasitesi<\/td>\n<td>2000<\/td>\n<\/tr>\n<tr>\n<td>Min \u00c7atal Y\u00fcksekli\u011fi<\/td>\n<td>85<\/td>\n<\/tr>\n<tr>\n<td>Max \u00c7atal Y\u00fcksekli\u011fi<\/td>\n<td>200<\/td>\n<\/tr>\n<tr>\n<td>Y\u00f6n Tekerle\u011fi<\/td>\n<td>200&#215;50<\/td>\n<\/tr>\n<tr>\n<td>Y\u00fck Tekerle\u011fi<\/td>\n<td>82&#215;70<\/td>\n<\/tr>\n<tr>\n<td>\u00c7atal Boyu<\/td>\n<td>1500<\/td>\n<\/tr>\n<tr>\n<td>\u00c7atal \u00d6l\u00e7\u00fcs\u00fc<\/td>\n<td>160&#215;60<\/td>\n<\/tr>\n<tr>\n<td>\u00c7atal Geni\u015fli\u011fi<\/td>\n<td>540<\/td>\n<\/tr>\n<\/table>\n","protected":false},"excerpt":{"rendered":"<p>2000 kg kald\u0131rma kapasitesiyle b\u00fcy\u00fck ve uzun paletlerin ta\u015f\u0131nmas\u0131 i\u00e7in ideal bir \u00e7\u00f6z\u00fcmd\u00fcr. \u00c7atal boyu 1500 mm olan bu transpaletler uzun yap\u0131s\u0131na ra\u011fmen dar alanlarda rahat\u00e7a manevra yapabilir, kolay kullan\u0131m sunar.Y\u00fcksek kaliteli poli\u00fcretan tekerlekler, her t\u00fcrl\u00fc zeminde rahat hareket etmeyi sa\u011flar.<\/p>\n","protected":false},"featured_media":8764,"comment_status":"open","ping_status":"closed","template":"","meta":{"_acf_changed":false},"product_brand":[1490],"product_cat":[746],"product_tag":[],"class_list":{"0":"post-8605","1":"product","2":"type-product","3":"status-publish","4":"has-post-thumbnail","6":"product_brand-biglift","7":"product_cat-transpaletler","9":"first","10":"instock","11":"taxable","12":"shipping-taxable","13":"purchasable","14":"product-type-simple","15":"add-to-wishlist-after_add_to_cart"},"acf":[],"_links":{"self":[{"href":"https:\/\/www.makitamarket.com.tr\/site\/wp-json\/wp\/v2\/product\/8605","targetHints":{"allow":["GET"]}}],"collection":[{"href":"https:\/\/www.makitamarket.com.tr\/site\/wp-json\/wp\/v2\/product"}],"about":[{"href":"https:\/\/www.makitamarket.com.tr\/site\/wp-json\/wp\/v2\/types\/product"}],"replies":[{"embeddable":true,"href":"https:\/\/www.makitamarket.com.tr\/site\/wp-json\/wp\/v2\/comments?post=8605"}],"wp:featuredmedia":[{"embeddable":true,"href":"https:\/\/www.makitamarket.com.tr\/site\/wp-json\/wp\/v2\/media\/8764"}],"wp:attachment":[{"href":"https:\/\/www.makitamarket.com.tr\/site\/wp-json\/wp\/v2\/media?parent=8605"}],"wp:term":[{"taxonomy":"product_brand","embeddable":true,"href":"https:\/\/www.makitamarket.com.tr\/site\/wp-json\/wp\/v2\/product_brand?post=8605"},{"taxonomy":"product_cat","embeddable":true,"href":"https:\/\/www.makitamarket.com.tr\/site\/wp-json\/wp\/v2\/product_cat?post=8605"},{"taxonomy":"product_tag","embeddable":true,"href":"https:\/\/www.makitamarket.com.tr\/site\/wp-json\/wp\/v2\/product_tag?post=8605"}],"curies":[{"name":"wp","href":"https:\/\/api.w.org\/{rel}","templated":true}]}}