{"id":8656,"date":"2024-11-27T19:47:24","date_gmt":"2024-11-27T16:47:24","guid":{"rendered":"https:\/\/www.makitamarket.com.tr\/site\/urun\/biglift-platform-1000-kg\/"},"modified":"2026-03-30T11:23:22","modified_gmt":"2026-03-30T08:23:22","slug":"biglift-platform-1000-kg","status":"publish","type":"product","link":"https:\/\/www.makitamarket.com.tr\/site\/urun\/biglift-platform-1000-kg\/","title":{"rendered":"Biglift RM-TF100 PLATFORM 1000 kg"},"content":{"rendered":"<p>1000 kg kald\u0131rma kapasitesi ve kol y\u00fcksekli\u011fi 1000 mm ile daha a\u011f\u0131r y\u00fcklerin ta\u015f\u0131nmas\u0131 ve ve kald\u0131rmas\u0131nda kolayl\u0131k sa\u011flar. Depolar, fabrikalar, in\u015faat sahalar\u0131, lojistik merkezleri gibi bir\u00e7ok alanda kullan\u0131labilir. Kolayca monte edilip demonte edilmesi ta\u015f\u0131nabilirli\u011fi ve esnekli\u011fi art\u0131rmaktad\u0131r.<\/p>\n<table>\n<tr>\n<td>Kald\u0131rma Kapasitesi<\/td>\n<td>1000<\/td>\n<\/tr>\n<tr>\n<td>Min \u00c7atal Y\u00fcksekli\u011fi<\/td>\n<td>380<\/td>\n<\/tr>\n<tr>\n<td>Max \u00c7atal Y\u00fcksekli\u011fi<\/td>\n<td>990<\/td>\n<\/tr>\n<tr>\n<td>Teker \u00d6l\u00e7\u00fcleri<\/td>\n<td>\u00d8125&#215;50<\/td>\n<\/tr>\n<tr>\n<td>Kol Y\u00fcksekli\u011fi<\/td>\n<td>980<\/td>\n<\/tr>\n<tr>\n<td>A\u011f\u0131rl\u0131k<\/td>\n<td>140<\/td>\n<\/tr>\n<tr>\n<td>Max.Y\u00fck. \u0130\u00e7in Kal.<\/td>\n<td><82<\/td>\n<\/tr>\n<tr>\n<td>Tabla \u00d6l\u00e7\u00fcleri<\/td>\n<td>1016x510x55 mm<\/td>\n<\/tr>\n<\/table>\n","protected":false},"excerpt":{"rendered":"<p>1000 kg kald\u0131rma kapasitesi ve kol y\u00fcksekli\u011fi 1000 mm ile daha a\u011f\u0131r y\u00fcklerin ta\u015f\u0131nmas\u0131 ve ve kald\u0131rmas\u0131nda kolayl\u0131k sa\u011flar. Depolar, fabrikalar, in\u015faat sahalar\u0131, lojistik merkezleri gibi bir\u00e7ok alanda kullan\u0131labilir. Kolayca monte edilip demonte edilmesi ta\u015f\u0131nabilirli\u011fi ve esnekli\u011fi art\u0131rmaktad\u0131r.<\/p>\n","protected":false},"featured_media":8655,"comment_status":"open","ping_status":"closed","template":"","meta":{"_acf_changed":false},"product_brand":[1490],"product_cat":[830],"product_tag":[],"class_list":{"0":"post-8656","1":"product","2":"type-product","3":"status-publish","4":"has-post-thumbnail","6":"product_brand-biglift","7":"product_cat-platformlar","9":"first","10":"outofstock","11":"taxable","12":"shipping-taxable","13":"purchasable","14":"product-type-simple","15":"add-to-wishlist-after_add_to_cart"},"acf":[],"_links":{"self":[{"href":"https:\/\/www.makitamarket.com.tr\/site\/wp-json\/wp\/v2\/product\/8656","targetHints":{"allow":["GET"]}}],"collection":[{"href":"https:\/\/www.makitamarket.com.tr\/site\/wp-json\/wp\/v2\/product"}],"about":[{"href":"https:\/\/www.makitamarket.com.tr\/site\/wp-json\/wp\/v2\/types\/product"}],"replies":[{"embeddable":true,"href":"https:\/\/www.makitamarket.com.tr\/site\/wp-json\/wp\/v2\/comments?post=8656"}],"wp:featuredmedia":[{"embeddable":true,"href":"https:\/\/www.makitamarket.com.tr\/site\/wp-json\/wp\/v2\/media\/8655"}],"wp:attachment":[{"href":"https:\/\/www.makitamarket.com.tr\/site\/wp-json\/wp\/v2\/media?parent=8656"}],"wp:term":[{"taxonomy":"product_brand","embeddable":true,"href":"https:\/\/www.makitamarket.com.tr\/site\/wp-json\/wp\/v2\/product_brand?post=8656"},{"taxonomy":"product_cat","embeddable":true,"href":"https:\/\/www.makitamarket.com.tr\/site\/wp-json\/wp\/v2\/product_cat?post=8656"},{"taxonomy":"product_tag","embeddable":true,"href":"https:\/\/www.makitamarket.com.tr\/site\/wp-json\/wp\/v2\/product_tag?post=8656"}],"curies":[{"name":"wp","href":"https:\/\/api.w.org\/{rel}","templated":true}]}}