{"id":8658,"date":"2024-11-27T19:47:24","date_gmt":"2024-11-27T16:47:24","guid":{"rendered":"https:\/\/www.makitamarket.com.tr\/site\/urun\/makita-serit-zimpara-makinasi-18v\/"},"modified":"2026-04-06T12:22:54","modified_gmt":"2026-04-06T09:22:54","slug":"makita-serit-zimpara-makinasi-18v","status":"publish","type":"product","link":"https:\/\/www.makitamarket.com.tr\/site\/urun\/makita-serit-zimpara-makinasi-18v\/","title":{"rendered":"Makita DBS180RTJ \u015eER\u0130T ZIMPARA MAK\u0130NASI 18V"},"content":{"rendered":"<p>Model DBS180RTJ<\/p>\n<p>\u015eerit Z\u0131mpara Makinas\u0131<\/p>\n<p>18V \u2022 600 \u2013 1.700 m\/dak \u2022 9 mm<\/p>\n<p><span style=\"color: rgb(0, 112, 192);\">Ayr\u0131nt\u0131l\u0131 \u00e7al\u0131\u015fmalar \u015ferit z\u0131mpara makinas\u0131<\/span><\/p>\n<p>18V LXT\u00aeak\u00fc ile \u00e7al\u0131\u015fan hafif ve kullan\u0131m\u0131 kolay \u015ferit z\u0131mpara makinesi. Dakikada 600-1700 bo\u015fta devire sahiptir.\u015eerit geni\u015fli\u011fi 6-9-13mm ve uzunlu\u011fu 533mm \u00f6l\u00e7\u00fclerine sahiptir.<\/p>\n<p><span style=\"color: red;\">Kullan\u0131m amac\u0131: <\/span>Bu alet ah\u015fap,plastik ve metal malzemelerin geni\u015f y\u00fczeyleriyle boyal\u0131 y\u00fczeylerin z\u0131mparalanmas\u0131 amac\u0131yla kullan\u0131l\u0131r.<\/p>\n<p><u style=\"color: rgb(33, 37, 41);\">\u00d6zellikleri:<\/u><\/p>\n<p><span style=\"background-color: white; color: rgb(33, 37, 41);\">18V max Lithium-ion,BL MOTOR,\u00c7ift Ak\u00fcl\u00fc<\/span><\/p>\n<p>Ak\u00fcl\u00fc yap\u0131s\u0131 kullan\u0131c\u0131ya kablosuz kullan\u0131m imkan\u0131 sunar ve bu sayede kullan\u0131c\u0131lar geni\u015f alanlarda kablo s\u0131n\u0131rlamalar\u0131 olmadan rahat\u00e7a \u00e7al\u0131\u015fabilirler.<\/p>\n<p>Li-ion;Bataryan\u0131n daha verimli \u00e7al\u0131\u015fmas\u0131n\u0131 sa\u011flayan teknolojidir.<\/p>\n<p>BL Motor\/K\u00f6m\u00fcrs\u00fcz Motor mevcuttur. K\u00f6m\u00fcrs\u00fcz motor sayesinde \u00e7al\u0131\u015fma esnas\u0131nda olu\u015fan \u0131s\u0131 enerjisi kaybolmaz ve makinenin g\u00fcc\u00fcne iletilir.<\/p>\n<ol>\n<li data-list=\"bullet\"><span class=\"ql-ui\" contenteditable=\"false\"><\/span>De\u011fi\u015fken h\u0131z \u00f6zelli\u011fine sahiptir.<\/li>\n<li data-list=\"bullet\"><span class=\"ql-ui\" contenteditable=\"false\"><\/span>Elektrik freni mevcuttur.<\/li>\n<li data-list=\"bullet\"><span class=\"ql-ui\" contenteditable=\"false\"><\/span>Toz emme \u00fcnitesi mevcuttur.<\/li>\n<li data-list=\"bullet\"><span class=\"ql-ui\" contenteditable=\"false\"><\/span><span style=\"color: rgb(33, 37, 41);\">Plastik ta\u015f\u0131ma \u00e7antal\u0131d\u0131r.<\/span><\/li>\n<li data-list=\"bullet\"><span class=\"ql-ui\" contenteditable=\"false\"><\/span><span style=\"color: rgb(33, 37, 41);\">Led \u0131\u015f\u0131\u011f\u0131 vard\u0131r.<\/span><\/li>\n<\/ol>\n<p>Ambalaj i\u00e7eri\u011fi: \u015eerit z\u0131mpara, tutma sap\u0131, \u00e7ift ak\u00fc, \u015farj cihaz\u0131<\/p>\n<table>\n<tr>\n<td>Net A\u011f\u0131rl\u0131k<\/td>\n<td>1.8kg<\/td>\n<\/tr>\n<tr>\n<td>G\u00fc\u00e7-Kapasite<\/td>\n<td>18V\/5.0Ah\/Li-ion<\/td>\n<\/tr>\n<tr>\n<td>Ak\u00fc \/ \u015earj Cihaz\u0131<\/td>\n<td>BL1850B-DC18RC<\/td>\n<\/tr>\n<tr>\n<td>Bo\u015ftaki devir say\u0131s\u0131<\/td>\n<td>300-1700 d\/dk<\/td>\n<\/tr>\n<tr>\n<td>\u015eerit Boyutlar\u0131<\/td>\n<td>Geni\u015flik: 6-13mm, Uzunluk: 533 mm<\/td>\n<\/tr>\n<\/table>\n","protected":false},"excerpt":{"rendered":"<p>Model DBS180RTJ<\/p>\n<p>\u015eerit Z\u0131mpara Makinas\u0131<\/p>\n<p>18V \u2022 600 \u2013 1.700 m\/dak \u2022 9 mm<\/p>\n<p><span style=\"color: rgb(0, 112, 192);\">Ayr\u0131nt\u0131l\u0131 \u00e7al\u0131\u015fmalar \u015ferit z\u0131mpara makinas\u0131<\/span><\/p>\n<p>18V LXT\u00aeak\u00fc ile \u00e7al\u0131\u015fan hafif ve kullan\u0131m\u0131 kolay \u015ferit z\u0131mpara makinesi. Dakikada 600-1700 bo\u015fta devire sahiptir.\u015eerit geni\u015fli\u011fi 6-9-13mm ve uzunlu\u011fu 533mm \u00f6l\u00e7\u00fclerine sahiptir.<\/p>\n<p><span style=\"color: red;\">Kullan\u0131m amac\u0131: <\/span>Bu alet ah\u015fap,plastik ve metal malzemelerin geni\u015f y\u00fczeyleriyle boyal\u0131 y\u00fczeylerin z\u0131mparalanmas\u0131 amac\u0131yla kullan\u0131l\u0131r.<\/p>\n<p><u style=\"color: rgb(33, 37, 41);\">\u00d6zellikleri:<\/u><\/p>\n<p><span style=\"background-color: white; color: rgb(33, 37, 41);\">18V max Lithium-ion,BL MOTOR,\u00c7ift Ak\u00fcl\u00fc<\/span><\/p>\n<p>Ak\u00fcl\u00fc yap\u0131s\u0131 kullan\u0131c\u0131ya kablosuz kullan\u0131m imkan\u0131 sunar ve bu sayede kullan\u0131c\u0131lar geni\u015f alanlarda kablo s\u0131n\u0131rlamalar\u0131 olmadan rahat\u00e7a \u00e7al\u0131\u015fabilirler.<\/p>\n<p>Li-ion;Bataryan\u0131n daha verimli \u00e7al\u0131\u015fmas\u0131n\u0131 sa\u011flayan teknolojidir.<\/p>\n<p>BL Motor\/K\u00f6m\u00fcrs\u00fcz Motor mevcuttur. K\u00f6m\u00fcrs\u00fcz motor sayesinde \u00e7al\u0131\u015fma esnas\u0131nda olu\u015fan \u0131s\u0131 enerjisi kaybolmaz ve makinenin g\u00fcc\u00fcne iletilir.<\/p>\n<ol>\n<li data-list=\"bullet\"><span class=\"ql-ui\" contenteditable=\"false\"><\/span>De\u011fi\u015fken h\u0131z \u00f6zelli\u011fine sahiptir.<\/li>\n<li data-list=\"bullet\"><span class=\"ql-ui\" contenteditable=\"false\"><\/span>Elektrik freni mevcuttur.<\/li>\n<li data-list=\"bullet\"><span class=\"ql-ui\" contenteditable=\"false\"><\/span>Toz emme \u00fcnitesi mevcuttur.<\/li>\n<li data-list=\"bullet\"><span class=\"ql-ui\" contenteditable=\"false\"><\/span><span style=\"color: rgb(33, 37, 41);\">Plastik ta\u015f\u0131ma \u00e7antal\u0131d\u0131r.<\/span><\/li>\n<li data-list=\"bullet\"><span class=\"ql-ui\" contenteditable=\"false\"><\/span><span style=\"color: rgb(33, 37, 41);\">Led \u0131\u015f\u0131\u011f\u0131 vard\u0131r.<\/span><\/li>\n<\/ol>\n<p>Ambalaj i\u00e7eri\u011fi: \u015eerit z\u0131mpara, tutma sap\u0131, \u00e7ift ak\u00fc, \u015farj cihaz\u0131<\/p>\n","protected":false},"featured_media":8657,"comment_status":"open","ping_status":"closed","template":"","meta":{"_acf_changed":false},"product_brand":[1485],"product_cat":[755],"product_tag":[],"class_list":{"0":"post-8658","1":"product","2":"type-product","3":"status-publish","4":"has-post-thumbnail","6":"product_brand-makita","7":"product_cat-18-volt","9":"first","10":"instock","11":"taxable","12":"shipping-taxable","13":"purchasable","14":"product-type-simple","15":"add-to-wishlist-after_add_to_cart"},"acf":[],"_links":{"self":[{"href":"https:\/\/www.makitamarket.com.tr\/site\/wp-json\/wp\/v2\/product\/8658","targetHints":{"allow":["GET"]}}],"collection":[{"href":"https:\/\/www.makitamarket.com.tr\/site\/wp-json\/wp\/v2\/product"}],"about":[{"href":"https:\/\/www.makitamarket.com.tr\/site\/wp-json\/wp\/v2\/types\/product"}],"replies":[{"embeddable":true,"href":"https:\/\/www.makitamarket.com.tr\/site\/wp-json\/wp\/v2\/comments?post=8658"}],"wp:featuredmedia":[{"embeddable":true,"href":"https:\/\/www.makitamarket.com.tr\/site\/wp-json\/wp\/v2\/media\/8657"}],"wp:attachment":[{"href":"https:\/\/www.makitamarket.com.tr\/site\/wp-json\/wp\/v2\/media?parent=8658"}],"wp:term":[{"taxonomy":"product_brand","embeddable":true,"href":"https:\/\/www.makitamarket.com.tr\/site\/wp-json\/wp\/v2\/product_brand?post=8658"},{"taxonomy":"product_cat","embeddable":true,"href":"https:\/\/www.makitamarket.com.tr\/site\/wp-json\/wp\/v2\/product_cat?post=8658"},{"taxonomy":"product_tag","embeddable":true,"href":"https:\/\/www.makitamarket.com.tr\/site\/wp-json\/wp\/v2\/product_tag?post=8658"}],"curies":[{"name":"wp","href":"https:\/\/api.w.org\/{rel}","templated":true}]}}