{"id":8663,"date":"2024-11-27T19:47:29","date_gmt":"2024-11-27T16:47:29","guid":{"rendered":"https:\/\/www.makitamarket.com.tr\/site\/urun\/proxxon-proxxon-27040-dh-40-kalinlik-planyasi\/"},"modified":"2026-04-06T12:22:56","modified_gmt":"2026-04-06T09:22:56","slug":"proxxon-proxxon-27040-dh-40-kalinlik-planyasi","status":"publish","type":"product","link":"https:\/\/www.makitamarket.com.tr\/site\/urun\/proxxon-proxxon-27040-dh-40-kalinlik-planyasi\/","title":{"rendered":"Proxxon 27040 PROXXON 27040 DH 40 KALINLIK PLANYASI"},"content":{"rendered":"<div>\n\t<strong>Sevkiyat kapsam\u0131:<br \/>\n\t<\/strong><\/div>\n<div>\n\tMakina \u00fczerinde \u00e7ift b\u0131\u00e7ak bulunmaktad\u0131r.<\/div>\n<div>\n\t<strong>Uyumlu Aksesuarlar: <\/strong><\/div>\n<div>\n\t<strong>27042 <\/strong>HSS 82 mm b\u0131\u00e7aklar \u00e7ift tarafl\u0131<\/div>\n<table>\n<tr>\n<td>Maksimum G\u00fc\u00e7 Sarfiyat\u0131<\/td>\n<td>220-240V<\/td>\n<\/tr>\n<tr>\n<td>Devir<\/td>\n<td>6.000 d\/dak<\/td>\n<\/tr>\n<tr>\n<td>\u00d6l\u00e7\u00fc<\/td>\n<td>280x230x235mm<\/td>\n<\/tr>\n<tr>\n<td>A\u011f\u0131rl\u0131k<\/td>\n<td>8.0kg<\/td>\n<\/tr>\n<tr>\n<td>G\u00fc\u00e7<\/td>\n<td>200 W<\/td>\n<\/tr>\n<tr>\n<td>Palanya \u00d6l\u00e7\u00fcs\u00fc<\/td>\n<td>En : 80mm   Kal\u0131nl\u0131k : 40mm<\/td>\n<\/tr>\n<\/table>\n","protected":false},"excerpt":{"rendered":"<div>\n\t<strong>Sevkiyat kapsam\u0131:<br \/>\n\t<\/strong><\/div>\n<div>\n\tMakina \u00fczerinde \u00e7ift b\u0131\u00e7ak bulunmaktad\u0131r.<\/div>\n<div>\n\t<strong>Uyumlu Aksesuarlar: <\/strong><\/div>\n<div>\n\t<strong>27042 <\/strong>HSS 82 mm b\u0131\u00e7aklar \u00e7ift tarafl\u0131<\/div>\n","protected":false},"featured_media":8662,"comment_status":"open","ping_status":"closed","template":"","meta":{"_acf_changed":false},"product_brand":[1501],"product_cat":[1565],"product_tag":[],"class_list":{"0":"post-8663","1":"product","2":"type-product","3":"status-publish","4":"has-post-thumbnail","6":"product_brand-proxxon","7":"product_cat-yok-yok","9":"first","10":"instock","11":"taxable","12":"shipping-taxable","13":"purchasable","14":"product-type-simple","15":"add-to-wishlist-after_add_to_cart"},"acf":[],"_links":{"self":[{"href":"https:\/\/www.makitamarket.com.tr\/site\/wp-json\/wp\/v2\/product\/8663","targetHints":{"allow":["GET"]}}],"collection":[{"href":"https:\/\/www.makitamarket.com.tr\/site\/wp-json\/wp\/v2\/product"}],"about":[{"href":"https:\/\/www.makitamarket.com.tr\/site\/wp-json\/wp\/v2\/types\/product"}],"replies":[{"embeddable":true,"href":"https:\/\/www.makitamarket.com.tr\/site\/wp-json\/wp\/v2\/comments?post=8663"}],"wp:featuredmedia":[{"embeddable":true,"href":"https:\/\/www.makitamarket.com.tr\/site\/wp-json\/wp\/v2\/media\/8662"}],"wp:attachment":[{"href":"https:\/\/www.makitamarket.com.tr\/site\/wp-json\/wp\/v2\/media?parent=8663"}],"wp:term":[{"taxonomy":"product_brand","embeddable":true,"href":"https:\/\/www.makitamarket.com.tr\/site\/wp-json\/wp\/v2\/product_brand?post=8663"},{"taxonomy":"product_cat","embeddable":true,"href":"https:\/\/www.makitamarket.com.tr\/site\/wp-json\/wp\/v2\/product_cat?post=8663"},{"taxonomy":"product_tag","embeddable":true,"href":"https:\/\/www.makitamarket.com.tr\/site\/wp-json\/wp\/v2\/product_tag?post=8663"}],"curies":[{"name":"wp","href":"https:\/\/api.w.org\/{rel}","templated":true}]}}