{"id":8680,"date":"2024-11-27T19:47:41","date_gmt":"2024-11-27T16:47:41","guid":{"rendered":"https:\/\/www.makitamarket.com.tr\/site\/urun\/rapid-mekanik-cakma-tabancasi\/"},"modified":"2026-04-06T12:23:02","modified_gmt":"2026-04-06T09:23:02","slug":"rapid-mekanik-cakma-tabancasi","status":"publish","type":"product","link":"https:\/\/www.makitamarket.com.tr\/site\/urun\/rapid-mekanik-cakma-tabancasi\/","title":{"rendered":"Rapid MS4.1 MEKAN\u0130K \u00c7AKMA TABANCASI"},"content":{"rendered":"<div>\n\tD\u00f6rt i\u015flevi tek elde toplayan \u00e7ok y\u00f6nl\u00fc \u00e7\u00f6z\u00fcm. Basit bir ayarlama ile z\u0131mba tellerini, ba\u015fs\u0131z \u00e7ivileri veya kablo z\u0131mba tellerini \u00e7akmaya ba\u015flayabilir. Mobilya kuma\u015f\u0131 d\u00f6\u015feme, daha ince tahtalar, etekler ve al\u00e7ak gerilim kablolar\u0131 i\u00e7in ideal.<\/div>\n<div>\n\t\u2022 Z\u0131mba telleri, kablo z\u0131mba telleri, ba\u015fs\u0131z \u00e7iviler ve pimler i\u00e7in mini kartu\u015f.<\/div>\n<div>\n\t\u2022 \u0130ki basamakl\u0131 g\u00fc\u00e7 ayarlay\u0131c\u0131s\u0131 \u00e7e\u015fitli malzemelere yans\u0131mak ve kullan\u0131lan z\u0131mba telinin uzunlu\u011funu belirlemek \u00fczere ayarlanabilir.<\/div>\n<div>\n\t\u2022 K\u00f6\u015felere eri\u015fmek i\u00e7in f\u0131rlatma \u00e7\u0131k\u0131\u015f ucu<\/div>\n<div>\n\t\u2022 T\u00fcm\u00fcyle \u00e7elik a\u015f\u0131nan par\u00e7alar i\u00e7 taraftad\u0131r.<\/div>\n<div>\n\t\u2022 Kolay saklama i\u00e7in kilit i\u015flevli ergonomik sap.<\/div>\n<div>\n\t\u2022 3 y\u0131l garanti.\u00a0<\/div>\n<div>\n\tBa\u015fs\u0131z \u00c7ivi 8-15mm<\/div>\n<div>\n\tPin 9-15mm<\/div>\n<div>\n\tKablo 7-12-14mm<\/div>\n<div>\n\tZ\u0131mba 6-12mm<\/div>\n<div>\n\t53 serisi z\u0131mba teli\u00a0<\/div>\n<table><\/table>\n","protected":false},"excerpt":{"rendered":"<div>\n\tD\u00f6rt i\u015flevi tek elde toplayan \u00e7ok y\u00f6nl\u00fc \u00e7\u00f6z\u00fcm. Basit bir ayarlama ile z\u0131mba tellerini, ba\u015fs\u0131z \u00e7ivileri veya kablo z\u0131mba tellerini \u00e7akmaya ba\u015flayabilir. Mobilya kuma\u015f\u0131 d\u00f6\u015feme, daha ince tahtalar, etekler ve al\u00e7ak gerilim kablolar\u0131 i\u00e7in ideal.<\/div>\n<div>\n\t\u2022 Z\u0131mba telleri, kablo z\u0131mba telleri, ba\u015fs\u0131z \u00e7iviler ve pimler i\u00e7in mini kartu\u015f.<\/div>\n<div>\n\t\u2022 \u0130ki basamakl\u0131 g\u00fc\u00e7 ayarlay\u0131c\u0131s\u0131 \u00e7e\u015fitli malzemelere yans\u0131mak ve kullan\u0131lan z\u0131mba telinin uzunlu\u011funu belirlemek \u00fczere ayarlanabilir.<\/div>\n<div>\n\t\u2022 K\u00f6\u015felere eri\u015fmek i\u00e7in f\u0131rlatma \u00e7\u0131k\u0131\u015f ucu<\/div>\n<div>\n\t\u2022 T\u00fcm\u00fcyle \u00e7elik a\u015f\u0131nan par\u00e7alar i\u00e7 taraftad\u0131r.<\/div>\n<div>\n\t\u2022 Kolay saklama i\u00e7in kilit i\u015flevli ergonomik sap.<\/div>\n<div>\n\t\u2022 3 y\u0131l garanti.\u00a0<\/div>\n<div>\n\tBa\u015fs\u0131z \u00c7ivi 8-15mm<\/div>\n<div>\n\tPin 9-15mm<\/div>\n<div>\n\tKablo 7-12-14mm<\/div>\n<div>\n\tZ\u0131mba 6-12mm<\/div>\n<div>\n\t53 serisi z\u0131mba teli\u00a0<\/div>\n","protected":false},"featured_media":8679,"comment_status":"open","ping_status":"closed","template":"","meta":{"_acf_changed":false},"product_brand":[1491],"product_cat":[712],"product_tag":[],"class_list":{"0":"post-8680","1":"product","2":"type-product","3":"status-publish","4":"has-post-thumbnail","6":"product_brand-rapid","7":"product_cat-zimba-tabancalari","9":"first","10":"instock","11":"taxable","12":"shipping-taxable","13":"purchasable","14":"product-type-simple","15":"add-to-wishlist-after_add_to_cart"},"acf":[],"_links":{"self":[{"href":"https:\/\/www.makitamarket.com.tr\/site\/wp-json\/wp\/v2\/product\/8680","targetHints":{"allow":["GET"]}}],"collection":[{"href":"https:\/\/www.makitamarket.com.tr\/site\/wp-json\/wp\/v2\/product"}],"about":[{"href":"https:\/\/www.makitamarket.com.tr\/site\/wp-json\/wp\/v2\/types\/product"}],"replies":[{"embeddable":true,"href":"https:\/\/www.makitamarket.com.tr\/site\/wp-json\/wp\/v2\/comments?post=8680"}],"wp:featuredmedia":[{"embeddable":true,"href":"https:\/\/www.makitamarket.com.tr\/site\/wp-json\/wp\/v2\/media\/8679"}],"wp:attachment":[{"href":"https:\/\/www.makitamarket.com.tr\/site\/wp-json\/wp\/v2\/media?parent=8680"}],"wp:term":[{"taxonomy":"product_brand","embeddable":true,"href":"https:\/\/www.makitamarket.com.tr\/site\/wp-json\/wp\/v2\/product_brand?post=8680"},{"taxonomy":"product_cat","embeddable":true,"href":"https:\/\/www.makitamarket.com.tr\/site\/wp-json\/wp\/v2\/product_cat?post=8680"},{"taxonomy":"product_tag","embeddable":true,"href":"https:\/\/www.makitamarket.com.tr\/site\/wp-json\/wp\/v2\/product_tag?post=8680"}],"curies":[{"name":"wp","href":"https:\/\/api.w.org\/{rel}","templated":true}]}}