{"id":8686,"date":"2024-11-27T19:47:45","date_gmt":"2024-11-27T16:47:45","guid":{"rendered":"https:\/\/www.makitamarket.com.tr\/site\/urun\/knipex-celik-halat-ve-kablo-makasi-600-mm\/"},"modified":"2026-03-30T07:34:22","modified_gmt":"2026-03-30T04:34:22","slug":"knipex-celik-halat-ve-kablo-makasi-600-mm","status":"publish","type":"product","link":"https:\/\/www.makitamarket.com.tr\/site\/urun\/knipex-celik-halat-ve-kablo-makasi-600-mm\/","title":{"rendered":"Knipex 9579600 \u00c7EL\u0130K HALAT VE KABLO MAKASI 600 mm"},"content":{"rendered":"<p><b>95 79 600 95 71 600 \/ 95 77 600 i\u00e7in yedek b\u0131\u00e7ak kafas\u0131<\/b><br \/>\u00c7elik \u00e7ubuk ve tel kablo, bak\u0131r ve al\u00fcminyum kablolar i\u00e7in. Havai hat \u00e7elik halatlar\u0131n\u0131n kesilmesi i\u00e7in uygundur. A\u00e7\u0131l\u0131 kesici u\u00e7lar\u0131 sayesinde tek halat \u00e7ilelerinin kesilmesi m\u00fcmk\u00fcnd\u00fcr. Y\u00fcksek kesme performans\u0131 i\u00e7in optimum aktar\u0131m. De\u011fi\u015febilir d\u00f6v\u00fclm\u00fc\u015f b\u0131\u00e7a\u011f\u0131 ile. Hafif. <\/p>\n<table><\/table>\n","protected":false},"excerpt":{"rendered":"<p><b>95 79 600 95 71 600 \/ 95 77 600 i\u00e7in yedek b\u0131\u00e7ak kafas\u0131<\/b><br \/>\u00c7elik \u00e7ubuk ve tel kablo, bak\u0131r ve al\u00fcminyum kablolar i\u00e7in. Havai hat \u00e7elik halatlar\u0131n\u0131n kesilmesi i\u00e7in uygundur. A\u00e7\u0131l\u0131 kesici u\u00e7lar\u0131 sayesinde tek halat \u00e7ilelerinin kesilmesi m\u00fcmk\u00fcnd\u00fcr. Y\u00fcksek kesme performans\u0131 i\u00e7in optimum aktar\u0131m. De\u011fi\u015febilir d\u00f6v\u00fclm\u00fc\u015f b\u0131\u00e7a\u011f\u0131 ile. Hafif. <\/p>\n","protected":false},"featured_media":9708,"comment_status":"open","ping_status":"closed","template":"","meta":{"_acf_changed":false},"product_brand":[1486],"product_cat":[1565],"product_tag":[],"class_list":{"0":"post-8686","1":"product","2":"type-product","3":"status-publish","4":"has-post-thumbnail","6":"product_brand-knipex","7":"product_cat-yok-yok","9":"first","10":"instock","11":"taxable","12":"shipping-taxable","13":"purchasable","14":"product-type-simple","15":"add-to-wishlist-after_add_to_cart"},"acf":[],"_links":{"self":[{"href":"https:\/\/www.makitamarket.com.tr\/site\/wp-json\/wp\/v2\/product\/8686","targetHints":{"allow":["GET"]}}],"collection":[{"href":"https:\/\/www.makitamarket.com.tr\/site\/wp-json\/wp\/v2\/product"}],"about":[{"href":"https:\/\/www.makitamarket.com.tr\/site\/wp-json\/wp\/v2\/types\/product"}],"replies":[{"embeddable":true,"href":"https:\/\/www.makitamarket.com.tr\/site\/wp-json\/wp\/v2\/comments?post=8686"}],"wp:featuredmedia":[{"embeddable":true,"href":"https:\/\/www.makitamarket.com.tr\/site\/wp-json\/wp\/v2\/media\/9708"}],"wp:attachment":[{"href":"https:\/\/www.makitamarket.com.tr\/site\/wp-json\/wp\/v2\/media?parent=8686"}],"wp:term":[{"taxonomy":"product_brand","embeddable":true,"href":"https:\/\/www.makitamarket.com.tr\/site\/wp-json\/wp\/v2\/product_brand?post=8686"},{"taxonomy":"product_cat","embeddable":true,"href":"https:\/\/www.makitamarket.com.tr\/site\/wp-json\/wp\/v2\/product_cat?post=8686"},{"taxonomy":"product_tag","embeddable":true,"href":"https:\/\/www.makitamarket.com.tr\/site\/wp-json\/wp\/v2\/product_tag?post=8686"}],"curies":[{"name":"wp","href":"https:\/\/api.w.org\/{rel}","templated":true}]}}