{"id":8699,"date":"2024-11-27T19:47:49","date_gmt":"2024-11-27T16:47:49","guid":{"rendered":"https:\/\/www.makitamarket.com.tr\/site\/urun\/proxxon-proxxon-24150-fd-150-e-hassas-torna\/"},"modified":"2026-04-06T12:23:52","modified_gmt":"2026-04-06T09:23:52","slug":"proxxon-proxxon-24150-fd-150-e-hassas-torna","status":"publish","type":"product","link":"https:\/\/www.makitamarket.com.tr\/site\/urun\/proxxon-proxxon-24150-fd-150-e-hassas-torna\/","title":{"rendered":"Proxxon 24150 PROXXON 24150 FD 150\/E HASSAS TORNA"},"content":{"rendered":"<div>\n\t<strong>Uyumlu Aksesuarlar: <\/strong><\/div>\n<div>\n\t<strong>24524: <\/strong>6 par\u00e7a HSS torna kalem seti<\/div>\n<div>\n\t<strong>24152:<\/strong> Mandren 0.5-6.5mm<\/div>\n<div>\n\t<strong>24154: <\/strong>7 par\u00e7a ER11 pens set (2-2.5-3-4-5-6 ve 7 mm)<\/div>\n<div>\n\t<strong>24062: <\/strong>Rad\u00fcs torna ata\u015fman\u0131<\/div>\n<table>\n<tr>\n<td>Devir H\u0131z\u0131<\/td>\n<td>Kademe 1: 500-2500 d\/dak      Kademe 2: 1000-5000d\/dak<\/td>\n<\/tr>\n<tr>\n<td>Boyutlar<\/td>\n<td>360 x 150 x 150 mm<\/td>\n<\/tr>\n<tr>\n<td>Ba\u011flama \u00c7ap\u0131<\/td>\n<td>6&#215;6 mm<\/td>\n<\/tr>\n<tr>\n<td>Merkez Mesafesi<\/td>\n<td>150 mm<\/td>\n<\/tr>\n<tr>\n<td>A\u011f\u0131rl\u0131k<\/td>\n<td>4.5 kg<\/td>\n<\/tr>\n<tr>\n<td>Sal\u0131n\u0131m<\/td>\n<td>55 mm<\/td>\n<\/tr>\n<tr>\n<td>\u00c7al\u0131\u015fma gerilimi<\/td>\n<td>220-240V<\/td>\n<\/tr>\n<\/table>\n","protected":false},"excerpt":{"rendered":"<div>\n\t<strong>Uyumlu Aksesuarlar: <\/strong><\/div>\n<div>\n\t<strong>24524: <\/strong>6 par\u00e7a HSS torna kalem seti<\/div>\n<div>\n\t<strong>24152:<\/strong> Mandren 0.5-6.5mm<\/div>\n<div>\n\t<strong>24154: <\/strong>7 par\u00e7a ER11 pens set (2-2.5-3-4-5-6 ve 7 mm)<\/div>\n<div>\n\t<strong>24062: <\/strong>Rad\u00fcs torna ata\u015fman\u0131<\/div>\n","protected":false},"featured_media":8698,"comment_status":"open","ping_status":"closed","template":"","meta":{"_acf_changed":false},"product_brand":[1501],"product_cat":[1565],"product_tag":[],"class_list":{"0":"post-8699","1":"product","2":"type-product","3":"status-publish","4":"has-post-thumbnail","6":"product_brand-proxxon","7":"product_cat-yok-yok","9":"first","10":"instock","11":"taxable","12":"shipping-taxable","13":"purchasable","14":"product-type-simple","15":"add-to-wishlist-after_add_to_cart"},"acf":[],"_links":{"self":[{"href":"https:\/\/www.makitamarket.com.tr\/site\/wp-json\/wp\/v2\/product\/8699","targetHints":{"allow":["GET"]}}],"collection":[{"href":"https:\/\/www.makitamarket.com.tr\/site\/wp-json\/wp\/v2\/product"}],"about":[{"href":"https:\/\/www.makitamarket.com.tr\/site\/wp-json\/wp\/v2\/types\/product"}],"replies":[{"embeddable":true,"href":"https:\/\/www.makitamarket.com.tr\/site\/wp-json\/wp\/v2\/comments?post=8699"}],"wp:featuredmedia":[{"embeddable":true,"href":"https:\/\/www.makitamarket.com.tr\/site\/wp-json\/wp\/v2\/media\/8698"}],"wp:attachment":[{"href":"https:\/\/www.makitamarket.com.tr\/site\/wp-json\/wp\/v2\/media?parent=8699"}],"wp:term":[{"taxonomy":"product_brand","embeddable":true,"href":"https:\/\/www.makitamarket.com.tr\/site\/wp-json\/wp\/v2\/product_brand?post=8699"},{"taxonomy":"product_cat","embeddable":true,"href":"https:\/\/www.makitamarket.com.tr\/site\/wp-json\/wp\/v2\/product_cat?post=8699"},{"taxonomy":"product_tag","embeddable":true,"href":"https:\/\/www.makitamarket.com.tr\/site\/wp-json\/wp\/v2\/product_tag?post=8699"}],"curies":[{"name":"wp","href":"https:\/\/api.w.org\/{rel}","templated":true}]}}