{"id":8705,"date":"2024-11-27T19:47:55","date_gmt":"2024-11-27T16:47:55","guid":{"rendered":"https:\/\/www.makitamarket.com.tr\/site\/urun\/makita-makita-dga469rmj-avuc-taslama-18v\/"},"modified":"2026-04-06T12:23:56","modified_gmt":"2026-04-06T09:23:56","slug":"makita-makita-dga469rmj-avuc-taslama-18v","status":"publish","type":"product","link":"https:\/\/www.makitamarket.com.tr\/site\/urun\/makita-makita-dga469rmj-avuc-taslama-18v\/","title":{"rendered":"Makita DGA469RTJ MAKITA DGA469RMJ AVU\u00c7 TA\u015eLAMA 18V"},"content":{"rendered":"<p>Model DGA469RTJ<\/p>\n<p><span style=\"color: rgb(33, 37, 41);\">Avu\u00e7 Ta\u015flama 115mm<\/span><\/p>\n<p><span style=\"color: rgb(33, 37, 41);\">18V \u2022 115 mm \u2022 8 500 dak\u207b\u00b9<\/span><\/p>\n<p><span style=\"color: rgb(0, 112, 192);\">X-Lock mekanizmal\u0131 18V Avu\u00e7 Ta\u015flama Makinesi<\/span><\/p>\n<p><span style=\"color: rgb(33, 37, 41);\">18V g\u00fc\u00e7l\u00fc ak\u00fcl\u00fc avu\u00e7 ta\u015flama makinesi.<\/span> Profesyonel kullan\u0131m i\u00e7in &nbsp;<span style=\"color: rgb(33, 37, 41);\">kesici\/a\u015f\u0131nd\u0131r\u0131c\u0131 \/elmas <\/span>115 mm kapasiteye sahip modeldir.<span style=\"color: rgb(33, 37, 41);\"> X- lock mekanizmal\u0131d\u0131r. Bo\u015fta devir h\u0131z\u0131 dakikada 3.000-8.500\u2019dir.<\/span><\/p>\n<p><span style=\"color: red;\">Kullan\u0131m amac\u0131: <\/span><span style=\"color: rgb(33, 37, 41);\">Bu alet, metal ve ta\u015f malzemelerin susuz olarak ta\u015flanmas\u0131, z\u0131mparalanmas\u0131,telle f\u0131r\u00e7alanmas\u0131 ve kesilmesi amac\u0131yla kullan\u0131l\u0131r. <\/span><\/p>\n<p><u style=\"color: rgb(33, 37, 41);\">\u00d6zellikleri:<\/u><\/p>\n<p><span style=\"color: rgb(33, 37, 41); background-color: white;\">18V max Lithium-ion,BL MOTOR,ADT,AFT,XPT,\u00c7ift Ak\u00fcl\u00fc,X-LOCK<\/span><\/p>\n<p>Ak\u00fcl\u00fc yap\u0131s\u0131 kullan\u0131c\u0131ya kablosuz kullan\u0131m imkan\u0131 sunar ve bu sayede kullan\u0131c\u0131lar geni\u015f alanlarda kablo s\u0131n\u0131rlamalar\u0131 olmadan rahat\u00e7a \u00e7al\u0131\u015fabilirler.<\/p>\n<p>Li-ion;Bataryan\u0131n daha verimli \u00e7al\u0131\u015fmas\u0131n\u0131 sa\u011flayan teknolojidir.<\/p>\n<p>BL Motor\/K\u00f6m\u00fcrs\u00fcz Motor mevcuttur. K\u00f6m\u00fcrs\u00fcz motor sayesinde \u00e7al\u0131\u015fma esnas\u0131nda olu\u015fan \u0131s\u0131 enerjisi kaybolmaz ve makinenin g\u00fcc\u00fcne iletilir.<\/p>\n<p>XPT(Ekstra Koruma Teknolojisi) sayesinde nemli ve ya\u011fmurlu ortamlarda kullan\u0131labilir. D\u00fc\u015fmeye kar\u015f\u0131 ekstra dayan\u0131kl\u0131d\u0131r.<\/p>\n<p>ADT(Otomatik Tork Ayar Teknolojisi);\u00e7al\u0131\u015fma \u015fartlar\u0131na g\u00f6re kesme h\u0131z\u0131 otomatik olarak ayarlan\u0131r. <\/p>\n<p>AFT(A\u015f\u0131r\u0131 Y\u00fck Alg\u0131lama Teknolojisi);\u00e7al\u0131\u015fma s\u0131ras\u0131nda cihaza a\u015f\u0131r\u0131 y\u00fck bindi\u011finde cihaz otomatik olarak durur. <\/p>\n<p>X-Lock&#8217;lu kesme ve ta\u015flama diskleri \u00f6zellikle metal i\u015fleri i\u00e7in tasarlanm\u0131\u015ft\u0131r. X-Lock, ta\u015flama ve kesme diskleri i\u00e7in kullan\u0131m\u0131 kolay bir sistemdir ve kullan\u0131c\u0131n\u0131n diskleri h\u0131zl\u0131 ve kolay bir \u015fekilde de\u011fi\u015ftirmesine olanak tan\u0131r.<\/p>\n<ol>\n<li data-list=\"bullet\"><span class=\"ql-ui\" contenteditable=\"false\"><\/span>Yumu\u015fak ba\u015flama \u00f6zelli\u011fi mevcuttur.<\/li>\n<li data-list=\"bullet\"><span class=\"ql-ui\" contenteditable=\"false\"><\/span>Plastik ta\u015f\u0131ma \u00e7antal\u0131d\u0131r.<\/li>\n<li data-list=\"bullet\"><span class=\"ql-ui\" contenteditable=\"false\"><\/span>Toz emme \u00fcnitesi mevcuttur.<\/li>\n<li data-list=\"bullet\"><span class=\"ql-ui\" contenteditable=\"false\"><\/span><span style=\"color: black;\">De\u011fi\u015fken h\u0131z \u00f6zelli\u011fi vard\u0131r.<\/span><\/li>\n<li data-list=\"bullet\"><span class=\"ql-ui\" contenteditable=\"false\"><\/span>Elektrik freni mevcuttur.<\/li>\n<\/ol>\n<p><span style=\"color: rgb(33, 37, 41);\">Ambalaj i\u00e7eri\u011fi: X-LOCK Ta\u015flama ta\u015f\u0131, siper, yan sap, anahtar, \u00e7ift ak\u00fc, \u015farj cihaz\u0131 <\/span><\/p>\n<p><span style=\"color: red;\">Pedal Tetik Sistemi<\/span><\/p>\n<p><span style=\"color: red;\">Kontroll\u00fc \u00e7al\u0131\u015fma sistemi<\/span><\/p>\n<table>\n<tr>\n<td>Kapasite<\/td>\n<td>Kesici\/a\u015f\u0131nd\u0131r\u0131c\u0131\/elmas 115mm<\/td>\n<\/tr>\n<tr>\n<td>Bo\u015fta Devir<\/td>\n<td>3.000-8.500 devir\/dk<\/td>\n<\/tr>\n<tr>\n<td>Mil \u00c7ap\u0131<\/td>\n<td>M14<\/td>\n<\/tr>\n<tr>\n<td>Net A\u011f\u0131rl\u0131k<\/td>\n<td>2.4kg<\/td>\n<\/tr>\n<tr>\n<td>G\u00fc\u00e7 kapasite<\/td>\n<td>18V\/5.0Ah\/Li-ion<\/td>\n<\/tr>\n<tr>\n<td>Ak\u00fc\/\u015earj Cihaz\u0131<\/td>\n<td>BL1850B\/DC18RC<\/td>\n<\/tr>\n<tr>\n<td>Koli \u0130\u00e7i Adedi<\/td>\n<td>1<\/td>\n<\/tr>\n<\/table>\n","protected":false},"excerpt":{"rendered":"<p>Model DGA469RTJ<\/p>\n<p><span style=\"color: rgb(33, 37, 41);\">Avu\u00e7 Ta\u015flama 115mm<\/span><\/p>\n<p><span style=\"color: rgb(33, 37, 41);\">18V \u2022 115 mm \u2022 8 500 dak\u207b\u00b9<\/span><\/p>\n<p><span style=\"color: rgb(0, 112, 192);\">X-Lock mekanizmal\u0131 18V Avu\u00e7 Ta\u015flama Makinesi<\/span><\/p>\n<p><span style=\"color: rgb(33, 37, 41);\">18V g\u00fc\u00e7l\u00fc ak\u00fcl\u00fc avu\u00e7 ta\u015flama makinesi.<\/span> Profesyonel kullan\u0131m i\u00e7in &nbsp;<span style=\"color: rgb(33, 37, 41);\">kesici\/a\u015f\u0131nd\u0131r\u0131c\u0131 \/elmas <\/span>115 mm kapasiteye sahip modeldir.<span style=\"color: rgb(33, 37, 41);\"> X- lock mekanizmal\u0131d\u0131r. Bo\u015fta devir h\u0131z\u0131 dakikada 3.000-8.500\u2019dir.<\/span><\/p>\n<p><span style=\"color: red;\">Kullan\u0131m amac\u0131: <\/span><span style=\"color: rgb(33, 37, 41);\">Bu alet, metal ve ta\u015f malzemelerin susuz olarak ta\u015flanmas\u0131, z\u0131mparalanmas\u0131,telle f\u0131r\u00e7alanmas\u0131 ve kesilmesi amac\u0131yla kullan\u0131l\u0131r. <\/span><\/p>\n<p><u style=\"color: rgb(33, 37, 41);\">\u00d6zellikleri:<\/u><\/p>\n<p><span style=\"color: rgb(33, 37, 41); background-color: white;\">18V max Lithium-ion,BL MOTOR,ADT,AFT,XPT,\u00c7ift Ak\u00fcl\u00fc,X-LOCK<\/span><\/p>\n<p>Ak\u00fcl\u00fc yap\u0131s\u0131 kullan\u0131c\u0131ya kablosuz kullan\u0131m imkan\u0131 sunar ve bu sayede kullan\u0131c\u0131lar geni\u015f alanlarda kablo s\u0131n\u0131rlamalar\u0131 olmadan rahat\u00e7a \u00e7al\u0131\u015fabilirler.<\/p>\n<p>Li-ion;Bataryan\u0131n daha verimli \u00e7al\u0131\u015fmas\u0131n\u0131 sa\u011flayan teknolojidir.<\/p>\n<p>BL Motor\/K\u00f6m\u00fcrs\u00fcz Motor mevcuttur. K\u00f6m\u00fcrs\u00fcz motor sayesinde \u00e7al\u0131\u015fma esnas\u0131nda olu\u015fan \u0131s\u0131 enerjisi kaybolmaz ve makinenin g\u00fcc\u00fcne iletilir.<\/p>\n<p>XPT(Ekstra Koruma Teknolojisi) sayesinde nemli ve ya\u011fmurlu ortamlarda kullan\u0131labilir. D\u00fc\u015fmeye kar\u015f\u0131 ekstra dayan\u0131kl\u0131d\u0131r.<\/p>\n<p>ADT(Otomatik Tork Ayar Teknolojisi);\u00e7al\u0131\u015fma \u015fartlar\u0131na g\u00f6re kesme h\u0131z\u0131 otomatik olarak ayarlan\u0131r. <\/p>\n<p>AFT(A\u015f\u0131r\u0131 Y\u00fck Alg\u0131lama Teknolojisi);\u00e7al\u0131\u015fma s\u0131ras\u0131nda cihaza a\u015f\u0131r\u0131 y\u00fck bindi\u011finde cihaz otomatik olarak durur. <\/p>\n<p>X-Lock&#8217;lu kesme ve ta\u015flama diskleri \u00f6zellikle metal i\u015fleri i\u00e7in tasarlanm\u0131\u015ft\u0131r. X-Lock, ta\u015flama ve kesme diskleri i\u00e7in kullan\u0131m\u0131 kolay bir sistemdir ve kullan\u0131c\u0131n\u0131n diskleri h\u0131zl\u0131 ve kolay bir \u015fekilde de\u011fi\u015ftirmesine olanak tan\u0131r.<\/p>\n<ol>\n<li data-list=\"bullet\"><span class=\"ql-ui\" contenteditable=\"false\"><\/span>Yumu\u015fak ba\u015flama \u00f6zelli\u011fi mevcuttur.<\/li>\n<li data-list=\"bullet\"><span class=\"ql-ui\" contenteditable=\"false\"><\/span>Plastik ta\u015f\u0131ma \u00e7antal\u0131d\u0131r.<\/li>\n<li data-list=\"bullet\"><span class=\"ql-ui\" contenteditable=\"false\"><\/span>Toz emme \u00fcnitesi mevcuttur.<\/li>\n<li data-list=\"bullet\"><span class=\"ql-ui\" contenteditable=\"false\"><\/span><span style=\"color: black;\">De\u011fi\u015fken h\u0131z \u00f6zelli\u011fi vard\u0131r.<\/span><\/li>\n<li data-list=\"bullet\"><span class=\"ql-ui\" contenteditable=\"false\"><\/span>Elektrik freni mevcuttur.<\/li>\n<\/ol>\n<p><span style=\"color: rgb(33, 37, 41);\">Ambalaj i\u00e7eri\u011fi: X-LOCK Ta\u015flama ta\u015f\u0131, siper, yan sap, anahtar, \u00e7ift ak\u00fc, \u015farj cihaz\u0131 <\/span><\/p>\n<p><span style=\"color: red;\">Pedal Tetik Sistemi<\/span><\/p>\n<p><span style=\"color: red;\">Kontroll\u00fc \u00e7al\u0131\u015fma sistemi<\/span><\/p>\n","protected":false},"featured_media":8704,"comment_status":"open","ping_status":"closed","template":"","meta":{"_acf_changed":false},"product_brand":[1485],"product_cat":[755],"product_tag":[],"class_list":{"0":"post-8705","1":"product","2":"type-product","3":"status-publish","4":"has-post-thumbnail","6":"product_brand-makita","7":"product_cat-18-volt","9":"first","10":"outofstock","11":"taxable","12":"shipping-taxable","13":"purchasable","14":"product-type-simple","15":"add-to-wishlist-after_add_to_cart"},"acf":[],"_links":{"self":[{"href":"https:\/\/www.makitamarket.com.tr\/site\/wp-json\/wp\/v2\/product\/8705","targetHints":{"allow":["GET"]}}],"collection":[{"href":"https:\/\/www.makitamarket.com.tr\/site\/wp-json\/wp\/v2\/product"}],"about":[{"href":"https:\/\/www.makitamarket.com.tr\/site\/wp-json\/wp\/v2\/types\/product"}],"replies":[{"embeddable":true,"href":"https:\/\/www.makitamarket.com.tr\/site\/wp-json\/wp\/v2\/comments?post=8705"}],"wp:featuredmedia":[{"embeddable":true,"href":"https:\/\/www.makitamarket.com.tr\/site\/wp-json\/wp\/v2\/media\/8704"}],"wp:attachment":[{"href":"https:\/\/www.makitamarket.com.tr\/site\/wp-json\/wp\/v2\/media?parent=8705"}],"wp:term":[{"taxonomy":"product_brand","embeddable":true,"href":"https:\/\/www.makitamarket.com.tr\/site\/wp-json\/wp\/v2\/product_brand?post=8705"},{"taxonomy":"product_cat","embeddable":true,"href":"https:\/\/www.makitamarket.com.tr\/site\/wp-json\/wp\/v2\/product_cat?post=8705"},{"taxonomy":"product_tag","embeddable":true,"href":"https:\/\/www.makitamarket.com.tr\/site\/wp-json\/wp\/v2\/product_tag?post=8705"}],"curies":[{"name":"wp","href":"https:\/\/api.w.org\/{rel}","templated":true}]}}