{"id":8713,"date":"2024-11-27T19:48:02","date_gmt":"2024-11-27T16:48:02","guid":{"rendered":"https:\/\/www.makitamarket.com.tr\/site\/urun\/bea-zimba-teli-cakma-tabancasi-15-32-mm\/"},"modified":"2026-03-30T07:16:37","modified_gmt":"2026-03-30T04:16:37","slug":"bea-zimba-teli-cakma-tabancasi-15-32-mm","status":"publish","type":"product","link":"https:\/\/www.makitamarket.com.tr\/site\/urun\/bea-zimba-teli-cakma-tabancasi-15-32-mm\/","title":{"rendered":"Bea 14\/32-613 ZIMBA TEL\u0130 \u00c7AKMA TABANCASI 15 &#8211; 32 mm"},"content":{"rendered":"<div>\n\t<strong>\u2022<\/strong> Resim \u00e7er\u00e7eveleri<\/div>\n<div>\n\t<strong>\u2022\u00a0<\/strong>D\u00f6\u015femecilik end\u00fcstri<\/div>\n<div>\n\t<strong>\u2022\u00a0<\/strong>Marangoz \u0130\u015fleri<\/div>\n<table>\n<tr>\n<td>Magazin Tipi<\/td>\n<td>\u00dcstten doldurma<\/td>\n<\/tr>\n<tr>\n<td>Magazin Kapasitesi<\/td>\n<td>110<\/td>\n<\/tr>\n<tr>\n<td>\u00c7al\u0131\u015fma Bas\u0131nc\u0131<\/td>\n<td>5-8 BAR<\/td>\n<\/tr>\n<tr>\n<td>A\u011f\u0131rl\u0131k<\/td>\n<td>1.4 kg<\/td>\n<\/tr>\n<tr>\n<td>Z\u0131mba Teli<\/td>\n<td>14 ve 155 Tipi Z\u0131mba 15-32mm<\/td>\n<\/tr>\n<\/table>\n","protected":false},"excerpt":{"rendered":"<div>\n\t<strong>\u2022<\/strong> Resim \u00e7er\u00e7eveleri<\/div>\n<div>\n\t<strong>\u2022\u00a0<\/strong>D\u00f6\u015femecilik end\u00fcstri<\/div>\n<div>\n\t<strong>\u2022\u00a0<\/strong>Marangoz \u0130\u015fleri<\/div>\n","protected":false},"featured_media":8712,"comment_status":"open","ping_status":"closed","template":"","meta":{"_acf_changed":false},"product_brand":[1508],"product_cat":[1565],"product_tag":[],"class_list":{"0":"post-8713","1":"product","2":"type-product","3":"status-publish","4":"has-post-thumbnail","6":"product_brand-bea","7":"product_cat-yok-yok","9":"first","10":"instock","11":"taxable","12":"shipping-taxable","13":"purchasable","14":"product-type-simple","15":"add-to-wishlist-after_add_to_cart"},"acf":[],"_links":{"self":[{"href":"https:\/\/www.makitamarket.com.tr\/site\/wp-json\/wp\/v2\/product\/8713","targetHints":{"allow":["GET"]}}],"collection":[{"href":"https:\/\/www.makitamarket.com.tr\/site\/wp-json\/wp\/v2\/product"}],"about":[{"href":"https:\/\/www.makitamarket.com.tr\/site\/wp-json\/wp\/v2\/types\/product"}],"replies":[{"embeddable":true,"href":"https:\/\/www.makitamarket.com.tr\/site\/wp-json\/wp\/v2\/comments?post=8713"}],"wp:featuredmedia":[{"embeddable":true,"href":"https:\/\/www.makitamarket.com.tr\/site\/wp-json\/wp\/v2\/media\/8712"}],"wp:attachment":[{"href":"https:\/\/www.makitamarket.com.tr\/site\/wp-json\/wp\/v2\/media?parent=8713"}],"wp:term":[{"taxonomy":"product_brand","embeddable":true,"href":"https:\/\/www.makitamarket.com.tr\/site\/wp-json\/wp\/v2\/product_brand?post=8713"},{"taxonomy":"product_cat","embeddable":true,"href":"https:\/\/www.makitamarket.com.tr\/site\/wp-json\/wp\/v2\/product_cat?post=8713"},{"taxonomy":"product_tag","embeddable":true,"href":"https:\/\/www.makitamarket.com.tr\/site\/wp-json\/wp\/v2\/product_tag?post=8713"}],"curies":[{"name":"wp","href":"https:\/\/api.w.org\/{rel}","templated":true}]}}