{"id":8715,"date":"2024-11-27T19:48:03","date_gmt":"2024-11-27T16:48:03","guid":{"rendered":"https:\/\/www.makitamarket.com.tr\/site\/urun\/maxpower-cekic-2000-gr\/"},"modified":"2025-11-16T04:34:39","modified_gmt":"2025-11-16T01:34:39","slug":"maxpower-cekic-2000-gr","status":"publish","type":"product","link":"https:\/\/www.makitamarket.com.tr\/site\/urun\/maxpower-cekic-2000-gr\/","title":{"rendered":"Maxpower MXCEKIC2000 \u00c7EK\u0130\u00c7 2000 gr"},"content":{"rendered":"<div id=\"cke_pastebin\">\n\t\u2022 F\u0131r\u0131nl\u0131 ve vernikli ah\u015fap sap.<\/div>\n<div id=\"cke_pastebin\">\n\t\u2022 S\u0131cak d\u00f6vme tekni\u011fi ile yekpare olarak \u00f6zel ala\u015f\u0131ml\u0131 \u00e7elikten \u00fcretilmi\u015ftir.<\/div>\n<div id=\"cke_pastebin\">\n\t\u2022 Elektrostatik toz boya<\/div>\n<table>\n<tr>\n<td>A\u011f\u0131rl\u0131k<\/td>\n<td>2000<\/td>\n<\/tr>\n<tr>\n<td>Sap<\/td>\n<td>Ah\u015fap Sapl\u0131<\/td>\n<\/tr>\n<tr>\n<td>Koli \u0130\u00e7i Adedi<\/td>\n<td>6 Ad.<\/td>\n<\/tr>\n<\/table>\n","protected":false},"excerpt":{"rendered":"<div id=\"cke_pastebin\">\n\t\u2022 F\u0131r\u0131nl\u0131 ve vernikli ah\u015fap sap.<\/div>\n<div id=\"cke_pastebin\">\n\t\u2022 S\u0131cak d\u00f6vme tekni\u011fi ile yekpare olarak \u00f6zel ala\u015f\u0131ml\u0131 \u00e7elikten \u00fcretilmi\u015ftir.<\/div>\n<div id=\"cke_pastebin\">\n\t\u2022 Elektrostatik toz boya<\/div>\n","protected":false},"featured_media":8714,"comment_status":"open","ping_status":"closed","template":"","meta":{"_acf_changed":false},"product_brand":[1515],"product_cat":[1565],"product_tag":[],"class_list":{"0":"post-8715","1":"product","2":"type-product","3":"status-publish","4":"has-post-thumbnail","6":"product_brand-maxpower","7":"product_cat-yok-yok","9":"first","10":"outofstock","11":"taxable","12":"shipping-taxable","13":"purchasable","14":"product-type-simple","15":"add-to-wishlist-after_add_to_cart"},"acf":[],"_links":{"self":[{"href":"https:\/\/www.makitamarket.com.tr\/site\/wp-json\/wp\/v2\/product\/8715","targetHints":{"allow":["GET"]}}],"collection":[{"href":"https:\/\/www.makitamarket.com.tr\/site\/wp-json\/wp\/v2\/product"}],"about":[{"href":"https:\/\/www.makitamarket.com.tr\/site\/wp-json\/wp\/v2\/types\/product"}],"replies":[{"embeddable":true,"href":"https:\/\/www.makitamarket.com.tr\/site\/wp-json\/wp\/v2\/comments?post=8715"}],"wp:featuredmedia":[{"embeddable":true,"href":"https:\/\/www.makitamarket.com.tr\/site\/wp-json\/wp\/v2\/media\/8714"}],"wp:attachment":[{"href":"https:\/\/www.makitamarket.com.tr\/site\/wp-json\/wp\/v2\/media?parent=8715"}],"wp:term":[{"taxonomy":"product_brand","embeddable":true,"href":"https:\/\/www.makitamarket.com.tr\/site\/wp-json\/wp\/v2\/product_brand?post=8715"},{"taxonomy":"product_cat","embeddable":true,"href":"https:\/\/www.makitamarket.com.tr\/site\/wp-json\/wp\/v2\/product_cat?post=8715"},{"taxonomy":"product_tag","embeddable":true,"href":"https:\/\/www.makitamarket.com.tr\/site\/wp-json\/wp\/v2\/product_tag?post=8715"}],"curies":[{"name":"wp","href":"https:\/\/api.w.org\/{rel}","templated":true}]}}