{"id":8719,"date":"2024-11-27T19:48:04","date_gmt":"2024-11-27T16:48:04","guid":{"rendered":"https:\/\/www.makitamarket.com.tr\/site\/urun\/bea-sk400-tipi-basli-civi-cakma-tabancasi-28-45-mm\/"},"modified":"2026-04-06T12:24:03","modified_gmt":"2026-04-06T09:24:03","slug":"bea-sk400-tipi-basli-civi-cakma-tabancasi-28-45-mm","status":"publish","type":"product","link":"https:\/\/www.makitamarket.com.tr\/site\/urun\/bea-sk400-tipi-basli-civi-cakma-tabancasi-28-45-mm\/","title":{"rendered":"Bea SK 445-618 SK400 T\u0130P\u0130 BA\u015eLI \u00c7\u0130V\u0130 \u00c7AKMA TABANCASI 28 &#8211; 45 mm"},"content":{"rendered":"<div>\n\t\u2022 Mobilya imalat\u0131<\/div>\n<div>\n\t\u2022 Kaplama<\/div>\n<div>\n\t\u2022 \u00c7at\u0131 i\u015fleri<\/div>\n<div>\n\t\u2022 Kal\u0131p\u00e7\u0131l\u0131k<\/div>\n<div>\n\t\u2022 K\u00f6\u015fe birle\u015ftirme<\/div>\n<div>\n\t<span style=\"color:#f00;\">SK400 Serisi \u00e7ivi atar.<\/span><\/div>\n<table>\n<tr>\n<td>\u00c7al\u0131\u015fma Bas\u0131nc\u0131<\/td>\n<td>5-8 BAR<\/td>\n<\/tr>\n<tr>\n<td>Z\u0131mba Teli<\/td>\n<td>SK400Tipi 28-45mm<\/td>\n<\/tr>\n<tr>\n<td>Magazin Tipi<\/td>\n<td>\u00dcstten doldurma<\/td>\n<\/tr>\n<tr>\n<td>Magazin Kapasitesi<\/td>\n<td>97<\/td>\n<\/tr>\n<tr>\n<td>A\u011f\u0131rl\u0131k<\/td>\n<td>1.6 kg<\/td>\n<\/tr>\n<\/table>\n","protected":false},"excerpt":{"rendered":"<div>\n\t\u2022 Mobilya imalat\u0131<\/div>\n<div>\n\t\u2022 Kaplama<\/div>\n<div>\n\t\u2022 \u00c7at\u0131 i\u015fleri<\/div>\n<div>\n\t\u2022 Kal\u0131p\u00e7\u0131l\u0131k<\/div>\n<div>\n\t\u2022 K\u00f6\u015fe birle\u015ftirme<\/div>\n<div>\n\t<span style=\"color:#f00;\">SK400 Serisi \u00e7ivi atar.<\/span><\/div>\n","protected":false},"featured_media":8718,"comment_status":"open","ping_status":"closed","template":"","meta":{"_acf_changed":false},"product_brand":[1508],"product_cat":[788],"product_tag":[],"class_list":{"0":"post-8719","1":"product","2":"type-product","3":"status-publish","4":"has-post-thumbnail","6":"product_brand-bea","7":"product_cat-havali-civi-cakma-tabancalari","9":"first","10":"instock","11":"taxable","12":"shipping-taxable","13":"purchasable","14":"product-type-simple","15":"add-to-wishlist-after_add_to_cart"},"acf":[],"_links":{"self":[{"href":"https:\/\/www.makitamarket.com.tr\/site\/wp-json\/wp\/v2\/product\/8719","targetHints":{"allow":["GET"]}}],"collection":[{"href":"https:\/\/www.makitamarket.com.tr\/site\/wp-json\/wp\/v2\/product"}],"about":[{"href":"https:\/\/www.makitamarket.com.tr\/site\/wp-json\/wp\/v2\/types\/product"}],"replies":[{"embeddable":true,"href":"https:\/\/www.makitamarket.com.tr\/site\/wp-json\/wp\/v2\/comments?post=8719"}],"wp:featuredmedia":[{"embeddable":true,"href":"https:\/\/www.makitamarket.com.tr\/site\/wp-json\/wp\/v2\/media\/8718"}],"wp:attachment":[{"href":"https:\/\/www.makitamarket.com.tr\/site\/wp-json\/wp\/v2\/media?parent=8719"}],"wp:term":[{"taxonomy":"product_brand","embeddable":true,"href":"https:\/\/www.makitamarket.com.tr\/site\/wp-json\/wp\/v2\/product_brand?post=8719"},{"taxonomy":"product_cat","embeddable":true,"href":"https:\/\/www.makitamarket.com.tr\/site\/wp-json\/wp\/v2\/product_cat?post=8719"},{"taxonomy":"product_tag","embeddable":true,"href":"https:\/\/www.makitamarket.com.tr\/site\/wp-json\/wp\/v2\/product_tag?post=8719"}],"curies":[{"name":"wp","href":"https:\/\/api.w.org\/{rel}","templated":true}]}}