{"id":8721,"date":"2024-11-27T19:48:04","date_gmt":"2024-11-27T16:48:04","guid":{"rendered":"https:\/\/www.makitamarket.com.tr\/site\/urun\/lavor-oto-kuafor-makinasi-1100w\/"},"modified":"2026-04-13T19:06:35","modified_gmt":"2026-04-13T16:06:35","slug":"lavor-oto-kuafor-makinasi-1100w","status":"publish","type":"product","link":"https:\/\/www.makitamarket.com.tr\/site\/urun\/lavor-oto-kuafor-makinasi-1100w\/","title":{"rendered":"Lavor JUPITER OTO KUAF\u00d6R MAK\u0130NASI 1100W"},"content":{"rendered":"<table>\n<tr>\n<td>Performans<\/td>\n<td>1100 W MAKS<\/td>\n<\/tr>\n<tr>\n<td>Vakum<\/td>\n<td>2300 mmH2O\/22.kPa<\/td>\n<\/tr>\n<tr>\n<td>\u00d6l\u00e7\u00fcler<\/td>\n<td>55x35x63 cm<\/td>\n<\/tr>\n<tr>\n<td>Deterjan Tank\u0131<\/td>\n<td>6,5 lt.<\/td>\n<\/tr>\n<tr>\n<td>Kapasite<\/td>\n<td>12 lt. kazan<\/td>\n<\/tr>\n<tr>\n<td>A\u011f\u0131rl\u0131k<\/td>\n<td>13 kg.<\/td>\n<\/tr>\n<tr>\n<td>Hava Aktar\u0131m\u0131<\/td>\n<td>L\/s 50<\/td>\n<\/tr>\n<tr>\n<td>Ses<\/td>\n<td>70 dBA<\/td>\n<\/tr>\n<\/table>\n","protected":false},"excerpt":{"rendered":"<p>Performans 1100 W MAKS Vakum 2300 mmH2O\/22.kPa \u00d6l\u00e7\u00fcler 55x35x63 cm Deterjan Tank\u0131 6,5 lt. Kapasite 12 lt. kazan A\u011f\u0131rl\u0131k 13 kg. Hava Aktar\u0131m\u0131 L\/s 50 Ses 70 dBA<\/p>\n","protected":false},"featured_media":8720,"comment_status":"open","ping_status":"closed","template":"","meta":{"_acf_changed":false},"product_brand":[1493],"product_cat":[1565],"product_tag":[],"class_list":{"0":"post-8721","1":"product","2":"type-product","3":"status-publish","4":"has-post-thumbnail","6":"product_brand-lavor","7":"product_cat-yok-yok","9":"first","10":"instock","11":"taxable","12":"shipping-taxable","13":"purchasable","14":"product-type-simple","15":"add-to-wishlist-after_add_to_cart"},"acf":[],"_links":{"self":[{"href":"https:\/\/www.makitamarket.com.tr\/site\/wp-json\/wp\/v2\/product\/8721","targetHints":{"allow":["GET"]}}],"collection":[{"href":"https:\/\/www.makitamarket.com.tr\/site\/wp-json\/wp\/v2\/product"}],"about":[{"href":"https:\/\/www.makitamarket.com.tr\/site\/wp-json\/wp\/v2\/types\/product"}],"replies":[{"embeddable":true,"href":"https:\/\/www.makitamarket.com.tr\/site\/wp-json\/wp\/v2\/comments?post=8721"}],"wp:featuredmedia":[{"embeddable":true,"href":"https:\/\/www.makitamarket.com.tr\/site\/wp-json\/wp\/v2\/media\/8720"}],"wp:attachment":[{"href":"https:\/\/www.makitamarket.com.tr\/site\/wp-json\/wp\/v2\/media?parent=8721"}],"wp:term":[{"taxonomy":"product_brand","embeddable":true,"href":"https:\/\/www.makitamarket.com.tr\/site\/wp-json\/wp\/v2\/product_brand?post=8721"},{"taxonomy":"product_cat","embeddable":true,"href":"https:\/\/www.makitamarket.com.tr\/site\/wp-json\/wp\/v2\/product_cat?post=8721"},{"taxonomy":"product_tag","embeddable":true,"href":"https:\/\/www.makitamarket.com.tr\/site\/wp-json\/wp\/v2\/product_tag?post=8721"}],"curies":[{"name":"wp","href":"https:\/\/api.w.org\/{rel}","templated":true}]}}