{"id":8734,"date":"2024-11-27T19:48:09","date_gmt":"2024-11-27T16:48:09","guid":{"rendered":"https:\/\/www.makitamarket.com.tr\/site\/urun\/makita-yesil-multi-line-lazeri-3x360-akulu\/"},"modified":"2026-03-30T07:16:45","modified_gmt":"2026-03-30T04:16:45","slug":"makita-yesil-multi-line-lazeri-3x360-akulu","status":"publish","type":"product","link":"https:\/\/www.makitamarket.com.tr\/site\/urun\/makita-yesil-multi-line-lazeri-3x360-akulu\/","title":{"rendered":"Makita SK700GD YE\u015e\u0130L MULT\u0130 L\u0130NE LAZER\u0130 3X360\u00b0 (AK\u00dcL\u00dc)"},"content":{"rendered":"<p>Model SK700GD<\/p>\n<p>Ye\u015fil Multi Line Lazeri 3x 360\u00b0 (Ak\u00fcl\u00fc)<\/p>\n<p><strong style=\"color: rgb(0, 112, 192);\">12Vmax CXT Li-Ion \u015earj Edilebilir Ye\u015fil \u00c7oklu \u00c7izgi Lazer <\/strong><\/p>\n<p>Profesyonel hizalama ve \u00f6l\u00e7\u00fcm i\u015flemleri i\u00e7in tasarlanan bu model, 12Vmax CXT Li-Ion ak\u00fc sistemi ile y\u00fcksek performans ve kablosuz kullan\u0131m avantaj\u0131 sunar. Y\u00fcksek parlakl\u0131ktaki ye\u015fil lazer, d\u0131\u015f mekan ve parlak \u00e7al\u0131\u015fma alanlar\u0131nda art\u0131r\u0131lm\u0131\u015f g\u00f6r\u00fcn\u00fcrl\u00fck sa\u011flar. D\u00f6nme mekanizmal\u0131 taban\u0131, lazer g\u00f6vdesinin d\u00fc\u015fey noktan\u0131n konumunu de\u011fi\u015ftirmeden hareket etmesini m\u00fcmk\u00fcn k\u0131larak hassas ve kolay \u00e7izgi konumland\u0131rma imk\u00e2n\u0131 sunar. Dikey lazer \u00e7izgileri, tan\u0131mlanm\u0131\u015f d\u00fc\u015fey nokta etraf\u0131nda 10 dereceye kadar d\u00f6nd\u00fcr\u00fclebilir ve kadran ile hassas ayar yap\u0131labilir.<\/p>\n<p>\u00dc\u00e7 tam 360 derece \u00e7izgi projeksiyonu, \u0131\u015f\u0131\u011f\u0131n koni aynas\u0131nda yans\u0131mas\u0131yla olu\u015fturulur ve 4 yatay, 4 dikey \u00e7izgi projeksiyonu farkl\u0131 uygulama ihtiya\u00e7lar\u0131n\u0131 kar\u015f\u0131lar. \u00b12 mm @ 10 m hassasiyet, do\u011fru sonu\u00e7lar sa\u011flarken, 3 parlakl\u0131k modu (Parlak, Normal, Eko) kullan\u0131m esnekli\u011fi sunar.<\/p>\n<p>IP54 su ve toz korumas\u0131, dayan\u0131kl\u0131l\u0131\u011f\u0131 art\u0131r\u0131rken manyetik amortis\u00f6rl\u00fc dikey \u00e7izgi kontrol mekanizmas\u0131, stabil ve do\u011fru hizalama sa\u011flar. Cihaz, 12Vmax CXT Li-Ion ak\u00fc veya 8 adet AA pil ile \u00e7al\u0131\u015fabilir ve uzun s\u00fcreli kesintisiz projeksiyon imk\u00e2n\u0131 sunar. \u0130n\u015faat, montaj ve profesyonel dekorasyon projeleri i\u00e7in ideal bir \u00e7\u00f6z\u00fcmd\u00fcr.<\/p>\n<p><span style=\"color: red;\">\u00dcr\u00fcn i\u00e7eri\u011finde ak\u00fc ve \u015farj cihaz\u0131 bulunmamaktad\u0131r.<\/span><\/p>\n<p>Ambalaj i\u00e7eri\u011fi: Manyetik Adapt\u00f6r,Hedef Levhas\u0131,Ta\u015f\u0131ma \u00c7antas\u0131<\/p>\n<table>\n<tr>\n<td>G\u00fc\u00e7<\/td>\n<td>12V<\/td>\n<\/tr>\n<tr>\n<td>Lazer \u00c7\u0131k\u0131\u015f A\u00e7\u0131s\u0131<\/td>\n<td> 2x Dikey 360 derece, 1 x Yatay 360 derece<\/td>\n<\/tr>\n<tr>\n<td>Menzil<\/td>\n<td>35m (70m \u00e7ap)<\/td>\n<\/tr>\n<tr>\n<td>Menzil*Dedekt\u00f6rle<\/td>\n<td>70 m (140m \u00e7ap)<\/td>\n<\/tr>\n<tr>\n<td>Kendinden Terazileme Aral\u0131\u011f\u0131<\/td>\n<td>+-4 derece<\/td>\n<\/tr>\n<tr>\n<td>\u00c7al\u0131\u015fma S\u0131cakl\u0131\u011f\u0131<\/td>\n<td>-10 &#8211; 50 derece<\/td>\n<\/tr>\n<tr>\n<td>Depolama S\u0131cakl\u0131\u011f\u0131<\/td>\n<td>-25 &#8211; 70 derece<\/td>\n<\/tr>\n<tr>\n<td>Tripod Ba\u011flant\u0131s\u0131<\/td>\n<td>1\/4&#8243;<\/td>\n<\/tr>\n<tr>\n<td>Net A\u011f\u0131rl\u0131k<\/td>\n<td>0,99-1,2<\/td>\n<\/tr>\n<tr>\n<td>Pil<\/td>\n<td>Lityum \u0130yon<\/td>\n<\/tr>\n<tr>\n<td>Lazer Dalga Boyu<\/td>\n<td>510-530 nm<\/td>\n<\/tr>\n<tr>\n<td>Lazer \u00c7\u0131k\u0131\u015f G\u00fcc\u00fc<\/td>\n<td> <2.0 mW<\/td>\n<\/tr>\n<\/table>\n","protected":false},"excerpt":{"rendered":"<p>Model SK700GD<\/p>\n<p>Ye\u015fil Multi Line Lazeri 3x 360\u00b0 (Ak\u00fcl\u00fc)<\/p>\n<p><strong style=\"color: rgb(0, 112, 192);\">12Vmax CXT Li-Ion \u015earj Edilebilir Ye\u015fil \u00c7oklu \u00c7izgi Lazer <\/strong><\/p>\n<p>Profesyonel hizalama ve \u00f6l\u00e7\u00fcm i\u015flemleri i\u00e7in tasarlanan bu model, 12Vmax CXT Li-Ion ak\u00fc sistemi ile y\u00fcksek performans ve kablosuz kullan\u0131m avantaj\u0131 sunar. Y\u00fcksek parlakl\u0131ktaki ye\u015fil lazer, d\u0131\u015f mekan ve parlak \u00e7al\u0131\u015fma alanlar\u0131nda art\u0131r\u0131lm\u0131\u015f g\u00f6r\u00fcn\u00fcrl\u00fck sa\u011flar. D\u00f6nme mekanizmal\u0131 taban\u0131, lazer g\u00f6vdesinin d\u00fc\u015fey noktan\u0131n konumunu de\u011fi\u015ftirmeden hareket etmesini m\u00fcmk\u00fcn k\u0131larak hassas ve kolay \u00e7izgi konumland\u0131rma imk\u00e2n\u0131 sunar. Dikey lazer \u00e7izgileri, tan\u0131mlanm\u0131\u015f d\u00fc\u015fey nokta etraf\u0131nda 10 dereceye kadar d\u00f6nd\u00fcr\u00fclebilir ve kadran ile hassas ayar yap\u0131labilir.<\/p>\n<p>\u00dc\u00e7 tam 360 derece \u00e7izgi projeksiyonu, \u0131\u015f\u0131\u011f\u0131n koni aynas\u0131nda yans\u0131mas\u0131yla olu\u015fturulur ve 4 yatay, 4 dikey \u00e7izgi projeksiyonu farkl\u0131 uygulama ihtiya\u00e7lar\u0131n\u0131 kar\u015f\u0131lar. \u00b12 mm @ 10 m hassasiyet, do\u011fru sonu\u00e7lar sa\u011flarken, 3 parlakl\u0131k modu (Parlak, Normal, Eko) kullan\u0131m esnekli\u011fi sunar.<\/p>\n<p>IP54 su ve toz korumas\u0131, dayan\u0131kl\u0131l\u0131\u011f\u0131 art\u0131r\u0131rken manyetik amortis\u00f6rl\u00fc dikey \u00e7izgi kontrol mekanizmas\u0131, stabil ve do\u011fru hizalama sa\u011flar. Cihaz, 12Vmax CXT Li-Ion ak\u00fc veya 8 adet AA pil ile \u00e7al\u0131\u015fabilir ve uzun s\u00fcreli kesintisiz projeksiyon imk\u00e2n\u0131 sunar. \u0130n\u015faat, montaj ve profesyonel dekorasyon projeleri i\u00e7in ideal bir \u00e7\u00f6z\u00fcmd\u00fcr.<\/p>\n<p><span style=\"color: red;\">\u00dcr\u00fcn i\u00e7eri\u011finde ak\u00fc ve \u015farj cihaz\u0131 bulunmamaktad\u0131r.<\/span><\/p>\n<p>Ambalaj i\u00e7eri\u011fi: Manyetik Adapt\u00f6r,Hedef Levhas\u0131,Ta\u015f\u0131ma \u00c7antas\u0131<\/p>\n","protected":false},"featured_media":8733,"comment_status":"open","ping_status":"closed","template":"","meta":{"_acf_changed":false},"product_brand":[1485],"product_cat":[890],"product_tag":[],"class_list":{"0":"post-8734","1":"product","2":"type-product","3":"status-publish","4":"has-post-thumbnail","6":"product_brand-makita","7":"product_cat-lazer-metreler-olcu-aletleri","9":"first","10":"instock","11":"taxable","12":"shipping-taxable","13":"purchasable","14":"product-type-simple","15":"add-to-wishlist-after_add_to_cart"},"acf":[],"_links":{"self":[{"href":"https:\/\/www.makitamarket.com.tr\/site\/wp-json\/wp\/v2\/product\/8734","targetHints":{"allow":["GET"]}}],"collection":[{"href":"https:\/\/www.makitamarket.com.tr\/site\/wp-json\/wp\/v2\/product"}],"about":[{"href":"https:\/\/www.makitamarket.com.tr\/site\/wp-json\/wp\/v2\/types\/product"}],"replies":[{"embeddable":true,"href":"https:\/\/www.makitamarket.com.tr\/site\/wp-json\/wp\/v2\/comments?post=8734"}],"wp:featuredmedia":[{"embeddable":true,"href":"https:\/\/www.makitamarket.com.tr\/site\/wp-json\/wp\/v2\/media\/8733"}],"wp:attachment":[{"href":"https:\/\/www.makitamarket.com.tr\/site\/wp-json\/wp\/v2\/media?parent=8734"}],"wp:term":[{"taxonomy":"product_brand","embeddable":true,"href":"https:\/\/www.makitamarket.com.tr\/site\/wp-json\/wp\/v2\/product_brand?post=8734"},{"taxonomy":"product_cat","embeddable":true,"href":"https:\/\/www.makitamarket.com.tr\/site\/wp-json\/wp\/v2\/product_cat?post=8734"},{"taxonomy":"product_tag","embeddable":true,"href":"https:\/\/www.makitamarket.com.tr\/site\/wp-json\/wp\/v2\/product_tag?post=8734"}],"curies":[{"name":"wp","href":"https:\/\/api.w.org\/{rel}","templated":true}]}}