{"id":8749,"date":"2024-11-27T19:48:14","date_gmt":"2024-11-27T16:48:14","guid":{"rendered":"https:\/\/www.makitamarket.com.tr\/site\/urun\/kama-by-reis-benzinli-capa-makinasi-7-hp\/"},"modified":"2025-11-16T04:36:27","modified_gmt":"2025-11-16T01:36:27","slug":"kama-by-reis-benzinli-capa-makinasi-7-hp","status":"publish","type":"product","link":"https:\/\/www.makitamarket.com.tr\/site\/urun\/kama-by-reis-benzinli-capa-makinasi-7-hp\/","title":{"rendered":"Kama By Reis KGL75Z BENZ\u0130NL\u0130 \u00c7APA MAK\u0130NASI 7 Hp"},"content":{"rendered":"<table>\n<tr>\n<td>\u00c7al\u0131\u015fma Geni\u015fli\u011fi<\/td>\n<td>750 mm<\/td>\n<\/tr>\n<tr>\n<td>\u00c7al\u0131\u015fma Derinli\u011fi<\/td>\n<td>10-20 cm<\/td>\n<\/tr>\n<tr>\n<td>Hareket<\/td>\n<td>2 ileri &#8211; 1 geri<\/td>\n<\/tr>\n<tr>\n<td>\u00c7al\u0131\u015fma Tipi<\/td>\n<td>Kay\u0131\u015f &#8211; gergi<\/td>\n<\/tr>\n<tr>\n<td>Tekerlek \u00d6l\u00e7\u00fcs\u00fc<\/td>\n<td>3.5-6<\/td>\n<\/tr>\n<tr>\n<td>Motor<\/td>\n<td>4 zamanl\u0131<\/td>\n<\/tr>\n<tr>\n<td>Motor Modeli<\/td>\n<td>173F (Benzinli)<\/td>\n<\/tr>\n<tr>\n<td>Maksimum Motor G\u00fcc\u00fc<\/td>\n<td>7 Hp<\/td>\n<\/tr>\n<tr>\n<td>Alt \u00e7apa grubu<\/td>\n<td>Sa\u011f &#038; Sol 3 s\u0131ral\u0131 4 b\u0131\u00e7akl\u0131<\/td>\n<\/tr>\n<tr>\n<td>B\u0131\u00e7ak say\u0131s\u0131<\/td>\n<td>24<\/td>\n<\/tr>\n<tr>\n<td>\u00c7al\u0131\u015ft\u0131rma Sistemi<\/td>\n<td>\u0130pli<\/td>\n<\/tr>\n<tr>\n<td>Motor Ya\u011f\u0131<\/td>\n<td>SAE10W30-15W40<\/td>\n<\/tr>\n<tr>\n<td>\u00d6l\u00e7\u00fcler (LxWxH)<\/td>\n<td>1.380x650x970mm<\/td>\n<\/tr>\n<tr>\n<td>A\u011f\u0131rl\u0131k<\/td>\n<td>70 kg<\/td>\n<\/tr>\n<tr>\n<td>Paket \u0130\u00e7eri\u011fi<\/td>\n<td>Alt \u00e7apa grubu,Derinlik demiri,Kullan\u0131m k\u0131lavuzu,Yan diskler<\/td>\n<\/tr>\n<\/table>\n","protected":false},"excerpt":{"rendered":"<p>\u00c7al\u0131\u015fma Geni\u015fli\u011fi 750 mm \u00c7al\u0131\u015fma Derinli\u011fi 10-20 cm Hareket 2 ileri &#8211; 1 geri \u00c7al\u0131\u015fma Tipi Kay\u0131\u015f &#8211; gergi Tekerlek \u00d6l\u00e7\u00fcs\u00fc 3.5-6 Motor 4 zamanl\u0131 Motor Modeli 173F (Benzinli) Maksimum<\/p>\n","protected":false},"featured_media":0,"comment_status":"open","ping_status":"closed","template":"","meta":{"_acf_changed":false},"product_brand":[1500],"product_cat":[892],"product_tag":[],"class_list":{"0":"post-8749","1":"product","2":"type-product","3":"status-publish","5":"product_brand-kama-by-reis","6":"product_cat-benzinli-capa-makinalari","8":"first","9":"outofstock","10":"taxable","11":"shipping-taxable","12":"purchasable","13":"product-type-simple","14":"add-to-wishlist-after_add_to_cart"},"acf":[],"_links":{"self":[{"href":"https:\/\/www.makitamarket.com.tr\/site\/wp-json\/wp\/v2\/product\/8749","targetHints":{"allow":["GET"]}}],"collection":[{"href":"https:\/\/www.makitamarket.com.tr\/site\/wp-json\/wp\/v2\/product"}],"about":[{"href":"https:\/\/www.makitamarket.com.tr\/site\/wp-json\/wp\/v2\/types\/product"}],"replies":[{"embeddable":true,"href":"https:\/\/www.makitamarket.com.tr\/site\/wp-json\/wp\/v2\/comments?post=8749"}],"wp:attachment":[{"href":"https:\/\/www.makitamarket.com.tr\/site\/wp-json\/wp\/v2\/media?parent=8749"}],"wp:term":[{"taxonomy":"product_brand","embeddable":true,"href":"https:\/\/www.makitamarket.com.tr\/site\/wp-json\/wp\/v2\/product_brand?post=8749"},{"taxonomy":"product_cat","embeddable":true,"href":"https:\/\/www.makitamarket.com.tr\/site\/wp-json\/wp\/v2\/product_cat?post=8749"},{"taxonomy":"product_tag","embeddable":true,"href":"https:\/\/www.makitamarket.com.tr\/site\/wp-json\/wp\/v2\/product_tag?post=8749"}],"curies":[{"name":"wp","href":"https:\/\/api.w.org\/{rel}","templated":true}]}}