{"id":8751,"date":"2024-11-27T19:48:14","date_gmt":"2024-11-27T16:48:14","guid":{"rendered":"https:\/\/www.makitamarket.com.tr\/site\/urun\/biglift-agir-hizmet-tipi-transpalet\/"},"modified":"2026-04-06T12:25:05","modified_gmt":"2026-04-06T09:25:05","slug":"biglift-agir-hizmet-tipi-transpalet","status":"publish","type":"product","link":"https:\/\/www.makitamarket.com.tr\/site\/urun\/biglift-agir-hizmet-tipi-transpalet\/","title":{"rendered":"Biglift RM-L35 A\u011eIR H\u0130ZMET T\u0130P\u0130 TRANSPALET"},"content":{"rendered":"<p>A\u011f\u0131r hizmet tipi transpalet, \u00f6zellikle zorlu ko\u015fullarda ve y\u00fcksek kapasiteli y\u00fck ta\u015f\u0131ma ihtiya\u00e7lar\u0131nda kullan\u0131lmak \u00fczere tasarlanm\u0131\u015f, 3500 kg kald\u0131rma kapasitesiyle a\u011f\u0131r y\u00fcklerin kolayl\u0131kla kald\u0131r\u0131lmas\u0131n\u0131 ve ta\u015f\u0131nmas\u0131n\u0131 sa\u011flar.<\/p>\n<table>\n<tr>\n<td>Kald\u0131rma Kapasitesi<\/td>\n<td>3500<\/td>\n<\/tr>\n<tr>\n<td>Min \u00c7atal Y\u00fcksekli\u011fi<\/td>\n<td>75<\/td>\n<\/tr>\n<tr>\n<td>Max \u00c7atal Y\u00fcksekli\u011fi<\/td>\n<td>185<\/td>\n<\/tr>\n<tr>\n<td>Y\u00f6n Tekerle\u011fi<\/td>\n<td>200&#215;50<\/td>\n<\/tr>\n<tr>\n<td>Y\u00fck Tekerle\u011fi<\/td>\n<td>74&#215;70<\/td>\n<\/tr>\n<tr>\n<td>\u00c7atal \u00d6l\u00e7\u00fcs\u00fc<\/td>\n<td>177&#215;45<\/td>\n<\/tr>\n<tr>\n<td>\u00c7atal Boyu<\/td>\n<td>1150<\/td>\n<\/tr>\n<tr>\n<td>\u00c7atal Geni\u015fli\u011fi<\/td>\n<td>520<\/td>\n<\/tr>\n<\/table>\n","protected":false},"excerpt":{"rendered":"<p>A\u011f\u0131r hizmet tipi transpalet, \u00f6zellikle zorlu ko\u015fullarda ve y\u00fcksek kapasiteli y\u00fck ta\u015f\u0131ma ihtiya\u00e7lar\u0131nda kullan\u0131lmak \u00fczere tasarlanm\u0131\u015f, 3500 kg kald\u0131rma kapasitesiyle a\u011f\u0131r y\u00fcklerin kolayl\u0131kla kald\u0131r\u0131lmas\u0131n\u0131 ve ta\u015f\u0131nmas\u0131n\u0131 sa\u011flar.<\/p>\n","protected":false},"featured_media":8750,"comment_status":"open","ping_status":"closed","template":"","meta":{"_acf_changed":false},"product_brand":[1490],"product_cat":[746],"product_tag":[],"class_list":{"0":"post-8751","1":"product","2":"type-product","3":"status-publish","4":"has-post-thumbnail","6":"product_brand-biglift","7":"product_cat-transpaletler","9":"first","10":"instock","11":"taxable","12":"shipping-taxable","13":"purchasable","14":"product-type-simple","15":"add-to-wishlist-after_add_to_cart"},"acf":[],"_links":{"self":[{"href":"https:\/\/www.makitamarket.com.tr\/site\/wp-json\/wp\/v2\/product\/8751","targetHints":{"allow":["GET"]}}],"collection":[{"href":"https:\/\/www.makitamarket.com.tr\/site\/wp-json\/wp\/v2\/product"}],"about":[{"href":"https:\/\/www.makitamarket.com.tr\/site\/wp-json\/wp\/v2\/types\/product"}],"replies":[{"embeddable":true,"href":"https:\/\/www.makitamarket.com.tr\/site\/wp-json\/wp\/v2\/comments?post=8751"}],"wp:featuredmedia":[{"embeddable":true,"href":"https:\/\/www.makitamarket.com.tr\/site\/wp-json\/wp\/v2\/media\/8750"}],"wp:attachment":[{"href":"https:\/\/www.makitamarket.com.tr\/site\/wp-json\/wp\/v2\/media?parent=8751"}],"wp:term":[{"taxonomy":"product_brand","embeddable":true,"href":"https:\/\/www.makitamarket.com.tr\/site\/wp-json\/wp\/v2\/product_brand?post=8751"},{"taxonomy":"product_cat","embeddable":true,"href":"https:\/\/www.makitamarket.com.tr\/site\/wp-json\/wp\/v2\/product_cat?post=8751"},{"taxonomy":"product_tag","embeddable":true,"href":"https:\/\/www.makitamarket.com.tr\/site\/wp-json\/wp\/v2\/product_tag?post=8751"}],"curies":[{"name":"wp","href":"https:\/\/api.w.org\/{rel}","templated":true}]}}