{"id":8774,"date":"2024-11-27T19:48:28","date_gmt":"2024-11-27T16:48:28","guid":{"rendered":"https:\/\/www.makitamarket.com.tr\/site\/urun\/makita-vakum-baglantili-tip-acil-mudahale-elmas-testere-305-mm\/"},"modified":"2026-04-21T00:27:07","modified_gmt":"2026-04-20T21:27:07","slug":"makita-vakum-baglantili-tip-acil-mudahale-elmas-testere-305-mm","status":"publish","type":"product","link":"https:\/\/www.makitamarket.com.tr\/site\/urun\/makita-vakum-baglantili-tip-acil-mudahale-elmas-testere-305-mm\/","title":{"rendered":"Makita A-88808 VAKUM BA\u011eLANTILI T\u0130P (AC\u0130L MUDAHALE) ELMAS TESTERE 305 mm"},"content":{"rendered":"<p>\n\t\u00a0<\/p>\n<p>\n\t\u00a0<\/p>\n<table border=\"1\" cellpadding=\"1\" cellspacing=\"1\" height=\"63\" width=\"281\">\n<tbody>\n<tr>\n<td colspan=\"7\" style=\"text-align: center;\">\n\t\t\t\t<strong>KULLANIM GRUPLARI<br \/>\n\t\t\t\t<\/strong><\/td>\n<\/tr>\n<tr>\n<td style=\"width: 35px; text-align: center;\">\n\t\t\t\t1<\/td>\n<td style=\"width: 35px; text-align: center;\">\n\t\t\t\t2<\/td>\n<td style=\"width: 35px; text-align: center;\">\n\t\t\t\t3<\/td>\n<td style=\"width: 35px; text-align: center;\">\n\t\t\t\t4<\/td>\n<td style=\"width: 35px; text-align: center;\">\n\t\t\t\t5<\/td>\n<td style=\"width: 35px; text-align: center;\">\n\t\t\t\t6<\/td>\n<td style=\"width: 35px; text-align: center;\">\n\t\t\t\t7<\/td>\n<\/tr>\n<tr>\n<td style=\"width: 35px; text-align: center;\">\n\t\t\t\tA<\/td>\n<td style=\"width: 35px; text-align: center;\">\n\t\t\t\tA<\/td>\n<td style=\"width: 35px; text-align: center;\">\n\t\t\t\tA<\/td>\n<td style=\"width: 35px; text-align: center;\">\n\t\t\t\tA<\/td>\n<td style=\"width: 35px; text-align: center;\">\n\t\t\t\tA<\/td>\n<td style=\"width: 35px; text-align: center;\">\n\t\t\t\tA<\/td>\n<td style=\"width: 35px; text-align: center;\">\n\t\t\t\tA<\/td>\n<\/tr>\n<\/tbody>\n<\/table>\n<table>\n<tr>\n<td>Testere \u00e7ap\u0131<\/td>\n<td>305 mm<\/td>\n<\/tr>\n<tr>\n<td>Elmas Kal\u0131nl\u0131\u011f\u0131<\/td>\n<td>3.3 mm<\/td>\n<\/tr>\n<tr>\n<td>Elmas Y\u00fcksekli\u011fi<\/td>\n<td>8.0 mm<\/td>\n<\/tr>\n<tr>\n<td>G\u00f6bek \u00e7ap\u0131<\/td>\n<td>20 mm<\/td>\n<\/tr>\n<tr>\n<td>\u00dcr\u00fcn Rengi<\/td>\n<td>Gold<\/td>\n<\/tr>\n<\/table>\n","protected":false},"excerpt":{"rendered":"<p>\n\t\u00a0<\/p>\n<p>\n\t\u00a0<\/p>\n<table border=\"1\" cellpadding=\"1\" cellspacing=\"1\" height=\"63\" width=\"281\">\n<tbody>\n<tr>\n<td colspan=\"7\" style=\"text-align: center;\">\n\t\t\t\t<strong>KULLANIM GRUPLARI<br \/>\n\t\t\t\t<\/strong><\/td>\n<\/tr>\n<tr>\n<td style=\"width: 35px; text-align: center;\">\n\t\t\t\t1<\/td>\n<td style=\"width: 35px; text-align: center;\">\n\t\t\t\t2<\/td>\n<td style=\"width: 35px; text-align: center;\">\n\t\t\t\t3<\/td>\n<td style=\"width: 35px; text-align: center;\">\n\t\t\t\t4<\/td>\n<td style=\"width: 35px; text-align: center;\">\n\t\t\t\t5<\/td>\n<td style=\"width: 35px; text-align: center;\">\n\t\t\t\t6<\/td>\n<td style=\"width: 35px; text-align: center;\">\n\t\t\t\t7<\/td>\n<\/tr>\n<tr>\n<td style=\"width: 35px; text-align: center;\">\n\t\t\t\tA<\/td>\n<td style=\"width: 35px; text-align: center;\">\n\t\t\t\tA<\/td>\n<td style=\"width: 35px; text-align: center;\">\n\t\t\t\tA<\/td>\n<td style=\"width: 35px; text-align: center;\">\n\t\t\t\tA<\/td>\n<td style=\"width: 35px; text-align: center;\">\n\t\t\t\tA<\/td>\n<td style=\"width: 35px; text-align: center;\">\n\t\t\t\tA<\/td>\n<td style=\"width: 35px; text-align: center;\">\n\t\t\t\tA<\/td>\n<\/tr>\n<\/tbody>\n<\/table>\n","protected":false},"featured_media":8773,"comment_status":"open","ping_status":"closed","template":"","meta":{"_acf_changed":false},"product_brand":[1485],"product_cat":[897],"product_tag":[],"class_list":{"0":"post-8774","1":"product","2":"type-product","3":"status-publish","4":"has-post-thumbnail","6":"product_brand-makita","7":"product_cat-300-305mm-testereler","9":"first","10":"instock","11":"taxable","12":"shipping-taxable","13":"purchasable","14":"product-type-simple","15":"add-to-wishlist-after_add_to_cart"},"acf":[],"_links":{"self":[{"href":"https:\/\/www.makitamarket.com.tr\/site\/wp-json\/wp\/v2\/product\/8774","targetHints":{"allow":["GET"]}}],"collection":[{"href":"https:\/\/www.makitamarket.com.tr\/site\/wp-json\/wp\/v2\/product"}],"about":[{"href":"https:\/\/www.makitamarket.com.tr\/site\/wp-json\/wp\/v2\/types\/product"}],"replies":[{"embeddable":true,"href":"https:\/\/www.makitamarket.com.tr\/site\/wp-json\/wp\/v2\/comments?post=8774"}],"wp:featuredmedia":[{"embeddable":true,"href":"https:\/\/www.makitamarket.com.tr\/site\/wp-json\/wp\/v2\/media\/8773"}],"wp:attachment":[{"href":"https:\/\/www.makitamarket.com.tr\/site\/wp-json\/wp\/v2\/media?parent=8774"}],"wp:term":[{"taxonomy":"product_brand","embeddable":true,"href":"https:\/\/www.makitamarket.com.tr\/site\/wp-json\/wp\/v2\/product_brand?post=8774"},{"taxonomy":"product_cat","embeddable":true,"href":"https:\/\/www.makitamarket.com.tr\/site\/wp-json\/wp\/v2\/product_cat?post=8774"},{"taxonomy":"product_tag","embeddable":true,"href":"https:\/\/www.makitamarket.com.tr\/site\/wp-json\/wp\/v2\/product_tag?post=8774"}],"curies":[{"name":"wp","href":"https:\/\/api.w.org\/{rel}","templated":true}]}}