{"id":8778,"date":"2024-11-27T19:48:29","date_gmt":"2024-11-27T16:48:29","guid":{"rendered":"https:\/\/www.makitamarket.com.tr\/site\/urun\/virax-elektrikli-el-tipi-mini-pafta-1-2-1-1-4\/"},"modified":"2026-04-06T12:26:01","modified_gmt":"2026-04-06T09:26:01","slug":"virax-elektrikli-el-tipi-mini-pafta-1-2-1-1-4","status":"publish","type":"product","link":"https:\/\/www.makitamarket.com.tr\/site\/urun\/virax-elektrikli-el-tipi-mini-pafta-1-2-1-1-4\/","title":{"rendered":"Virax 138021 ELEKTR\u0130KL\u0130 EL T\u0130P\u0130 M\u0130N\u0130 PAFTA 1\/2&#8243; &#8211; 1.1\/4&#8243;"},"content":{"rendered":"<div>\n\t<strong>Sevkiyat<br \/>\n\t<\/strong><\/div>\n<div>\n\tMini Phenix Pafta Makinas\u0131<br \/>\n\t<strong>Pafta Kafalar\u0131 :<\/strong> 1\/2\u201d &#8211; 3\/4\u201d-1\u201d-1.1\/4\u201d<br \/>\n\tBoru Ba\u011flant\u0131 Mengenesi<\/div>\n<div>\n\t<span dir=\"ltr\" role=\"presentation\" style=\"left: 257.522px; top: 1474.61px; font-size: 11.6667px; font-family: sans-serif; transform: scaleX(0.856464);\">Uygulama esnas\u0131nda mutlaka pafta kesme ya\u011f\u0131 kullan\u0131n\u0131z.<\/span><\/div>\n<table>\n<tr>\n<td>Motor tipi<\/td>\n<td>230 Volt Unv.<\/td>\n<\/tr>\n<tr>\n<td>Motor G\u00fcc\u00fc<\/td>\n<td>800 W<\/td>\n<\/tr>\n<tr>\n<td>Pafta Tarak Tipi<\/td>\n<td>Sa\u011f BSPT<\/td>\n<\/tr>\n<tr>\n<td>Pafta Aral\u0131\u011f\u0131<\/td>\n<td>1\/2&#8243; &#8211; 1 1\/4&#8243;<\/td>\n<\/tr>\n<tr>\n<td>Motor Devri<\/td>\n<td>34 rpm<\/td>\n<\/tr>\n<tr>\n<td>A\u011f\u0131rl\u0131k<\/td>\n<td>5,8 kg<\/td>\n<\/tr>\n<\/table>\n","protected":false},"excerpt":{"rendered":"<div>\n\t<strong>Sevkiyat<br \/>\n\t<\/strong><\/div>\n<div>\n\tMini Phenix Pafta Makinas\u0131<br \/>\n\t<strong>Pafta Kafalar\u0131 :<\/strong> 1\/2\u201d &#8211; 3\/4\u201d-1\u201d-1.1\/4\u201d<br \/>\n\tBoru Ba\u011flant\u0131 Mengenesi<\/div>\n<div>\n\t<span dir=\"ltr\" role=\"presentation\" style=\"left: 257.522px; top: 1474.61px; font-size: 11.6667px; font-family: sans-serif; transform: scaleX(0.856464);\">Uygulama esnas\u0131nda mutlaka pafta kesme ya\u011f\u0131 kullan\u0131n\u0131z.<\/span><\/div>\n","protected":false},"featured_media":8777,"comment_status":"open","ping_status":"closed","template":"","meta":{"_acf_changed":false},"product_brand":[1495],"product_cat":[716],"product_tag":[],"class_list":{"0":"post-8778","1":"product","2":"type-product","3":"status-publish","4":"has-post-thumbnail","6":"product_brand-virax","7":"product_cat-pafta-makinalari","9":"first","10":"instock","11":"taxable","12":"shipping-taxable","13":"purchasable","14":"product-type-simple","15":"add-to-wishlist-after_add_to_cart"},"acf":[],"_links":{"self":[{"href":"https:\/\/www.makitamarket.com.tr\/site\/wp-json\/wp\/v2\/product\/8778","targetHints":{"allow":["GET"]}}],"collection":[{"href":"https:\/\/www.makitamarket.com.tr\/site\/wp-json\/wp\/v2\/product"}],"about":[{"href":"https:\/\/www.makitamarket.com.tr\/site\/wp-json\/wp\/v2\/types\/product"}],"replies":[{"embeddable":true,"href":"https:\/\/www.makitamarket.com.tr\/site\/wp-json\/wp\/v2\/comments?post=8778"}],"wp:featuredmedia":[{"embeddable":true,"href":"https:\/\/www.makitamarket.com.tr\/site\/wp-json\/wp\/v2\/media\/8777"}],"wp:attachment":[{"href":"https:\/\/www.makitamarket.com.tr\/site\/wp-json\/wp\/v2\/media?parent=8778"}],"wp:term":[{"taxonomy":"product_brand","embeddable":true,"href":"https:\/\/www.makitamarket.com.tr\/site\/wp-json\/wp\/v2\/product_brand?post=8778"},{"taxonomy":"product_cat","embeddable":true,"href":"https:\/\/www.makitamarket.com.tr\/site\/wp-json\/wp\/v2\/product_cat?post=8778"},{"taxonomy":"product_tag","embeddable":true,"href":"https:\/\/www.makitamarket.com.tr\/site\/wp-json\/wp\/v2\/product_tag?post=8778"}],"curies":[{"name":"wp","href":"https:\/\/api.w.org\/{rel}","templated":true}]}}