{"id":8780,"date":"2024-11-27T19:48:29","date_gmt":"2024-11-27T16:48:29","guid":{"rendered":"https:\/\/www.makitamarket.com.tr\/site\/urun\/virax-bukme-kalibi-3\/"},"modified":"2026-03-30T07:17:42","modified_gmt":"2026-03-30T04:17:42","slug":"virax-bukme-kalibi-3","status":"publish","type":"product","link":"https:\/\/www.makitamarket.com.tr\/site\/urun\/virax-bukme-kalibi-3\/","title":{"rendered":"Virax 240149 B\u00dcKME KALIBI 3&#8243;"},"content":{"rendered":"<p>\n\t<span style=\"font-family:arial,helvetica,sans-serif;\"><span dir=\"ltr\" role=\"presentation\" style=\"left: 574.954px; top: 532.237px; font-size: 11.6667px; transform: scaleX(0.433712);\">\u2022 Mente\u015feli yanaklar ile kullan\u0131labilir.<\/span><\/span><\/p>\n<table>\n<tr>\n<td>B\u00fckme \u00c7ap\u0131<\/td>\n<td>400<\/td>\n<\/tr>\n<tr>\n<td>Kg<\/td>\n<td>27,900<\/td>\n<\/tr>\n<tr>\n<td>Boru \u00d6l\u00e7\u00fcs\u00fc<\/td>\n<td>80-90 mm<\/td>\n<\/tr>\n<tr>\n<td>Boru \u00d6l\u00e7\u00fcs\u00fc<\/td>\n<td>3&#8243;<\/td>\n<\/tr>\n<\/table>\n","protected":false},"excerpt":{"rendered":"<p>\n\t<span style=\"font-family:arial,helvetica,sans-serif;\"><span dir=\"ltr\" role=\"presentation\" style=\"left: 574.954px; top: 532.237px; font-size: 11.6667px; transform: scaleX(0.433712);\">\u2022 Mente\u015feli yanaklar ile kullan\u0131labilir.<\/span><\/span><\/p>\n","protected":false},"featured_media":8779,"comment_status":"open","ping_status":"closed","template":"","meta":{"_acf_changed":false},"product_brand":[1495],"product_cat":[898],"product_tag":[],"class_list":{"0":"post-8780","1":"product","2":"type-product","3":"status-publish","4":"has-post-thumbnail","6":"product_brand-virax","7":"product_cat-boru-bukme-kaliplari","9":"first","10":"instock","11":"taxable","12":"shipping-taxable","13":"purchasable","14":"product-type-simple","15":"add-to-wishlist-after_add_to_cart"},"acf":[],"_links":{"self":[{"href":"https:\/\/www.makitamarket.com.tr\/site\/wp-json\/wp\/v2\/product\/8780","targetHints":{"allow":["GET"]}}],"collection":[{"href":"https:\/\/www.makitamarket.com.tr\/site\/wp-json\/wp\/v2\/product"}],"about":[{"href":"https:\/\/www.makitamarket.com.tr\/site\/wp-json\/wp\/v2\/types\/product"}],"replies":[{"embeddable":true,"href":"https:\/\/www.makitamarket.com.tr\/site\/wp-json\/wp\/v2\/comments?post=8780"}],"wp:featuredmedia":[{"embeddable":true,"href":"https:\/\/www.makitamarket.com.tr\/site\/wp-json\/wp\/v2\/media\/8779"}],"wp:attachment":[{"href":"https:\/\/www.makitamarket.com.tr\/site\/wp-json\/wp\/v2\/media?parent=8780"}],"wp:term":[{"taxonomy":"product_brand","embeddable":true,"href":"https:\/\/www.makitamarket.com.tr\/site\/wp-json\/wp\/v2\/product_brand?post=8780"},{"taxonomy":"product_cat","embeddable":true,"href":"https:\/\/www.makitamarket.com.tr\/site\/wp-json\/wp\/v2\/product_cat?post=8780"},{"taxonomy":"product_tag","embeddable":true,"href":"https:\/\/www.makitamarket.com.tr\/site\/wp-json\/wp\/v2\/product_tag?post=8780"}],"curies":[{"name":"wp","href":"https:\/\/api.w.org\/{rel}","templated":true}]}}