{"id":8782,"date":"2024-11-27T19:48:30","date_gmt":"2024-11-27T16:48:30","guid":{"rendered":"https:\/\/www.makitamarket.com.tr\/site\/urun\/prexiso-multiline-lazeri-elektronik-terazileme\/"},"modified":"2026-01-23T12:09:41","modified_gmt":"2026-01-23T09:09:41","slug":"prexiso-multiline-lazeri-elektronik-terazileme","status":"publish","type":"product","link":"https:\/\/www.makitamarket.com.tr\/site\/urun\/prexiso-multiline-lazeri-elektronik-terazileme\/","title":{"rendered":"Prexiso P1E4V4H MULT\u0130L\u0130NE LAZER\u0130 (ELEKTRON\u0130K TERAZ\u0130LEME)"},"content":{"rendered":"<table>\n<tr>\n<td>\u00c7al\u0131\u015fma Menzili<\/td>\n<td>10m \/ Dedekt\u00f6rle 50m<\/td>\n<\/tr>\n<tr>\n<td>Hassasiyet<\/td>\n<td>7m&#8217;de  \u00b1 1mm<\/td>\n<\/tr>\n<tr>\n<td>Lazer \u00e7\u0131k\u0131\u015f\u0131<\/td>\n<td>4 Yatay, 4 Dikey<\/td>\n<\/tr>\n<tr>\n<td>Kendinden Terazileme Aral\u0131\u011f\u0131<\/td>\n<td>\u00b1 3.5\u00b0<\/td>\n<\/tr>\n<tr>\n<td>Pil<\/td>\n<td>4xAA sarj edilebilir pil<\/td>\n<\/tr>\n<tr>\n<td>Tripod Ba\u011flant\u0131s\u0131<\/td>\n<td>1\/4&#8243; &#8211; 5\/8&#8243;<\/td>\n<\/tr>\n<\/table>\n","protected":false},"excerpt":{"rendered":"<p>\u00c7al\u0131\u015fma Menzili 10m \/ Dedekt\u00f6rle 50m Hassasiyet 7m&#8217;de \u00b1 1mm Lazer \u00e7\u0131k\u0131\u015f\u0131 4 Yatay, 4 Dikey Kendinden Terazileme Aral\u0131\u011f\u0131 \u00b1 3.5\u00b0 Pil 4xAA sarj edilebilir pil Tripod Ba\u011flant\u0131s\u0131 1\/4&#8243; &#8211;<\/p>\n","protected":false},"featured_media":8781,"comment_status":"open","ping_status":"closed","template":"","meta":{"_acf_changed":false},"product_brand":[1507],"product_cat":[686],"product_tag":[],"class_list":{"0":"post-8782","1":"product","2":"type-product","3":"status-publish","4":"has-post-thumbnail","6":"product_brand-prexiso","7":"product_cat-capraz-cizgi-lazerler","9":"first","10":"outofstock","11":"taxable","12":"shipping-taxable","13":"purchasable","14":"product-type-simple","15":"add-to-wishlist-after_add_to_cart"},"acf":[],"_links":{"self":[{"href":"https:\/\/www.makitamarket.com.tr\/site\/wp-json\/wp\/v2\/product\/8782","targetHints":{"allow":["GET"]}}],"collection":[{"href":"https:\/\/www.makitamarket.com.tr\/site\/wp-json\/wp\/v2\/product"}],"about":[{"href":"https:\/\/www.makitamarket.com.tr\/site\/wp-json\/wp\/v2\/types\/product"}],"replies":[{"embeddable":true,"href":"https:\/\/www.makitamarket.com.tr\/site\/wp-json\/wp\/v2\/comments?post=8782"}],"wp:featuredmedia":[{"embeddable":true,"href":"https:\/\/www.makitamarket.com.tr\/site\/wp-json\/wp\/v2\/media\/8781"}],"wp:attachment":[{"href":"https:\/\/www.makitamarket.com.tr\/site\/wp-json\/wp\/v2\/media?parent=8782"}],"wp:term":[{"taxonomy":"product_brand","embeddable":true,"href":"https:\/\/www.makitamarket.com.tr\/site\/wp-json\/wp\/v2\/product_brand?post=8782"},{"taxonomy":"product_cat","embeddable":true,"href":"https:\/\/www.makitamarket.com.tr\/site\/wp-json\/wp\/v2\/product_cat?post=8782"},{"taxonomy":"product_tag","embeddable":true,"href":"https:\/\/www.makitamarket.com.tr\/site\/wp-json\/wp\/v2\/product_tag?post=8782"}],"curies":[{"name":"wp","href":"https:\/\/api.w.org\/{rel}","templated":true}]}}