{"id":8784,"date":"2024-11-27T19:48:31","date_gmt":"2024-11-27T16:48:31","guid":{"rendered":"https:\/\/www.makitamarket.com.tr\/site\/urun\/knipex-takim-cantasi-520x435-mm\/"},"modified":"2026-04-06T12:26:03","modified_gmt":"2026-04-06T09:26:03","slug":"knipex-takim-cantasi-520x435-mm","status":"publish","type":"product","link":"https:\/\/www.makitamarket.com.tr\/site\/urun\/knipex-takim-cantasi-520x435-mm\/","title":{"rendered":"Knipex 002141LE TAKIM \u00c7ANTASI 520&#215;435 mm"},"content":{"rendered":"<p><b>00 21 41 Tak\u0131m \u00e7antas\u0131 &#8220;BIG Twin Move&#8221; Elektrik<\/b><br \/>14 KNIPEX aletle donat\u0131lm\u0131\u015f, toplam 63 marka alet, k\u0131smen DIN EN 60900&#8217;a g\u00f6re VDE testine tabidir. Toplam 95 yerle\u015ftirme se\u00e7ene\u011fi ile. Maks. y\u00fck: 30 kg. Hacim: 38 litre. 70 mm y\u00fcksekli\u011fe sahip taban tepsisi d\u00fc\u011fmeye bas\u0131larak sabitlenebilir, i\u00e7 par\u00e7alarla ek b\u00f6lmelere ayr\u0131labilir; 13 adet alet cebine sahip kapak levhas\u0131. A\u00e7\u0131lar\u0131 serbest\u00e7e ayarlanabilen, her iki tarafta mente\u015fe mekanizmas\u0131na sahip ge\u00e7meli kapak tutucular\u0131 sayesinde, her a\u00e7\u0131lma konumunda serbest durabilir. Kir tutmaz PP \u00e7ift duvarl\u0131 levhadan imal edilmi\u015f, 13 alet cepli s\u00f6k\u00fclebilir belge b\u00f6lmesi ve s\u00f6k\u00fclebilir alet panolar\u0131. \u00d6zel etiketleme i\u00e7in iki etiketlik alan Taban k\u0131sm\u0131nda teleskopik tutamak seti, ayr\u0131ca d\u0131\u015fta iki adet p\u00fcr\u00fczs\u00fcz d\u00f6nen tekerlek. ABS malzemeden imal edilmi\u015f dayan\u0131kl\u0131 model, siyah. Her iki tarafa yerle\u015ftirilebilen, emniyetli bi\u00e7imde tak\u0131lm\u0131\u015f sa\u011flam bir orta duvar ile al\u00fcminyum \u00e7er\u00e7eve sarg\u0131s\u0131, elastik halkalar ve on iki k\u00fc\u00e7\u00fck cep sayesinde esnek yerle\u015ftirme se\u00e7enekleri. Metal mente\u015fe. \u00c7antan\u0131n g\u00fcvenle kilitlenmesi i\u00e7in \u00fc\u00e7 haneli \u015fifreli kilit. Kapa\u011f\u0131 ve taban\u0131 sabitlemek i\u00e7in, her birinde iki metal e\u011fim kilidi. Bir veya her iki taraftan a\u00e7\u0131labilir; taban ve kapak birbirinden ba\u011f\u0131ms\u0131z olarak a\u00e7\u0131labilir. <\/p>\n<li><b>D\u0131\u015f (i\u00e7) geni\u015flik \u00f6l\u00e7\u00fcs\u00fc: <\/b>520 mm 490 mm<\/li>\n<li><b>D\u0131\u015f (i\u00e7) y\u00fckseklik \u00f6l\u00e7\u00fcleri: <\/b>435 mm 370 mm<\/li>\n<li><b>D\u0131\u015f (i\u00e7) derinlik \u00f6l\u00e7\u00fcleri: <\/b>290 mm 110 mm<\/li>\n<p> <b>Teslimat kapsam\u0131:<\/b> 1 x 00 11 01 Knipex TwinKey\u00ae Kumanda Dolab\u0131 Anahtarlari Yayg\u0131n dolaplar ve kilitleme sistemleri i\u00e7in (92 mm), 1 x 86 03 180 KNIPEX Ayarl\u0131 fort pense Pense ve anahtar bir alette birle\u015fmi\u015ftir (180 mm), 1 x 98 52 KNIPEX Kablo Kesme B\u0131\u00e7a\u011f\u0131 (190 mm), 1 x 97 53 04 KNIPEX Kablo Y\u00fcksekleri \u0130\u00e7in Kendili\u011finden Ayarlanan S\u0131kma Pensesi Yandan takmal\u0131 (0,08 \u2013 10 + 16 mm\u00b2), 1 x 08 26 145 KNIPEX Sivri u\u00e7lu kombine pense (145 mm), 1 x 87 01 180 Knipex Cobra\u00ae Hightech Fort Pense (180 mm), 1 x 98 25 01 SL KNIPEX Y\u0131ld\u0131z civatalar i\u00e7in tornavida (Slim) Pozidriv\u00ae (PZ1 x 80 mm), 1 x 98 20 35 SL KNIPEX D\u00fcz civatalar i\u00e7in tornavida (Slim) (0,6 x 3,5 x 100 mm), 1 x 13 86 200 KNIPEX \u00c7ok Fonksiyonlu Elektrik\u00e7i Pense (\u00d8 15 mm \/ 50 mm\u00b2), 1 x 16 95 01 SB KNIPEX ErgoStrip\u00ae \u00dcniversal Kablo K\u0131l\u0131f\u0131 Soyma Aleti sa\u011f elini kullananlar i\u00e7in uygun versiyon (\u00d8 8,0 \u2013 13,0 mm), 1 x 70 06 160 Knipex Yan keski (160 mm), 1 x 74 06 200 Knipex A\u011f\u0131r Hizmet Yan Keski (200 mm), 1 x 26 26 200 Knipex Kargaburun (Leylek burnu tipi pense) (200 mm), 1 x 5003484001 Wera VDE de\u011fi\u015ftirilebilir b\u0131\u00e7ak seti, 16 par\u00e7a, Slim, 1 x 004018 Wera Zyklop metal c\u0131rc\u0131r seti 8100 SA 8 28 par\u00e7a (1\/4&#8243;), 1 x 003760 Wera Joker \u00e7ift a\u011f\u0131zl\u0131 anahtar (10 x 13 mm), 1 x 0030312-0300 Picard Tamirci \u00e7ekici (300 g), 1 x 361 252 1 Rennsteig Elektrik\u00e7i keskisi (250 x 10 mm), 1 x 16135 Stabila Su terazisi Tip 70 Electric (430 mm), 1 x 18115 Stabila Mini su terazisi Pocket Electric (68 mm), 1 x 12 52 195 SB KNIPEX PreciStrip16\u00ae Otomatik Kablo S\u0131y\u0131rma Pensesi (0,08 &#8211; 16 mm\u00b2),<\/p>\n<table>\n<tr>\n<td>Geni\u015flik<\/td>\n<td>520 mm<\/td>\n<\/tr>\n<tr>\n<td>Y\u00fckseklik<\/td>\n<td>435 mm<\/td>\n<\/tr>\n<tr>\n<td>Derinlik<\/td>\n<td>290 mm<\/td>\n<\/tr>\n<tr>\n<td>A\u011f\u0131rl\u0131k<\/td>\n<td>8600 gr<\/td>\n<\/tr>\n<\/table>\n","protected":false},"excerpt":{"rendered":"<p><b>00 21 41 Tak\u0131m \u00e7antas\u0131 &#8220;BIG Twin Move&#8221; Elektrik<\/b><br \/>14 KNIPEX aletle donat\u0131lm\u0131\u015f, toplam 63 marka alet, k\u0131smen DIN EN 60900&#8217;a g\u00f6re VDE testine tabidir. Toplam 95 yerle\u015ftirme se\u00e7ene\u011fi ile. Maks. y\u00fck: 30 kg. Hacim: 38 litre. 70 mm y\u00fcksekli\u011fe sahip taban tepsisi d\u00fc\u011fmeye bas\u0131larak sabitlenebilir, i\u00e7 par\u00e7alarla ek b\u00f6lmelere ayr\u0131labilir; 13 adet alet cebine sahip kapak levhas\u0131. A\u00e7\u0131lar\u0131 serbest\u00e7e ayarlanabilen, her iki tarafta mente\u015fe mekanizmas\u0131na sahip ge\u00e7meli kapak tutucular\u0131 sayesinde, her a\u00e7\u0131lma konumunda serbest durabilir. Kir tutmaz PP \u00e7ift duvarl\u0131 levhadan imal edilmi\u015f, 13 alet cepli s\u00f6k\u00fclebilir belge b\u00f6lmesi ve s\u00f6k\u00fclebilir alet panolar\u0131. \u00d6zel etiketleme i\u00e7in iki etiketlik alan Taban k\u0131sm\u0131nda teleskopik tutamak seti, ayr\u0131ca d\u0131\u015fta iki adet p\u00fcr\u00fczs\u00fcz d\u00f6nen tekerlek. ABS malzemeden imal edilmi\u015f dayan\u0131kl\u0131 model, siyah. Her iki tarafa yerle\u015ftirilebilen, emniyetli bi\u00e7imde tak\u0131lm\u0131\u015f sa\u011flam bir orta duvar ile al\u00fcminyum \u00e7er\u00e7eve sarg\u0131s\u0131, elastik halkalar ve on iki k\u00fc\u00e7\u00fck cep sayesinde esnek yerle\u015ftirme se\u00e7enekleri. Metal mente\u015fe. \u00c7antan\u0131n g\u00fcvenle kilitlenmesi i\u00e7in \u00fc\u00e7 haneli \u015fifreli kilit. Kapa\u011f\u0131 ve taban\u0131 sabitlemek i\u00e7in, her birinde iki metal e\u011fim kilidi. Bir veya her iki taraftan a\u00e7\u0131labilir; taban ve kapak birbirinden ba\u011f\u0131ms\u0131z olarak a\u00e7\u0131labilir. <\/p>\n<li><b>D\u0131\u015f (i\u00e7) geni\u015flik \u00f6l\u00e7\u00fcs\u00fc: <\/b>520 mm 490 mm<\/li>\n<li><b>D\u0131\u015f (i\u00e7) y\u00fckseklik \u00f6l\u00e7\u00fcleri: <\/b>435 mm 370 mm<\/li>\n<li><b>D\u0131\u015f (i\u00e7) derinlik \u00f6l\u00e7\u00fcleri: <\/b>290 mm 110 mm<\/li>\n<p> <b>Teslimat kapsam\u0131:<\/b> 1 x 00 11 01 Knipex TwinKey\u00ae Kumanda Dolab\u0131 Anahtarlari Yayg\u0131n dolaplar ve kilitleme sistemleri i\u00e7in (92 mm), 1 x 86 03 180 KNIPEX Ayarl\u0131 fort pense Pense ve anahtar bir alette birle\u015fmi\u015ftir (180 mm), 1 x 98 52 KNIPEX Kablo Kesme B\u0131\u00e7a\u011f\u0131 (190 mm), 1 x 97 53 04 KNIPEX Kablo Y\u00fcksekleri \u0130\u00e7in Kendili\u011finden Ayarlanan S\u0131kma Pensesi Yandan takmal\u0131 (0,08 \u2013 10 + 16 mm\u00b2), 1 x 08 26 145 KNIPEX Sivri u\u00e7lu kombine pense (145 mm), 1 x 87 01 180 Knipex Cobra\u00ae Hightech Fort Pense (180 mm), 1 x 98 25 01 SL KNIPEX Y\u0131ld\u0131z civatalar i\u00e7in tornavida (Slim) Pozidriv\u00ae (PZ1 x 80 mm), 1 x 98 20 35 SL KNIPEX D\u00fcz civatalar i\u00e7in tornavida (Slim) (0,6 x 3,5 x 100 mm), 1 x 13 86 200 KNIPEX \u00c7ok Fonksiyonlu Elektrik\u00e7i Pense (\u00d8 15 mm \/ 50 mm\u00b2), 1 x 16 95 01 SB KNIPEX ErgoStrip\u00ae \u00dcniversal Kablo K\u0131l\u0131f\u0131 Soyma Aleti sa\u011f elini kullananlar i\u00e7in uygun versiyon (\u00d8 8,0 \u2013 13,0 mm), 1 x 70 06 160 Knipex Yan keski (160 mm), 1 x 74 06 200 Knipex A\u011f\u0131r Hizmet Yan Keski (200 mm), 1 x 26 26 200 Knipex Kargaburun (Leylek burnu tipi pense) (200 mm), 1 x 5003484001 Wera VDE de\u011fi\u015ftirilebilir b\u0131\u00e7ak seti, 16 par\u00e7a, Slim, 1 x 004018 Wera Zyklop metal c\u0131rc\u0131r seti 8100 SA 8 28 par\u00e7a (1\/4&#8243;), 1 x 003760 Wera Joker \u00e7ift a\u011f\u0131zl\u0131 anahtar (10 x 13 mm), 1 x 0030312-0300 Picard Tamirci \u00e7ekici (300 g), 1 x 361 252 1 Rennsteig Elektrik\u00e7i keskisi (250 x 10 mm), 1 x 16135 Stabila Su terazisi Tip 70 Electric (430 mm), 1 x 18115 Stabila Mini su terazisi Pocket Electric (68 mm), 1 x 12 52 195 SB KNIPEX PreciStrip16\u00ae Otomatik Kablo S\u0131y\u0131rma Pensesi (0,08 &#8211; 16 mm\u00b2),<\/p>\n","protected":false},"featured_media":8783,"comment_status":"open","ping_status":"closed","template":"","meta":{"_acf_changed":false},"product_brand":[1486],"product_cat":[734],"product_tag":[],"class_list":{"0":"post-8784","1":"product","2":"type-product","3":"status-publish","4":"has-post-thumbnail","6":"product_brand-knipex","7":"product_cat-plastik-takim-cantalari","9":"first","10":"outofstock","11":"taxable","12":"shipping-taxable","13":"purchasable","14":"product-type-simple","15":"add-to-wishlist-after_add_to_cart"},"acf":[],"_links":{"self":[{"href":"https:\/\/www.makitamarket.com.tr\/site\/wp-json\/wp\/v2\/product\/8784","targetHints":{"allow":["GET"]}}],"collection":[{"href":"https:\/\/www.makitamarket.com.tr\/site\/wp-json\/wp\/v2\/product"}],"about":[{"href":"https:\/\/www.makitamarket.com.tr\/site\/wp-json\/wp\/v2\/types\/product"}],"replies":[{"embeddable":true,"href":"https:\/\/www.makitamarket.com.tr\/site\/wp-json\/wp\/v2\/comments?post=8784"}],"wp:featuredmedia":[{"embeddable":true,"href":"https:\/\/www.makitamarket.com.tr\/site\/wp-json\/wp\/v2\/media\/8783"}],"wp:attachment":[{"href":"https:\/\/www.makitamarket.com.tr\/site\/wp-json\/wp\/v2\/media?parent=8784"}],"wp:term":[{"taxonomy":"product_brand","embeddable":true,"href":"https:\/\/www.makitamarket.com.tr\/site\/wp-json\/wp\/v2\/product_brand?post=8784"},{"taxonomy":"product_cat","embeddable":true,"href":"https:\/\/www.makitamarket.com.tr\/site\/wp-json\/wp\/v2\/product_cat?post=8784"},{"taxonomy":"product_tag","embeddable":true,"href":"https:\/\/www.makitamarket.com.tr\/site\/wp-json\/wp\/v2\/product_tag?post=8784"}],"curies":[{"name":"wp","href":"https:\/\/api.w.org\/{rel}","templated":true}]}}