{"id":8786,"date":"2024-11-27T19:48:31","date_gmt":"2024-11-27T16:48:31","guid":{"rendered":"https:\/\/www.makitamarket.com.tr\/site\/urun\/makita-sosis-tip-silikon-tabancasi-18v\/"},"modified":"2026-03-30T07:17:44","modified_gmt":"2026-03-30T04:17:44","slug":"makita-sosis-tip-silikon-tabancasi-18v","status":"publish","type":"product","link":"https:\/\/www.makitamarket.com.tr\/site\/urun\/makita-sosis-tip-silikon-tabancasi-18v\/","title":{"rendered":"Makita DCG180RYEB SOS\u0130S T\u0130P S\u0130L\u0130KON TABANCASI 18V"},"content":{"rendered":"<p>Model DCG180RYEB<\/p>\n<p>Silikon Tabanca<\/p>\n<p>Sosis Tipi<\/p>\n<p>18V \u2022 300 \/ 600 \/ 800ml<\/p>\n<p><span style=\"color: rgb(0, 112, 192);\">Sosis tipi i\u00e7in silikon tabancas\u0131 <\/span><\/p>\n<p>Silikon tabancas\u0131 \u00e7al\u0131\u015ft\u0131r\u0131ld\u0131\u011f\u0131nda i\u00e7indeki silikon \u00e7ubu\u011fu \u0131s\u0131n\u0131p erir.B\u00f6ylece silikon yumu\u015far. Eriyip yumu\u015fayan silikon, silikon tabancas\u0131n\u0131n ucundan kontroll\u00fc bir \u015fekilde ak\u0131p y\u00fczeyler aras\u0131ndaki bo\u015fluklar\u0131 doldurmak ve yap\u0131\u015ft\u0131rmak ama\u00e7l\u0131 y\u00fczeylere uygulan\u0131r. <\/p>\n<p><span style=\"color: red;\">Kullan\u0131m amac\u0131: <\/span>Bu alet y\u00fczeye derz malzemesi uygulamak i\u00e7in tasarlanm\u0131\u015ft\u0131r.<\/p>\n<p><u style=\"color: rgb(33, 37, 41);\">\u00d6zellikleri:<\/u><\/p>\n<p><span style=\"color: rgb(33, 37, 41);\">18V max Lithium-ion,\u00c7ift Ak\u00fcl\u00fc<\/span><\/p>\n<p>Ak\u00fcl\u00fc yap\u0131s\u0131 kullan\u0131c\u0131ya kablosuz kullan\u0131m imkan\u0131 sunar ve bu sayede kullan\u0131c\u0131lar geni\u015f alanlarda kablo s\u0131n\u0131rlamalar\u0131 olmadan rahat\u00e7a \u00e7al\u0131\u015fabilirler.<\/p>\n<p>Li-ion;Bataryan\u0131n daha verimli \u00e7al\u0131\u015fmas\u0131n\u0131 sa\u011flayan teknolojidir.<\/p>\n<ol>\n<li data-list=\"bullet\"><span class=\"ql-ui\" contenteditable=\"false\"><\/span><span style=\"color: black;\">De\u011fi\u015fken h\u0131z \u00f6zelli\u011fi vard\u0131r.<\/span><\/li>\n<li data-list=\"bullet\"><span class=\"ql-ui\" contenteditable=\"false\"><\/span>Led \u0131\u015f\u0131\u011f\u0131 vard\u0131r.<\/li>\n<li data-list=\"bullet\"><span class=\"ql-ui\" contenteditable=\"false\"><\/span>Plastik ta\u015f\u0131ma \u00e7antal\u0131d\u0131r.<\/li>\n<\/ol>\n<p><span style=\"background-color: white; color: rgb(33, 37, 41);\">Ambalaj i\u00e7eri\u011fi: Tutucu, tutucu ba\u011flant\u0131s\u0131, piston, kau\u00e7uk halka, hortum<\/span><\/p>\n<p><\/p>\n<p><\/p>\n<table>\n<tr>\n<td>Maks. \u0130ti\u015f G\u00fcc\u00fc<\/td>\n<td>5.000 N<\/td>\n<\/tr>\n<tr>\n<td>Bo\u015fta Devir<\/td>\n<td>0-28 mm\/sn<\/td>\n<\/tr>\n<tr>\n<td>Net A\u011f\u0131rl\u0131k<\/td>\n<td>2.1kg<\/td>\n<\/tr>\n<tr>\n<td>G\u00fc\u00e7-Kapasite<\/td>\n<td>18V\/1,5Ah\/Li-ion<\/td>\n<\/tr>\n<tr>\n<td>Ak\u00fc \/ \u015earj Cihaz\u0131<\/td>\n<td>BL1815N \/ DC18RC<\/td>\n<\/tr>\n<\/table>\n","protected":false},"excerpt":{"rendered":"<p>Model DCG180RYEB<\/p>\n<p>Silikon Tabanca<\/p>\n<p>Sosis Tipi<\/p>\n<p>18V \u2022 300 \/ 600 \/ 800ml<\/p>\n<p><span style=\"color: rgb(0, 112, 192);\">Sosis tipi i\u00e7in silikon tabancas\u0131 <\/span><\/p>\n<p>Silikon tabancas\u0131 \u00e7al\u0131\u015ft\u0131r\u0131ld\u0131\u011f\u0131nda i\u00e7indeki silikon \u00e7ubu\u011fu \u0131s\u0131n\u0131p erir.B\u00f6ylece silikon yumu\u015far. Eriyip yumu\u015fayan silikon, silikon tabancas\u0131n\u0131n ucundan kontroll\u00fc bir \u015fekilde ak\u0131p y\u00fczeyler aras\u0131ndaki bo\u015fluklar\u0131 doldurmak ve yap\u0131\u015ft\u0131rmak ama\u00e7l\u0131 y\u00fczeylere uygulan\u0131r. <\/p>\n<p><span style=\"color: red;\">Kullan\u0131m amac\u0131: <\/span>Bu alet y\u00fczeye derz malzemesi uygulamak i\u00e7in tasarlanm\u0131\u015ft\u0131r.<\/p>\n<p><u style=\"color: rgb(33, 37, 41);\">\u00d6zellikleri:<\/u><\/p>\n<p><span style=\"color: rgb(33, 37, 41);\">18V max Lithium-ion,\u00c7ift Ak\u00fcl\u00fc<\/span><\/p>\n<p>Ak\u00fcl\u00fc yap\u0131s\u0131 kullan\u0131c\u0131ya kablosuz kullan\u0131m imkan\u0131 sunar ve bu sayede kullan\u0131c\u0131lar geni\u015f alanlarda kablo s\u0131n\u0131rlamalar\u0131 olmadan rahat\u00e7a \u00e7al\u0131\u015fabilirler.<\/p>\n<p>Li-ion;Bataryan\u0131n daha verimli \u00e7al\u0131\u015fmas\u0131n\u0131 sa\u011flayan teknolojidir.<\/p>\n<ol>\n<li data-list=\"bullet\"><span class=\"ql-ui\" contenteditable=\"false\"><\/span><span style=\"color: black;\">De\u011fi\u015fken h\u0131z \u00f6zelli\u011fi vard\u0131r.<\/span><\/li>\n<li data-list=\"bullet\"><span class=\"ql-ui\" contenteditable=\"false\"><\/span>Led \u0131\u015f\u0131\u011f\u0131 vard\u0131r.<\/li>\n<li data-list=\"bullet\"><span class=\"ql-ui\" contenteditable=\"false\"><\/span>Plastik ta\u015f\u0131ma \u00e7antal\u0131d\u0131r.<\/li>\n<\/ol>\n<p><span style=\"background-color: white; color: rgb(33, 37, 41);\">Ambalaj i\u00e7eri\u011fi: Tutucu, tutucu ba\u011flant\u0131s\u0131, piston, kau\u00e7uk halka, hortum<\/span><\/p>\n<p><\/p>\n<p><\/p>\n","protected":false},"featured_media":8785,"comment_status":"open","ping_status":"closed","template":"","meta":{"_acf_changed":false},"product_brand":[1485],"product_cat":[755],"product_tag":[],"class_list":{"0":"post-8786","1":"product","2":"type-product","3":"status-publish","4":"has-post-thumbnail","6":"product_brand-makita","7":"product_cat-18-volt","9":"first","10":"instock","11":"taxable","12":"shipping-taxable","13":"purchasable","14":"product-type-simple","15":"add-to-wishlist-after_add_to_cart"},"acf":[],"_links":{"self":[{"href":"https:\/\/www.makitamarket.com.tr\/site\/wp-json\/wp\/v2\/product\/8786","targetHints":{"allow":["GET"]}}],"collection":[{"href":"https:\/\/www.makitamarket.com.tr\/site\/wp-json\/wp\/v2\/product"}],"about":[{"href":"https:\/\/www.makitamarket.com.tr\/site\/wp-json\/wp\/v2\/types\/product"}],"replies":[{"embeddable":true,"href":"https:\/\/www.makitamarket.com.tr\/site\/wp-json\/wp\/v2\/comments?post=8786"}],"wp:featuredmedia":[{"embeddable":true,"href":"https:\/\/www.makitamarket.com.tr\/site\/wp-json\/wp\/v2\/media\/8785"}],"wp:attachment":[{"href":"https:\/\/www.makitamarket.com.tr\/site\/wp-json\/wp\/v2\/media?parent=8786"}],"wp:term":[{"taxonomy":"product_brand","embeddable":true,"href":"https:\/\/www.makitamarket.com.tr\/site\/wp-json\/wp\/v2\/product_brand?post=8786"},{"taxonomy":"product_cat","embeddable":true,"href":"https:\/\/www.makitamarket.com.tr\/site\/wp-json\/wp\/v2\/product_cat?post=8786"},{"taxonomy":"product_tag","embeddable":true,"href":"https:\/\/www.makitamarket.com.tr\/site\/wp-json\/wp\/v2\/product_tag?post=8786"}],"curies":[{"name":"wp","href":"https:\/\/api.w.org\/{rel}","templated":true}]}}