{"id":8793,"date":"2024-11-27T19:48:34","date_gmt":"2024-11-27T16:48:34","guid":{"rendered":"https:\/\/www.makitamarket.com.tr\/site\/urun\/biglift-galvaniz-polyamid-tekerlekli-transpalet\/"},"modified":"2026-04-06T12:26:10","modified_gmt":"2026-04-06T09:26:10","slug":"biglift-galvaniz-polyamid-tekerlekli-transpalet","status":"publish","type":"product","link":"https:\/\/www.makitamarket.com.tr\/site\/urun\/biglift-galvaniz-polyamid-tekerlekli-transpalet\/","title":{"rendered":"Biglift RM-ACZ20H GALVAN\u0130Z-POLYAM\u0130D TEKERLEKL\u0130 TRANSPALET"},"content":{"rendered":"<p>Galvaniz-polyamid tekerlekli transpalet, metal aksamlar\u0131, paslanmaya ve korozyona kar\u015f\u0131 dayan\u0131kl\u0131l\u0131k sa\u011flamak amac\u0131yla galvaniz kaplama ile g\u00fc\u00e7lendirilmi\u015ftir bir modeldir. \u00d6zellikle paslanmaya kar\u015f\u0131 dayan\u0131kl\u0131 olmas\u0131 gereken ortamlar ve hassas zeminlerde kullan\u0131m i\u00e7in \u00f6zel tasarlanm\u0131\u015ft\u0131r.<\/p>\n<table>\n<tr>\n<td>Kald\u0131rma Kapasitesi<\/td>\n<td>2000<\/td>\n<\/tr>\n<tr>\n<td>Min \u00c7atal Y\u00fcksekli\u011fi<\/td>\n<td>85<\/td>\n<\/tr>\n<tr>\n<td>Max \u00c7atal Y\u00fcksekli\u011fi<\/td>\n<td>200<\/td>\n<\/tr>\n<tr>\n<td>Y\u00f6n Tekerle\u011fi<\/td>\n<td>200&#215;50<\/td>\n<\/tr>\n<tr>\n<td>Y\u00fck Tekerle\u011fi<\/td>\n<td>80&#215;70<\/td>\n<\/tr>\n<tr>\n<td>\u00c7atal \u00d6l\u00e7\u00fcs\u00fc<\/td>\n<td>160&#215;60<\/td>\n<\/tr>\n<tr>\n<td>\u00c7atal Boyu<\/td>\n<td>1150<\/td>\n<\/tr>\n<tr>\n<td>\u00c7atal Geni\u015fli\u011fi<\/td>\n<td>540<\/td>\n<\/tr>\n<\/table>\n","protected":false},"excerpt":{"rendered":"<p>Galvaniz-polyamid tekerlekli transpalet, metal aksamlar\u0131, paslanmaya ve korozyona kar\u015f\u0131 dayan\u0131kl\u0131l\u0131k sa\u011flamak amac\u0131yla galvaniz kaplama ile g\u00fc\u00e7lendirilmi\u015ftir bir modeldir. \u00d6zellikle paslanmaya kar\u015f\u0131 dayan\u0131kl\u0131 olmas\u0131 gereken ortamlar ve hassas zeminlerde kullan\u0131m i\u00e7in \u00f6zel tasarlanm\u0131\u015ft\u0131r.<\/p>\n","protected":false},"featured_media":8792,"comment_status":"open","ping_status":"closed","template":"","meta":{"_acf_changed":false},"product_brand":[1490],"product_cat":[746],"product_tag":[],"class_list":{"0":"post-8793","1":"product","2":"type-product","3":"status-publish","4":"has-post-thumbnail","6":"product_brand-biglift","7":"product_cat-transpaletler","9":"first","10":"instock","11":"taxable","12":"shipping-taxable","13":"purchasable","14":"product-type-simple","15":"add-to-wishlist-after_add_to_cart"},"acf":[],"_links":{"self":[{"href":"https:\/\/www.makitamarket.com.tr\/site\/wp-json\/wp\/v2\/product\/8793","targetHints":{"allow":["GET"]}}],"collection":[{"href":"https:\/\/www.makitamarket.com.tr\/site\/wp-json\/wp\/v2\/product"}],"about":[{"href":"https:\/\/www.makitamarket.com.tr\/site\/wp-json\/wp\/v2\/types\/product"}],"replies":[{"embeddable":true,"href":"https:\/\/www.makitamarket.com.tr\/site\/wp-json\/wp\/v2\/comments?post=8793"}],"wp:featuredmedia":[{"embeddable":true,"href":"https:\/\/www.makitamarket.com.tr\/site\/wp-json\/wp\/v2\/media\/8792"}],"wp:attachment":[{"href":"https:\/\/www.makitamarket.com.tr\/site\/wp-json\/wp\/v2\/media?parent=8793"}],"wp:term":[{"taxonomy":"product_brand","embeddable":true,"href":"https:\/\/www.makitamarket.com.tr\/site\/wp-json\/wp\/v2\/product_brand?post=8793"},{"taxonomy":"product_cat","embeddable":true,"href":"https:\/\/www.makitamarket.com.tr\/site\/wp-json\/wp\/v2\/product_cat?post=8793"},{"taxonomy":"product_tag","embeddable":true,"href":"https:\/\/www.makitamarket.com.tr\/site\/wp-json\/wp\/v2\/product_tag?post=8793"}],"curies":[{"name":"wp","href":"https:\/\/api.w.org\/{rel}","templated":true}]}}