{"id":8806,"date":"2024-11-27T19:48:39","date_gmt":"2024-11-27T16:48:39","guid":{"rendered":"https:\/\/www.makitamarket.com.tr\/site\/urun\/makita-alcipan-vidalama-18v\/"},"modified":"2026-04-06T12:29:15","modified_gmt":"2026-04-06T09:29:15","slug":"makita-alcipan-vidalama-18v","status":"publish","type":"product","link":"https:\/\/www.makitamarket.com.tr\/site\/urun\/makita-alcipan-vidalama-18v\/","title":{"rendered":"Makita DFS452RFE AL\u00c7IPAN V\u0130DALAMA 18V"},"content":{"rendered":"<p><span style=\"color: rgb(33, 37, 41);\">Model DFS452RFE<\/span><\/p>\n<p><span style=\"color: rgb(33, 37, 41);\">Al\u00e7\u0131pan Vidalama<\/span><\/p>\n<p><span style=\"color: rgb(33, 37, 41);\">18V \u2022 0 \u2013 4.000 dak\u207b\u00b9<\/span><\/p>\n<p><span style=\"color: rgb(0, 112, 192);\">Al\u00e7\u0131pan vidalar\u0131 i\u00e7in g\u00fcvenilir k\u00f6m\u00fcrs\u00fcz al\u00e7\u0131pan vidalama<\/span><\/p>\n<p><span style=\"color: rgb(33, 37, 41);\">Dakikada 0-4.000 bo\u015fta devire sahiptir. Do\u011fru \u00e7al\u0131\u015fma i\u00e7in hassas derinlik kontrol anahtar\u0131na sahip al\u00e7\u0131pan vidalama. Ergonomik tasar\u0131m iyi bir tutu\u015f sa\u011flar. <\/span><\/p>\n<p><span style=\"color: red;\">Kullan\u0131m amac\u0131: <\/span>Bu alet ah\u015fap,metal ve plastik malzemede vidalama i\u015flemleri i\u00e7in tasarlanm\u0131\u015ft\u0131r. <\/p>\n<p><u style=\"color: rgb(33, 37, 41);\">\u00d6zellikleri:<\/u><\/p>\n<p><span style=\"color: rgb(33, 37, 41); background-color: white;\">18V max Lithium-ion,BL MOTOR,XPT,\u00c7ift Ak\u00fcl\u00fc<\/span><\/p>\n<p>Ak\u00fcl\u00fc yap\u0131s\u0131 kullan\u0131c\u0131ya kablosuz kullan\u0131m imkan\u0131 sunar ve bu sayede kullan\u0131c\u0131lar geni\u015f alanlarda kablo s\u0131n\u0131rlamalar\u0131 olmadan rahat\u00e7a \u00e7al\u0131\u015fabilirler.<\/p>\n<p>Li-ion;Bataryan\u0131n daha verimli \u00e7al\u0131\u015fmas\u0131n\u0131 sa\u011flayan teknolojidir.<\/p>\n<p>BL Motor\/K\u00f6m\u00fcrs\u00fcz Motor mevcuttur. K\u00f6m\u00fcrs\u00fcz motor sayesinde \u00e7al\u0131\u015fma esnas\u0131nda olu\u015fan \u0131s\u0131 enerjisi kaybolmaz ve makinenin g\u00fcc\u00fcne iletilir.<\/p>\n<p>XPT(Ekstra Koruma Teknolojisi) sayesinde nemli ve ya\u011fmurlu ortamlarda kullan\u0131labilir. D\u00fc\u015fmeye kar\u015f\u0131 ekstra dayan\u0131kl\u0131d\u0131r.<\/p>\n<ol>\n<li data-list=\"bullet\"><span class=\"ql-ui\" contenteditable=\"false\"><\/span>De\u011fi\u015fken h\u0131z \u00f6zelli\u011fine sahiptir.<\/li>\n<li data-list=\"bullet\"><span class=\"ql-ui\" contenteditable=\"false\"><\/span>Sa\u011f-sol d\u00f6n\u00fc\u015f ayarl\u0131d\u0131r.<\/li>\n<li data-list=\"bullet\"><span class=\"ql-ui\" contenteditable=\"false\"><\/span><span style=\"color: rgb(33, 37, 41);\">Plastik ta\u015f\u0131ma \u00e7antal\u0131d\u0131r.<\/span><\/li>\n<li data-list=\"bullet\"><span class=\"ql-ui\" contenteditable=\"false\"><\/span><span style=\"color: rgb(33, 37, 41);\">Led \u0131\u015f\u0131\u011f\u0131 vard\u0131r.<\/span><\/li>\n<\/ol>\n<p>Ambalaj i\u00e7eri\u011fi: Bits u\u00e7, manyetik u\u00e7 tutucu, bel kancas\u0131, \u00e7ift ak\u00fc, \u015farj cihaz\u0131 <\/p>\n<p><\/p>\n<p><\/p>\n<table>\n<tr>\n<td>Kapasite<\/td>\n<td>Al\u00e7\u0131pan vidas\u0131: 5mm, Delici vida: 6mm<\/td>\n<\/tr>\n<tr>\n<td>U\u00e7 tipi(y\u0131ld\u0131z)<\/td>\n<td>6.35<\/td>\n<\/tr>\n<tr>\n<td>Bo\u015fta Devir<\/td>\n<td>0-4,000 devir\/dk<\/td>\n<\/tr>\n<tr>\n<td>Net A\u011f\u0131rl\u0131k<\/td>\n<td>1.5kg<\/td>\n<\/tr>\n<tr>\n<td>G\u00fc\u00e7-Kapasite<\/td>\n<td>18V\/3.0Ah\/Li-ion<\/td>\n<\/tr>\n<tr>\n<td>Ak\u00fc \/ \u015earj Cihaz\u0131<\/td>\n<td>BL1830\/DC18RC<\/td>\n<\/tr>\n<\/table>\n","protected":false},"excerpt":{"rendered":"<p><span style=\"color: rgb(33, 37, 41);\">Model DFS452RFE<\/span><\/p>\n<p><span style=\"color: rgb(33, 37, 41);\">Al\u00e7\u0131pan Vidalama<\/span><\/p>\n<p><span style=\"color: rgb(33, 37, 41);\">18V \u2022 0 \u2013 4.000 dak\u207b\u00b9<\/span><\/p>\n<p><span style=\"color: rgb(0, 112, 192);\">Al\u00e7\u0131pan vidalar\u0131 i\u00e7in g\u00fcvenilir k\u00f6m\u00fcrs\u00fcz al\u00e7\u0131pan vidalama<\/span><\/p>\n<p><span style=\"color: rgb(33, 37, 41);\">Dakikada 0-4.000 bo\u015fta devire sahiptir. Do\u011fru \u00e7al\u0131\u015fma i\u00e7in hassas derinlik kontrol anahtar\u0131na sahip al\u00e7\u0131pan vidalama. Ergonomik tasar\u0131m iyi bir tutu\u015f sa\u011flar. <\/span><\/p>\n<p><span style=\"color: red;\">Kullan\u0131m amac\u0131: <\/span>Bu alet ah\u015fap,metal ve plastik malzemede vidalama i\u015flemleri i\u00e7in tasarlanm\u0131\u015ft\u0131r. <\/p>\n<p><u style=\"color: rgb(33, 37, 41);\">\u00d6zellikleri:<\/u><\/p>\n<p><span style=\"color: rgb(33, 37, 41); background-color: white;\">18V max Lithium-ion,BL MOTOR,XPT,\u00c7ift Ak\u00fcl\u00fc<\/span><\/p>\n<p>Ak\u00fcl\u00fc yap\u0131s\u0131 kullan\u0131c\u0131ya kablosuz kullan\u0131m imkan\u0131 sunar ve bu sayede kullan\u0131c\u0131lar geni\u015f alanlarda kablo s\u0131n\u0131rlamalar\u0131 olmadan rahat\u00e7a \u00e7al\u0131\u015fabilirler.<\/p>\n<p>Li-ion;Bataryan\u0131n daha verimli \u00e7al\u0131\u015fmas\u0131n\u0131 sa\u011flayan teknolojidir.<\/p>\n<p>BL Motor\/K\u00f6m\u00fcrs\u00fcz Motor mevcuttur. K\u00f6m\u00fcrs\u00fcz motor sayesinde \u00e7al\u0131\u015fma esnas\u0131nda olu\u015fan \u0131s\u0131 enerjisi kaybolmaz ve makinenin g\u00fcc\u00fcne iletilir.<\/p>\n<p>XPT(Ekstra Koruma Teknolojisi) sayesinde nemli ve ya\u011fmurlu ortamlarda kullan\u0131labilir. D\u00fc\u015fmeye kar\u015f\u0131 ekstra dayan\u0131kl\u0131d\u0131r.<\/p>\n<ol>\n<li data-list=\"bullet\"><span class=\"ql-ui\" contenteditable=\"false\"><\/span>De\u011fi\u015fken h\u0131z \u00f6zelli\u011fine sahiptir.<\/li>\n<li data-list=\"bullet\"><span class=\"ql-ui\" contenteditable=\"false\"><\/span>Sa\u011f-sol d\u00f6n\u00fc\u015f ayarl\u0131d\u0131r.<\/li>\n<li data-list=\"bullet\"><span class=\"ql-ui\" contenteditable=\"false\"><\/span><span style=\"color: rgb(33, 37, 41);\">Plastik ta\u015f\u0131ma \u00e7antal\u0131d\u0131r.<\/span><\/li>\n<li data-list=\"bullet\"><span class=\"ql-ui\" contenteditable=\"false\"><\/span><span style=\"color: rgb(33, 37, 41);\">Led \u0131\u015f\u0131\u011f\u0131 vard\u0131r.<\/span><\/li>\n<\/ol>\n<p>Ambalaj i\u00e7eri\u011fi: Bits u\u00e7, manyetik u\u00e7 tutucu, bel kancas\u0131, \u00e7ift ak\u00fc, \u015farj cihaz\u0131 <\/p>\n<p><\/p>\n<p><\/p>\n","protected":false},"featured_media":8900,"comment_status":"open","ping_status":"closed","template":"","meta":{"_acf_changed":false},"product_brand":[1485],"product_cat":[755],"product_tag":[],"class_list":{"0":"post-8806","1":"product","2":"type-product","3":"status-publish","4":"has-post-thumbnail","6":"product_brand-makita","7":"product_cat-18-volt","9":"first","10":"instock","11":"taxable","12":"shipping-taxable","13":"purchasable","14":"product-type-simple","15":"add-to-wishlist-after_add_to_cart"},"acf":[],"_links":{"self":[{"href":"https:\/\/www.makitamarket.com.tr\/site\/wp-json\/wp\/v2\/product\/8806","targetHints":{"allow":["GET"]}}],"collection":[{"href":"https:\/\/www.makitamarket.com.tr\/site\/wp-json\/wp\/v2\/product"}],"about":[{"href":"https:\/\/www.makitamarket.com.tr\/site\/wp-json\/wp\/v2\/types\/product"}],"replies":[{"embeddable":true,"href":"https:\/\/www.makitamarket.com.tr\/site\/wp-json\/wp\/v2\/comments?post=8806"}],"wp:featuredmedia":[{"embeddable":true,"href":"https:\/\/www.makitamarket.com.tr\/site\/wp-json\/wp\/v2\/media\/8900"}],"wp:attachment":[{"href":"https:\/\/www.makitamarket.com.tr\/site\/wp-json\/wp\/v2\/media?parent=8806"}],"wp:term":[{"taxonomy":"product_brand","embeddable":true,"href":"https:\/\/www.makitamarket.com.tr\/site\/wp-json\/wp\/v2\/product_brand?post=8806"},{"taxonomy":"product_cat","embeddable":true,"href":"https:\/\/www.makitamarket.com.tr\/site\/wp-json\/wp\/v2\/product_cat?post=8806"},{"taxonomy":"product_tag","embeddable":true,"href":"https:\/\/www.makitamarket.com.tr\/site\/wp-json\/wp\/v2\/product_tag?post=8806"}],"curies":[{"name":"wp","href":"https:\/\/api.w.org\/{rel}","templated":true}]}}