{"id":8809,"date":"2024-11-27T19:48:40","date_gmt":"2024-11-27T16:48:40","guid":{"rendered":"https:\/\/www.makitamarket.com.tr\/site\/urun\/lavor-profesyonel-islak-kuru-elektrikli-supurge-2400w\/"},"modified":"2026-04-06T12:27:08","modified_gmt":"2026-04-06T09:27:08","slug":"lavor-profesyonel-islak-kuru-elektrikli-supurge-2400w","status":"publish","type":"product","link":"https:\/\/www.makitamarket.com.tr\/site\/urun\/lavor-profesyonel-islak-kuru-elektrikli-supurge-2400w\/","title":{"rendered":"Lavor DOMUS IF 03 PROFESYONEL ISLAK KURU ELEKTR\u0130KL\u0130 S\u00dcP\u00dcRGE 2400W"},"content":{"rendered":"<table>\n<tr>\n<td>Performans<\/td>\n<td>2400 Watt<\/td>\n<\/tr>\n<tr>\n<td>Vakum<\/td>\n<td>2240 mmH2O\/22.kPa<\/td>\n<\/tr>\n<tr>\n<td>\u00d6l\u00e7\u00fcler<\/td>\n<td>75x60x103cm<\/td>\n<\/tr>\n<tr>\n<td>So\u011futma<\/td>\n<td>By-pass<\/td>\n<\/tr>\n<tr>\n<td>Kapasite<\/td>\n<td>78lt. Kazan<\/td>\n<\/tr>\n<tr>\n<td>A\u011f\u0131rl\u0131k<\/td>\n<td>30.5 kg.<\/td>\n<\/tr>\n<tr>\n<td>Hava Aktar\u0131m\u0131<\/td>\n<td>L\/S108<\/td>\n<\/tr>\n<tr>\n<td>Ses<\/td>\n<td>74 dBA<\/td>\n<\/tr>\n<tr>\n<td>Sistem<\/td>\n<td>Islak&#038;Kuru<\/td>\n<\/tr>\n<\/table>\n","protected":false},"excerpt":{"rendered":"<p>Performans 2400 Watt Vakum 2240 mmH2O\/22.kPa \u00d6l\u00e7\u00fcler 75x60x103cm So\u011futma By-pass Kapasite 78lt. Kazan A\u011f\u0131rl\u0131k 30.5 kg. Hava Aktar\u0131m\u0131 L\/S108 Ses 74 dBA Sistem Islak&#038;Kuru<\/p>\n","protected":false},"featured_media":8808,"comment_status":"open","ping_status":"closed","template":"","meta":{"_acf_changed":false},"product_brand":[1493],"product_cat":[900],"product_tag":[],"class_list":{"0":"post-8809","1":"product","2":"type-product","3":"status-publish","4":"has-post-thumbnail","6":"product_brand-lavor","7":"product_cat-profesyonel-islak-kuru-elektrikli-supurgeler","9":"first","10":"instock","11":"taxable","12":"shipping-taxable","13":"purchasable","14":"product-type-simple","15":"add-to-wishlist-after_add_to_cart"},"acf":[],"_links":{"self":[{"href":"https:\/\/www.makitamarket.com.tr\/site\/wp-json\/wp\/v2\/product\/8809","targetHints":{"allow":["GET"]}}],"collection":[{"href":"https:\/\/www.makitamarket.com.tr\/site\/wp-json\/wp\/v2\/product"}],"about":[{"href":"https:\/\/www.makitamarket.com.tr\/site\/wp-json\/wp\/v2\/types\/product"}],"replies":[{"embeddable":true,"href":"https:\/\/www.makitamarket.com.tr\/site\/wp-json\/wp\/v2\/comments?post=8809"}],"wp:featuredmedia":[{"embeddable":true,"href":"https:\/\/www.makitamarket.com.tr\/site\/wp-json\/wp\/v2\/media\/8808"}],"wp:attachment":[{"href":"https:\/\/www.makitamarket.com.tr\/site\/wp-json\/wp\/v2\/media?parent=8809"}],"wp:term":[{"taxonomy":"product_brand","embeddable":true,"href":"https:\/\/www.makitamarket.com.tr\/site\/wp-json\/wp\/v2\/product_brand?post=8809"},{"taxonomy":"product_cat","embeddable":true,"href":"https:\/\/www.makitamarket.com.tr\/site\/wp-json\/wp\/v2\/product_cat?post=8809"},{"taxonomy":"product_tag","embeddable":true,"href":"https:\/\/www.makitamarket.com.tr\/site\/wp-json\/wp\/v2\/product_tag?post=8809"}],"curies":[{"name":"wp","href":"https:\/\/api.w.org\/{rel}","templated":true}]}}