{"id":8812,"date":"2024-11-27T19:48:44","date_gmt":"2024-11-27T16:48:44","guid":{"rendered":"https:\/\/www.makitamarket.com.tr\/site\/urun\/makita-nibler-sac-kesme-makinasi\/"},"modified":"2026-04-13T19:18:46","modified_gmt":"2026-04-13T16:18:46","slug":"makita-nibler-sac-kesme-makinasi","status":"publish","type":"product","link":"https:\/\/www.makitamarket.com.tr\/site\/urun\/makita-nibler-sac-kesme-makinasi\/","title":{"rendered":"Makita JN1601 N\u0130BLER SAC KESME MAK\u0130NASI"},"content":{"rendered":"<p><span style=\"color: black;\">Model JN1601<\/span><\/p>\n<p><span style=\"color: black;\">Nibler<\/span><\/p>\n<p>550 W \u2022 1.6 mm \u2022 2.200 dak\u207b\u00b9<\/p>\n<p><strong style=\"color: rgb(0, 112, 192);\">Metal Kesimi i\u00e7in Y\u00fcksek Performansl\u0131 Sac Kesme Makinesi<\/strong><\/p>\n<p><span style=\"color: black;\">Metal sac kesme i\u015flemleri i\u00e7in tasarlanm\u0131\u015f, kompakt ve g\u00fc\u00e7l\u00fc bir makine modelidir. <\/span><strong style=\"color: black;\">400 W motor g\u00fcc\u00fc<\/strong><span style=\"color: black;\"> ve <\/span><strong style=\"color: black;\">1.6 <\/strong><span style=\"color: black;\">mm pens kapasitesi ile ince metal malzemelerde hassas kesimler sa\u011flar. Dakikada 2.200 kesme say\u0131s\u0131na sahiptir. Ergonomik tasar\u0131m\u0131 ve d\u00fc\u015f\u00fck titre\u015fim seviyesi, uzun s\u00fcreli kullan\u0131mda konfor sunar. Metal i\u015fleme, \u00e7at\u0131 kaplama ve sac projelerinde ideal bir tercihtir.<\/span><\/p>\n<p><span style=\"color: red;\">Kullan\u0131m amac\u0131: <\/span><span style=\"color: black;\">Bu aletin kullan\u0131m amac\u0131 \u00e7elik ve paslanmaz \u00e7elik sac kesmektir. <\/span><\/p>\n<p><u>\u00d6zellikleri:<\/u><\/p>\n<p><span style=\"color: red;\">G\u00fc\u00e7 Kayna\u011f\u0131:n<\/span>Makinan\u0131n, yaln\u0131zca isim levhas\u0131nda belirtilenle ayn\u0131 voltajl\u0131 g\u00fc\u00e7 kayna\u011f\u0131na ba\u011flanmas\u0131 gerekir ve yaln\u0131zca tek fazl\u0131 AC g\u00fc\u00e7 kayna\u011f\u0131yla \u00e7al\u0131\u015ft\u0131r\u0131labilir. Avrupa standarlar\u0131na uygun olarak \u00e7ifte yal\u0131t\u0131ml\u0131d\u0131r ve topraklamas\u0131z prizlerle de kullan\u0131labilir.<\/p>\n<ol>\n<li data-list=\"bullet\"><span class=\"ql-ui\" contenteditable=\"false\"><\/span>\u00c7ift yal\u0131t\u0131ml\u0131d\u0131r.<\/li>\n<\/ol>\n<p>Ambalaj i\u00e7eri\u011fi: Anahtar, nibler z\u0131mbas\u0131, nibler kal\u0131b\u0131<\/p>\n<p><span style=\"color: red; background-color: white;\">D\u00fcz ve \u015fekilli kesimler i\u00e7in<\/span><\/p>\n<p><\/p>\n<table>\n<tr>\n<td>S\u00fcrekli Ak\u0131m Giri\u015fi<\/td>\n<td>550W<\/td>\n<\/tr>\n<tr>\n<td>Kapasite<\/td>\n<td>400Nm ile \u00e7elik:1.6mm,600Nm ile \u00e7elik:1.2mm,800Nm ile \u00e7elik:0.8mm,200Nm ile al\u00fcminyum:2.5mm<\/td>\n<\/tr>\n<tr>\n<td>Net A\u011f\u0131rl\u0131k<\/td>\n<td>1.6kg<\/td>\n<\/tr>\n<tr>\n<td>Min. Kesme Yar\u0131\u00e7ap\u0131 \u0130\u00e7-D\u0131\u015f<\/td>\n<td>45-50mm<\/td>\n<\/tr>\n<tr>\n<td>Dakikada kesme say\u0131s\u0131<\/td>\n<td>2.200<\/td>\n<\/tr>\n<tr>\n<td>Ak\u0131m<\/td>\n<td>2.5Ah<\/td>\n<\/tr>\n<\/table>\n","protected":false},"excerpt":{"rendered":"<p><span style=\"color: black;\">Model JN1601<\/span><\/p>\n<p><span style=\"color: black;\">Nibler<\/span><\/p>\n<p>550 W \u2022 1.6 mm \u2022 2.200 dak\u207b\u00b9<\/p>\n<p><strong style=\"color: rgb(0, 112, 192);\">Metal Kesimi i\u00e7in Y\u00fcksek Performansl\u0131 Sac Kesme Makinesi<\/strong><\/p>\n<p><span style=\"color: black;\">Metal sac kesme i\u015flemleri i\u00e7in tasarlanm\u0131\u015f, kompakt ve g\u00fc\u00e7l\u00fc bir makine modelidir. <\/span><strong style=\"color: black;\">400 W motor g\u00fcc\u00fc<\/strong><span style=\"color: black;\"> ve <\/span><strong style=\"color: black;\">1.6 <\/strong><span style=\"color: black;\">mm pens kapasitesi ile ince metal malzemelerde hassas kesimler sa\u011flar. Dakikada 2.200 kesme say\u0131s\u0131na sahiptir. Ergonomik tasar\u0131m\u0131 ve d\u00fc\u015f\u00fck titre\u015fim seviyesi, uzun s\u00fcreli kullan\u0131mda konfor sunar. Metal i\u015fleme, \u00e7at\u0131 kaplama ve sac projelerinde ideal bir tercihtir.<\/span><\/p>\n<p><span style=\"color: red;\">Kullan\u0131m amac\u0131: <\/span><span style=\"color: black;\">Bu aletin kullan\u0131m amac\u0131 \u00e7elik ve paslanmaz \u00e7elik sac kesmektir. <\/span><\/p>\n<p><u>\u00d6zellikleri:<\/u><\/p>\n<p><span style=\"color: red;\">G\u00fc\u00e7 Kayna\u011f\u0131:n<\/span>Makinan\u0131n, yaln\u0131zca isim levhas\u0131nda belirtilenle ayn\u0131 voltajl\u0131 g\u00fc\u00e7 kayna\u011f\u0131na ba\u011flanmas\u0131 gerekir ve yaln\u0131zca tek fazl\u0131 AC g\u00fc\u00e7 kayna\u011f\u0131yla \u00e7al\u0131\u015ft\u0131r\u0131labilir. Avrupa standarlar\u0131na uygun olarak \u00e7ifte yal\u0131t\u0131ml\u0131d\u0131r ve topraklamas\u0131z prizlerle de kullan\u0131labilir.<\/p>\n<ol>\n<li data-list=\"bullet\"><span class=\"ql-ui\" contenteditable=\"false\"><\/span>\u00c7ift yal\u0131t\u0131ml\u0131d\u0131r.<\/li>\n<\/ol>\n<p>Ambalaj i\u00e7eri\u011fi: Anahtar, nibler z\u0131mbas\u0131, nibler kal\u0131b\u0131<\/p>\n<p><span style=\"color: red; background-color: white;\">D\u00fcz ve \u015fekilli kesimler i\u00e7in<\/span><\/p>\n<p><\/p>\n","protected":false},"featured_media":9263,"comment_status":"open","ping_status":"closed","template":"","meta":{"_acf_changed":false},"product_brand":[1485],"product_cat":[901],"product_tag":[],"class_list":{"0":"post-8812","1":"product","2":"type-product","3":"status-publish","4":"has-post-thumbnail","6":"product_brand-makita","7":"product_cat-sac-kesmeler","9":"first","10":"instock","11":"taxable","12":"shipping-taxable","13":"purchasable","14":"product-type-simple","15":"add-to-wishlist-after_add_to_cart"},"acf":[],"_links":{"self":[{"href":"https:\/\/www.makitamarket.com.tr\/site\/wp-json\/wp\/v2\/product\/8812","targetHints":{"allow":["GET"]}}],"collection":[{"href":"https:\/\/www.makitamarket.com.tr\/site\/wp-json\/wp\/v2\/product"}],"about":[{"href":"https:\/\/www.makitamarket.com.tr\/site\/wp-json\/wp\/v2\/types\/product"}],"replies":[{"embeddable":true,"href":"https:\/\/www.makitamarket.com.tr\/site\/wp-json\/wp\/v2\/comments?post=8812"}],"wp:featuredmedia":[{"embeddable":true,"href":"https:\/\/www.makitamarket.com.tr\/site\/wp-json\/wp\/v2\/media\/9263"}],"wp:attachment":[{"href":"https:\/\/www.makitamarket.com.tr\/site\/wp-json\/wp\/v2\/media?parent=8812"}],"wp:term":[{"taxonomy":"product_brand","embeddable":true,"href":"https:\/\/www.makitamarket.com.tr\/site\/wp-json\/wp\/v2\/product_brand?post=8812"},{"taxonomy":"product_cat","embeddable":true,"href":"https:\/\/www.makitamarket.com.tr\/site\/wp-json\/wp\/v2\/product_cat?post=8812"},{"taxonomy":"product_tag","embeddable":true,"href":"https:\/\/www.makitamarket.com.tr\/site\/wp-json\/wp\/v2\/product_tag?post=8812"}],"curies":[{"name":"wp","href":"https:\/\/api.w.org\/{rel}","templated":true}]}}