{"id":8816,"date":"2024-11-27T19:48:45","date_gmt":"2024-11-27T16:48:45","guid":{"rendered":"https:\/\/www.makitamarket.com.tr\/site\/urun\/bmi-bmi-654k3lpp-multilazer-3d\/"},"modified":"2026-04-06T12:27:11","modified_gmt":"2026-04-06T09:27:11","slug":"bmi-bmi-654k3lpp-multilazer-3d","status":"publish","type":"product","link":"https:\/\/www.makitamarket.com.tr\/site\/urun\/bmi-bmi-654k3lpp-multilazer-3d\/","title":{"rendered":"Bmi 654K3LPP BMI 654K3LPP MULT\u0130LAZER 3D"},"content":{"rendered":"<table>\n<tr>\n<td>Lazer Tipi<\/td>\n<td>K\u0131rm\u0131z\u0131 diot lazer dalga uzunlu\u011fu 635mm<\/td>\n<\/tr>\n<tr>\n<td>Terazileme Hassasiyeti<\/td>\n<td>10m\u2019de \u00b12mm hassasiyet<\/td>\n<\/tr>\n<tr>\n<td>Kendinden Terazileme Hassasiyeti<\/td>\n<td>\u00b14\u00b0<\/td>\n<\/tr>\n<tr>\n<td>\u00c7al\u0131\u015fma S\u0131cakl\u0131\u011f\u0131<\/td>\n<td>-10\u00b0 ile +50\u00b0\u2019de \u00e7al\u0131\u015fma<\/td>\n<\/tr>\n<tr>\n<td>Menzil<\/td>\n<td>30m, Al\u0131c\u0131yla 60m \u00e7al\u0131\u015fma menzili<\/td>\n<\/tr>\n<tr>\n<td>Lazer \u00c7\u0131k\u0131\u015f A\u00e7\u0131lar\u0131<\/td>\n<td>360\u00b0 yatay \/ 360\u00b0 \u00e7ift dikey<\/td>\n<\/tr>\n<tr>\n<td>Batarya<\/td>\n<td>Li-ion 3.7V 3300mAh \u015farj edilebilir batarya<\/td>\n<\/tr>\n<tr>\n<td>Boyutlar<\/td>\n<td>130 x 93 x 125 mm<\/td>\n<\/tr>\n<tr>\n<td>Sevkiyat<\/td>\n<td>\u00c7anta, \u015farj cihaz\u0131<\/td>\n<\/tr>\n<tr>\n<td>Tripod Ba\u011flant\u0131s\u0131<\/td>\n<td>5\/8\u201d ve1\/4\u201d<\/td>\n<\/tr>\n<\/table>\n","protected":false},"excerpt":{"rendered":"<p>Lazer Tipi K\u0131rm\u0131z\u0131 diot lazer dalga uzunlu\u011fu 635mm Terazileme Hassasiyeti 10m\u2019de \u00b12mm hassasiyet Kendinden Terazileme Hassasiyeti \u00b14\u00b0 \u00c7al\u0131\u015fma S\u0131cakl\u0131\u011f\u0131 -10\u00b0 ile +50\u00b0\u2019de \u00e7al\u0131\u015fma Menzil 30m, Al\u0131c\u0131yla 60m \u00e7al\u0131\u015fma menzili Lazer<\/p>\n","protected":false},"featured_media":8815,"comment_status":"open","ping_status":"closed","template":"","meta":{"_acf_changed":false},"product_brand":[1522],"product_cat":[837],"product_tag":[],"class_list":{"0":"post-8816","1":"product","2":"type-product","3":"status-publish","4":"has-post-thumbnail","6":"product_brand-bmi","7":"product_cat-lazerli-olcum-cihazlari","9":"first","10":"outofstock","11":"taxable","12":"shipping-taxable","13":"purchasable","14":"product-type-simple","15":"add-to-wishlist-after_add_to_cart"},"acf":[],"_links":{"self":[{"href":"https:\/\/www.makitamarket.com.tr\/site\/wp-json\/wp\/v2\/product\/8816","targetHints":{"allow":["GET"]}}],"collection":[{"href":"https:\/\/www.makitamarket.com.tr\/site\/wp-json\/wp\/v2\/product"}],"about":[{"href":"https:\/\/www.makitamarket.com.tr\/site\/wp-json\/wp\/v2\/types\/product"}],"replies":[{"embeddable":true,"href":"https:\/\/www.makitamarket.com.tr\/site\/wp-json\/wp\/v2\/comments?post=8816"}],"wp:featuredmedia":[{"embeddable":true,"href":"https:\/\/www.makitamarket.com.tr\/site\/wp-json\/wp\/v2\/media\/8815"}],"wp:attachment":[{"href":"https:\/\/www.makitamarket.com.tr\/site\/wp-json\/wp\/v2\/media?parent=8816"}],"wp:term":[{"taxonomy":"product_brand","embeddable":true,"href":"https:\/\/www.makitamarket.com.tr\/site\/wp-json\/wp\/v2\/product_brand?post=8816"},{"taxonomy":"product_cat","embeddable":true,"href":"https:\/\/www.makitamarket.com.tr\/site\/wp-json\/wp\/v2\/product_cat?post=8816"},{"taxonomy":"product_tag","embeddable":true,"href":"https:\/\/www.makitamarket.com.tr\/site\/wp-json\/wp\/v2\/product_tag?post=8816"}],"curies":[{"name":"wp","href":"https:\/\/api.w.org\/{rel}","templated":true}]}}