{"id":8837,"date":"2024-11-27T19:48:58","date_gmt":"2024-11-27T16:48:58","guid":{"rendered":"https:\/\/www.makitamarket.com.tr\/site\/urun\/topshop-cekic-200-gr\/"},"modified":"2025-11-16T04:38:56","modified_gmt":"2025-11-16T01:38:56","slug":"topshop-cekic-200-gr","status":"publish","type":"product","link":"https:\/\/www.makitamarket.com.tr\/site\/urun\/topshop-cekic-200-gr\/","title":{"rendered":"Topshop TH09002 \u00c7EK\u0130\u00c7 200 gr"},"content":{"rendered":"<div>\n\t<span style=\"color: rgb(255, 0, 0);\"><strong>Yerli \u00dcretim<\/strong><\/span><\/div>\n<div>\n\tS\u0131cak d\u00f6vme tekni\u011fi ile yekpare olarak \u00f6zel ala\u015f\u0131ml\u0131 \u00e7elikten \u00fcretilmi\u015ftir.<\/div>\n<table>\n<tr>\n<td>A\u011f\u0131rl\u0131k<\/td>\n<td>200 gr.<\/td>\n<\/tr>\n<tr>\n<td>Paket\/Koli \u0130\u00e7i Adedi<\/td>\n<td>12\/96<\/td>\n<\/tr>\n<\/table>\n","protected":false},"excerpt":{"rendered":"<div>\n\t<span style=\"color: rgb(255, 0, 0);\"><strong>Yerli \u00dcretim<\/strong><\/span><\/div>\n<div>\n\tS\u0131cak d\u00f6vme tekni\u011fi ile yekpare olarak \u00f6zel ala\u015f\u0131ml\u0131 \u00e7elikten \u00fcretilmi\u015ftir.<\/div>\n","protected":false},"featured_media":8836,"comment_status":"open","ping_status":"closed","template":"","meta":{"_acf_changed":false},"product_brand":[1496],"product_cat":[758],"product_tag":[],"class_list":{"0":"post-8837","1":"product","2":"type-product","3":"status-publish","4":"has-post-thumbnail","6":"product_brand-topshop","7":"product_cat-cekicler-ve-tokmaklar","9":"first","10":"outofstock","11":"taxable","12":"shipping-taxable","13":"purchasable","14":"product-type-simple","15":"add-to-wishlist-after_add_to_cart"},"acf":[],"_links":{"self":[{"href":"https:\/\/www.makitamarket.com.tr\/site\/wp-json\/wp\/v2\/product\/8837","targetHints":{"allow":["GET"]}}],"collection":[{"href":"https:\/\/www.makitamarket.com.tr\/site\/wp-json\/wp\/v2\/product"}],"about":[{"href":"https:\/\/www.makitamarket.com.tr\/site\/wp-json\/wp\/v2\/types\/product"}],"replies":[{"embeddable":true,"href":"https:\/\/www.makitamarket.com.tr\/site\/wp-json\/wp\/v2\/comments?post=8837"}],"wp:featuredmedia":[{"embeddable":true,"href":"https:\/\/www.makitamarket.com.tr\/site\/wp-json\/wp\/v2\/media\/8836"}],"wp:attachment":[{"href":"https:\/\/www.makitamarket.com.tr\/site\/wp-json\/wp\/v2\/media?parent=8837"}],"wp:term":[{"taxonomy":"product_brand","embeddable":true,"href":"https:\/\/www.makitamarket.com.tr\/site\/wp-json\/wp\/v2\/product_brand?post=8837"},{"taxonomy":"product_cat","embeddable":true,"href":"https:\/\/www.makitamarket.com.tr\/site\/wp-json\/wp\/v2\/product_cat?post=8837"},{"taxonomy":"product_tag","embeddable":true,"href":"https:\/\/www.makitamarket.com.tr\/site\/wp-json\/wp\/v2\/product_tag?post=8837"}],"curies":[{"name":"wp","href":"https:\/\/api.w.org\/{rel}","templated":true}]}}