{"id":8849,"date":"2024-11-27T19:49:04","date_gmt":"2024-11-27T16:49:04","guid":{"rendered":"https:\/\/www.makitamarket.com.tr\/site\/urun\/leica-leica-lino-l2g-capraz-cizgi-lazeri\/"},"modified":"2026-03-30T07:18:43","modified_gmt":"2026-03-30T04:18:43","slug":"leica-leica-lino-l2g-capraz-cizgi-lazeri","status":"publish","type":"product","link":"https:\/\/www.makitamarket.com.tr\/site\/urun\/leica-leica-lino-l2g-capraz-cizgi-lazeri\/","title":{"rendered":"Leica LEICA LINO L2G LEICA LINO L2G \u00c7APRAZ \u00c7\u0130ZG\u0130 LAZER\u0130"},"content":{"rendered":"<div>\n\t<strong>Sevkiyat Kapsam\u0131<\/strong><\/div>\n<div>\n\t\u2022 Lino L2G ye\u015fil \u00e7apraz \u00e7izgi lazeri<br \/>\n\t\u2022\u00a0LEica TWIST 250 m\u0131knat\u0131sl\u0131 adapt\u00f6r<br \/>\n\t\u2022\u00a0Leica UAL 130 asma tavan adapt\u00f6r\u00fc<br \/>\n\t\u2022\u00a0Hedef levhas\u0131<br \/>\n\t\u2022\u00a0Alkalin batarya tutucu<br \/>\n\t\u2022\u00a0Li-ion batarya paketi<br \/>\n\t\u2022\u00a0Ta\u015f\u0131ma \u00e7antas\u0131<br \/>\n\t\u2022\u00a03 y\u0131ll\u0131k garanti kart\u0131<br \/>\n\t\u2022\u00a0\u015earj cihaz\u0131<\/div>\n<table>\n<tr>\n<td>Lazer \u00c7\u0131k\u0131\u015f A\u00e7\u0131s\u0131<\/td>\n<td>90\u00b0 Dikey &#8211; 180\u00b0 Yatay<\/td>\n<\/tr>\n<tr>\n<td>\u00c7al\u0131\u015fma Menzili<\/td>\n<td>35**, 80m dedekt\u00f6rle<\/td>\n<\/tr>\n<tr>\n<td>Terazileme Hassasiyeti<\/td>\n<td>\u00b1 0,2 mm\/m<\/td>\n<\/tr>\n<tr>\n<td>Kendinden Terazileme Aral\u0131\u011f\u0131<\/td>\n<td>\u00b1 4\u00b0<\/td>\n<\/tr>\n<tr>\n<td>Lazer \u00c7\u0131k\u0131\u015flar\u0131<\/td>\n<td>Yatay ve Dikey<\/td>\n<\/tr>\n<tr>\n<td>Dikey \u015fak\u00fcl hassasiyeti<\/td>\n<td>\u00b1 0,3 mm\/m<\/td>\n<\/tr>\n<tr>\n<td>Yatay \u015fak\u00fcl hassasiyeti<\/td>\n<td>\u00b1 0,3 mm\/m<\/td>\n<\/tr>\n<tr>\n<td>Batarya<\/td>\n<td>Li-ion \u015earjl\u0131 (3x 1,5V Typ AA)<\/td>\n<\/tr>\n<tr>\n<td>\u00c7al\u0131\u015fma S\u00fcresi<\/td>\n<td>(Li-ion) 28 saat&#8217;e kadar<\/td>\n<\/tr>\n<tr>\n<td>Koruma S\u0131n\u0131f\u0131<\/td>\n<td>IP54<\/td>\n<\/tr>\n<tr>\n<td>Tripod Ba\u011flant\u0131s\u0131<\/td>\n<td>1\/4&#8243; (5\/8&#8243;)<\/td>\n<\/tr>\n<\/table>\n","protected":false},"excerpt":{"rendered":"<div>\n\t<strong>Sevkiyat Kapsam\u0131<\/strong><\/div>\n<div>\n\t\u2022 Lino L2G ye\u015fil \u00e7apraz \u00e7izgi lazeri<br \/>\n\t\u2022\u00a0LEica TWIST 250 m\u0131knat\u0131sl\u0131 adapt\u00f6r<br \/>\n\t\u2022\u00a0Leica UAL 130 asma tavan adapt\u00f6r\u00fc<br \/>\n\t\u2022\u00a0Hedef levhas\u0131<br \/>\n\t\u2022\u00a0Alkalin batarya tutucu<br \/>\n\t\u2022\u00a0Li-ion batarya paketi<br \/>\n\t\u2022\u00a0Ta\u015f\u0131ma \u00e7antas\u0131<br \/>\n\t\u2022\u00a03 y\u0131ll\u0131k garanti kart\u0131<br \/>\n\t\u2022\u00a0\u015earj cihaz\u0131<\/div>\n","protected":false},"featured_media":8848,"comment_status":"open","ping_status":"closed","template":"","meta":{"_acf_changed":false},"product_brand":[1504],"product_cat":[686],"product_tag":[],"class_list":{"0":"post-8849","1":"product","2":"type-product","3":"status-publish","4":"has-post-thumbnail","6":"product_brand-leica","7":"product_cat-capraz-cizgi-lazerler","9":"first","10":"instock","11":"taxable","12":"shipping-taxable","13":"purchasable","14":"product-type-simple","15":"add-to-wishlist-after_add_to_cart"},"acf":[],"_links":{"self":[{"href":"https:\/\/www.makitamarket.com.tr\/site\/wp-json\/wp\/v2\/product\/8849","targetHints":{"allow":["GET"]}}],"collection":[{"href":"https:\/\/www.makitamarket.com.tr\/site\/wp-json\/wp\/v2\/product"}],"about":[{"href":"https:\/\/www.makitamarket.com.tr\/site\/wp-json\/wp\/v2\/types\/product"}],"replies":[{"embeddable":true,"href":"https:\/\/www.makitamarket.com.tr\/site\/wp-json\/wp\/v2\/comments?post=8849"}],"wp:featuredmedia":[{"embeddable":true,"href":"https:\/\/www.makitamarket.com.tr\/site\/wp-json\/wp\/v2\/media\/8848"}],"wp:attachment":[{"href":"https:\/\/www.makitamarket.com.tr\/site\/wp-json\/wp\/v2\/media?parent=8849"}],"wp:term":[{"taxonomy":"product_brand","embeddable":true,"href":"https:\/\/www.makitamarket.com.tr\/site\/wp-json\/wp\/v2\/product_brand?post=8849"},{"taxonomy":"product_cat","embeddable":true,"href":"https:\/\/www.makitamarket.com.tr\/site\/wp-json\/wp\/v2\/product_cat?post=8849"},{"taxonomy":"product_tag","embeddable":true,"href":"https:\/\/www.makitamarket.com.tr\/site\/wp-json\/wp\/v2\/product_tag?post=8849"}],"curies":[{"name":"wp","href":"https:\/\/api.w.org\/{rel}","templated":true}]}}