{"id":8864,"date":"2024-11-27T19:49:08","date_gmt":"2024-11-27T16:49:08","guid":{"rendered":"https:\/\/www.makitamarket.com.tr\/site\/urun\/proxxon-proxxon-27070-fet-tezgah-tipi-daire-testeresi\/"},"modified":"2026-04-13T19:08:36","modified_gmt":"2026-04-13T16:08:36","slug":"proxxon-proxxon-27070-fet-tezgah-tipi-daire-testeresi","status":"publish","type":"product","link":"https:\/\/www.makitamarket.com.tr\/site\/urun\/proxxon-proxxon-27070-fet-tezgah-tipi-daire-testeresi\/","title":{"rendered":"Proxxon 27070 PROXXON 27070 FET TEZGAH T\u0130P\u0130 DA\u0130RE TESTERES\u0130"},"content":{"rendered":"<div>\n\t<strong>Kullan\u0131m Alanlar\u0131 :<\/strong> Ah\u015fap, metal, plastik,al\u00fcminyum, kau\u00e7uk vb. gibi malzemelerin kesimi i\u00e7in uygundur.<\/div>\n<div>\n\t<strong>Uyumlu Aksesuarlar:<\/strong><\/div>\n<div>\n\t<strong>PROX28731:<\/strong> S\u00fcpercut testere<\/div>\n<div>\n\t<strong>PROX28732:<\/strong> Tungsten karb\u00fcr testere<\/div>\n<div>\n\t<strong>PROX28734:<\/strong> Tungsten karb\u00fcr testere<\/div>\n<div>\n\t<strong>PROX28735:<\/strong> Elmas kapl\u0131 testere<\/div>\n<div>\n\t<strong>PROX28730:<\/strong> Y\u00fcksel ala\u015f\u0131m \u00f6zel \u00e7elik (HSS)<\/div>\n<table>\n<tr>\n<td>Tabla \u00d6l\u00e7\u00fcs\u00fc<\/td>\n<td>300X300mm<\/td>\n<\/tr>\n<tr>\n<td>Kesme Kapasitesi<\/td>\n<td>1-22mm<\/td>\n<\/tr>\n<tr>\n<td>\u00c7al\u0131\u015fma gerilimi<\/td>\n<td>220-240V<\/td>\n<\/tr>\n<tr>\n<td>Devir<\/td>\n<td>7.000 d\/dak<\/td>\n<\/tr>\n<tr>\n<td>Testere \u00d6l\u00e7\u00fcs\u00fc<\/td>\n<td>\u00c7ap:80mm, G\u00f6bek:10mm<\/td>\n<\/tr>\n<tr>\n<td>A\u011f\u0131rl\u0131k<\/td>\n<td>6.000g<\/td>\n<\/tr>\n<\/table>\n","protected":false},"excerpt":{"rendered":"<div>\n\t<strong>Kullan\u0131m Alanlar\u0131 :<\/strong> Ah\u015fap, metal, plastik,al\u00fcminyum, kau\u00e7uk vb. gibi malzemelerin kesimi i\u00e7in uygundur.<\/div>\n<div>\n\t<strong>Uyumlu Aksesuarlar:<\/strong><\/div>\n<div>\n\t<strong>PROX28731:<\/strong> S\u00fcpercut testere<\/div>\n<div>\n\t<strong>PROX28732:<\/strong> Tungsten karb\u00fcr testere<\/div>\n<div>\n\t<strong>PROX28734:<\/strong> Tungsten karb\u00fcr testere<\/div>\n<div>\n\t<strong>PROX28735:<\/strong> Elmas kapl\u0131 testere<\/div>\n<div>\n\t<strong>PROX28730:<\/strong> Y\u00fcksel ala\u015f\u0131m \u00f6zel \u00e7elik (HSS)<\/div>\n","protected":false},"featured_media":8863,"comment_status":"open","ping_status":"closed","template":"","meta":{"_acf_changed":false},"product_brand":[1501],"product_cat":[1565],"product_tag":[],"class_list":{"0":"post-8864","1":"product","2":"type-product","3":"status-publish","4":"has-post-thumbnail","6":"product_brand-proxxon","7":"product_cat-yok-yok","9":"first","10":"instock","11":"taxable","12":"shipping-taxable","13":"purchasable","14":"product-type-simple","15":"add-to-wishlist-after_add_to_cart"},"acf":[],"_links":{"self":[{"href":"https:\/\/www.makitamarket.com.tr\/site\/wp-json\/wp\/v2\/product\/8864","targetHints":{"allow":["GET"]}}],"collection":[{"href":"https:\/\/www.makitamarket.com.tr\/site\/wp-json\/wp\/v2\/product"}],"about":[{"href":"https:\/\/www.makitamarket.com.tr\/site\/wp-json\/wp\/v2\/types\/product"}],"replies":[{"embeddable":true,"href":"https:\/\/www.makitamarket.com.tr\/site\/wp-json\/wp\/v2\/comments?post=8864"}],"wp:featuredmedia":[{"embeddable":true,"href":"https:\/\/www.makitamarket.com.tr\/site\/wp-json\/wp\/v2\/media\/8863"}],"wp:attachment":[{"href":"https:\/\/www.makitamarket.com.tr\/site\/wp-json\/wp\/v2\/media?parent=8864"}],"wp:term":[{"taxonomy":"product_brand","embeddable":true,"href":"https:\/\/www.makitamarket.com.tr\/site\/wp-json\/wp\/v2\/product_brand?post=8864"},{"taxonomy":"product_cat","embeddable":true,"href":"https:\/\/www.makitamarket.com.tr\/site\/wp-json\/wp\/v2\/product_cat?post=8864"},{"taxonomy":"product_tag","embeddable":true,"href":"https:\/\/www.makitamarket.com.tr\/site\/wp-json\/wp\/v2\/product_tag?post=8864"}],"curies":[{"name":"wp","href":"https:\/\/api.w.org\/{rel}","templated":true}]}}