{"id":8870,"date":"2024-11-27T19:49:10","date_gmt":"2024-11-27T16:49:10","guid":{"rendered":"https:\/\/www.makitamarket.com.tr\/site\/urun\/big-red-hidrolik-uzun-garaj-krikosu-5-ton\/"},"modified":"2026-04-06T12:28:23","modified_gmt":"2026-04-06T09:28:23","slug":"big-red-hidrolik-uzun-garaj-krikosu-5-ton","status":"publish","type":"product","link":"https:\/\/www.makitamarket.com.tr\/site\/urun\/big-red-hidrolik-uzun-garaj-krikosu-5-ton\/","title":{"rendered":"Big Red TR50001 H\u0130DROL\u0130K UZUN GARAJ KR\u0130KOSU 5 TON"},"content":{"rendered":"<table>\n<tr>\n<td>Kapasite<\/td>\n<td>5 Ton<\/td>\n<\/tr>\n<tr>\n<td>Minimum Y\u00fckseklik<\/td>\n<td>150 mm<\/td>\n<\/tr>\n<tr>\n<td>Maksimum Y\u00fckseklik<\/td>\n<td>560 mm<\/td>\n<\/tr>\n<tr>\n<td>\u00d6l\u00e7\u00fcleri<\/td>\n<td>1510 x 380 x 210 mm<\/td>\n<\/tr>\n<tr>\n<td>A\u011f\u0131rl\u0131k<\/td>\n<td>87 kg<\/td>\n<\/tr>\n<\/table>\n","protected":false},"excerpt":{"rendered":"<p>Kapasite 5 Ton Minimum Y\u00fckseklik 150 mm Maksimum Y\u00fckseklik 560 mm \u00d6l\u00e7\u00fcleri 1510 x 380 x 210 mm A\u011f\u0131rl\u0131k 87 kg<\/p>\n","protected":false},"featured_media":8869,"comment_status":"open","ping_status":"closed","template":"","meta":{"_acf_changed":false},"product_brand":[1519],"product_cat":[877],"product_tag":[],"class_list":{"0":"post-8870","1":"product","2":"type-product","3":"status-publish","4":"has-post-thumbnail","6":"product_brand-big-red","7":"product_cat-krikolar","9":"first","10":"instock","11":"taxable","12":"shipping-taxable","13":"purchasable","14":"product-type-simple","15":"add-to-wishlist-after_add_to_cart"},"acf":[],"_links":{"self":[{"href":"https:\/\/www.makitamarket.com.tr\/site\/wp-json\/wp\/v2\/product\/8870","targetHints":{"allow":["GET"]}}],"collection":[{"href":"https:\/\/www.makitamarket.com.tr\/site\/wp-json\/wp\/v2\/product"}],"about":[{"href":"https:\/\/www.makitamarket.com.tr\/site\/wp-json\/wp\/v2\/types\/product"}],"replies":[{"embeddable":true,"href":"https:\/\/www.makitamarket.com.tr\/site\/wp-json\/wp\/v2\/comments?post=8870"}],"wp:featuredmedia":[{"embeddable":true,"href":"https:\/\/www.makitamarket.com.tr\/site\/wp-json\/wp\/v2\/media\/8869"}],"wp:attachment":[{"href":"https:\/\/www.makitamarket.com.tr\/site\/wp-json\/wp\/v2\/media?parent=8870"}],"wp:term":[{"taxonomy":"product_brand","embeddable":true,"href":"https:\/\/www.makitamarket.com.tr\/site\/wp-json\/wp\/v2\/product_brand?post=8870"},{"taxonomy":"product_cat","embeddable":true,"href":"https:\/\/www.makitamarket.com.tr\/site\/wp-json\/wp\/v2\/product_cat?post=8870"},{"taxonomy":"product_tag","embeddable":true,"href":"https:\/\/www.makitamarket.com.tr\/site\/wp-json\/wp\/v2\/product_tag?post=8870"}],"curies":[{"name":"wp","href":"https:\/\/api.w.org\/{rel}","templated":true}]}}