{"id":8876,"date":"2024-11-27T19:49:11","date_gmt":"2024-11-27T16:49:11","guid":{"rendered":"https:\/\/www.makitamarket.com.tr\/site\/urun\/rapid-percin-aleti\/"},"modified":"2026-03-30T07:19:35","modified_gmt":"2026-03-30T04:19:35","slug":"rapid-percin-aleti","status":"publish","type":"product","link":"https:\/\/www.makitamarket.com.tr\/site\/urun\/rapid-percin-aleti\/","title":{"rendered":"Rapid RP10KIT PER\u00c7\u0130N ALET\u0130"},"content":{"rendered":"<div>\n\tH\u0131zl\u0131, sorunsuz per\u00e7inlemenin tad\u0131na var\u0131n. Bu kullan\u0131\u015fl\u0131 kit hemen \u00e7al\u0131\u015fmaya ba\u015flaman\u0131z i\u00e7in 100 per\u00e7in i\u00e7ermektedir.<\/div>\n<div>\n\t\u2022 3.2, 4.0, 4.8 mm al\u00fcminyum per\u00e7inler i\u00e7in<\/div>\n<div>\n\t\u2022 Entegre per\u00e7in anahtar\u0131<\/div>\n<div>\n\t\u2022 Yumu\u015fak kavramal\u0131 sap<\/div>\n<div>\n\t\u2022 100 adet per\u00e7in i\u00e7ermektedir<\/div>\n<div>\n\t\u2022 2 y\u0131l garanti<\/div>\n<table><\/table>\n","protected":false},"excerpt":{"rendered":"<div>\n\tH\u0131zl\u0131, sorunsuz per\u00e7inlemenin tad\u0131na var\u0131n. Bu kullan\u0131\u015fl\u0131 kit hemen \u00e7al\u0131\u015fmaya ba\u015flaman\u0131z i\u00e7in 100 per\u00e7in i\u00e7ermektedir.<\/div>\n<div>\n\t\u2022 3.2, 4.0, 4.8 mm al\u00fcminyum per\u00e7inler i\u00e7in<\/div>\n<div>\n\t\u2022 Entegre per\u00e7in anahtar\u0131<\/div>\n<div>\n\t\u2022 Yumu\u015fak kavramal\u0131 sap<\/div>\n<div>\n\t\u2022 100 adet per\u00e7in i\u00e7ermektedir<\/div>\n<div>\n\t\u2022 2 y\u0131l garanti<\/div>\n","protected":false},"featured_media":8875,"comment_status":"open","ping_status":"closed","template":"","meta":{"_acf_changed":false},"product_brand":[1491],"product_cat":[840],"product_tag":[],"class_list":{"0":"post-8876","1":"product","2":"type-product","3":"status-publish","4":"has-post-thumbnail","6":"product_brand-rapid","7":"product_cat-percin-aletleri","9":"first","10":"instock","11":"taxable","12":"shipping-taxable","13":"purchasable","14":"product-type-simple","15":"add-to-wishlist-after_add_to_cart"},"acf":[],"_links":{"self":[{"href":"https:\/\/www.makitamarket.com.tr\/site\/wp-json\/wp\/v2\/product\/8876","targetHints":{"allow":["GET"]}}],"collection":[{"href":"https:\/\/www.makitamarket.com.tr\/site\/wp-json\/wp\/v2\/product"}],"about":[{"href":"https:\/\/www.makitamarket.com.tr\/site\/wp-json\/wp\/v2\/types\/product"}],"replies":[{"embeddable":true,"href":"https:\/\/www.makitamarket.com.tr\/site\/wp-json\/wp\/v2\/comments?post=8876"}],"wp:featuredmedia":[{"embeddable":true,"href":"https:\/\/www.makitamarket.com.tr\/site\/wp-json\/wp\/v2\/media\/8875"}],"wp:attachment":[{"href":"https:\/\/www.makitamarket.com.tr\/site\/wp-json\/wp\/v2\/media?parent=8876"}],"wp:term":[{"taxonomy":"product_brand","embeddable":true,"href":"https:\/\/www.makitamarket.com.tr\/site\/wp-json\/wp\/v2\/product_brand?post=8876"},{"taxonomy":"product_cat","embeddable":true,"href":"https:\/\/www.makitamarket.com.tr\/site\/wp-json\/wp\/v2\/product_cat?post=8876"},{"taxonomy":"product_tag","embeddable":true,"href":"https:\/\/www.makitamarket.com.tr\/site\/wp-json\/wp\/v2\/product_tag?post=8876"}],"curies":[{"name":"wp","href":"https:\/\/api.w.org\/{rel}","templated":true}]}}