{"id":8878,"date":"2024-11-27T19:49:12","date_gmt":"2024-11-27T16:49:12","guid":{"rendered":"https:\/\/www.makitamarket.com.tr\/site\/urun\/proscr-lokma-uclu-tornavida-17x150-mm\/"},"modified":"2026-03-15T08:20:29","modified_gmt":"2026-03-15T05:20:29","slug":"proscr-lokma-uclu-tornavida-17x150-mm","status":"publish","type":"product","link":"https:\/\/www.makitamarket.com.tr\/site\/urun\/proscr-lokma-uclu-tornavida-17x150-mm\/","title":{"rendered":"Proscr SCR02674 LOKMA U\u00c7LU TORNAV\u0130DA 17&#215;150 mm"},"content":{"rendered":"<ul>\n<li>\n\t\tChrome Vanadium \u00c7elik\u00a0<\/li>\n<li>\n\t\tM\u0131knat\u0131sl\u0131 u\u00e7\u00a0<\/li>\n<\/ul>\n<table>\n<tr>\n<td>\u00d6l\u00e7\u00fcs\u00fc<\/td>\n<td>17 x 150 mm.<\/td>\n<\/tr>\n<tr>\n<td>Tipi<\/td>\n<td>Lokma U\u00e7lu Tornavida<\/td>\n<\/tr>\n<tr>\n<td>Paket \u0130\u00e7i Adedi<\/td>\n<td>12 Ad.<\/td>\n<\/tr>\n<tr>\n<td>Koli \u0130\u00e7i Adedi<\/td>\n<td>144 Ad.<\/td>\n<\/tr>\n<\/table>\n","protected":false},"excerpt":{"rendered":"<ul>\n<li>\n\t\tChrome Vanadium \u00c7elik\u00a0<\/li>\n<li>\n\t\tM\u0131knat\u0131sl\u0131 u\u00e7\u00a0<\/li>\n<\/ul>\n","protected":false},"featured_media":8877,"comment_status":"open","ping_status":"closed","template":"","meta":{"_acf_changed":false},"product_brand":[1523],"product_cat":[903],"product_tag":[],"class_list":{"0":"post-8878","1":"product","2":"type-product","3":"status-publish","4":"has-post-thumbnail","6":"product_brand-proscr","7":"product_cat-lokma-tornavidalar","9":"first","10":"outofstock","11":"taxable","12":"shipping-taxable","13":"purchasable","14":"product-type-simple","15":"add-to-wishlist-after_add_to_cart"},"acf":[],"_links":{"self":[{"href":"https:\/\/www.makitamarket.com.tr\/site\/wp-json\/wp\/v2\/product\/8878","targetHints":{"allow":["GET"]}}],"collection":[{"href":"https:\/\/www.makitamarket.com.tr\/site\/wp-json\/wp\/v2\/product"}],"about":[{"href":"https:\/\/www.makitamarket.com.tr\/site\/wp-json\/wp\/v2\/types\/product"}],"replies":[{"embeddable":true,"href":"https:\/\/www.makitamarket.com.tr\/site\/wp-json\/wp\/v2\/comments?post=8878"}],"wp:featuredmedia":[{"embeddable":true,"href":"https:\/\/www.makitamarket.com.tr\/site\/wp-json\/wp\/v2\/media\/8877"}],"wp:attachment":[{"href":"https:\/\/www.makitamarket.com.tr\/site\/wp-json\/wp\/v2\/media?parent=8878"}],"wp:term":[{"taxonomy":"product_brand","embeddable":true,"href":"https:\/\/www.makitamarket.com.tr\/site\/wp-json\/wp\/v2\/product_brand?post=8878"},{"taxonomy":"product_cat","embeddable":true,"href":"https:\/\/www.makitamarket.com.tr\/site\/wp-json\/wp\/v2\/product_cat?post=8878"},{"taxonomy":"product_tag","embeddable":true,"href":"https:\/\/www.makitamarket.com.tr\/site\/wp-json\/wp\/v2\/product_tag?post=8878"}],"curies":[{"name":"wp","href":"https:\/\/api.w.org\/{rel}","templated":true}]}}