{"id":8885,"date":"2024-11-27T19:49:15","date_gmt":"2024-11-27T16:49:15","guid":{"rendered":"https:\/\/www.makitamarket.com.tr\/site\/urun\/knicut-genis-maket-bicagi-18-mm\/"},"modified":"2025-11-16T12:01:21","modified_gmt":"2025-11-16T09:01:21","slug":"knicut-genis-maket-bicagi-18-mm","status":"publish","type":"product","link":"https:\/\/www.makitamarket.com.tr\/site\/urun\/knicut-genis-maket-bicagi-18-mm\/","title":{"rendered":"Knicut MB52213 GEN\u0130\u015e MAKET BI\u00c7A\u011eI 18 mm"},"content":{"rendered":"<table>\n<tr>\n<td>B\u0131\u00e7ak Geni\u015fli\u011fi<\/td>\n<td>18 mm<\/td>\n<\/tr>\n<tr>\n<td>Kilitleme<\/td>\n<td>Otomatik<\/td>\n<\/tr>\n<tr>\n<td>G\u00f6vde<\/td>\n<td>Metal<\/td>\n<\/tr>\n<tr>\n<td>\u0130\u00e7indeki B\u0131\u00e7ak Adedi<\/td>\n<td>1 Adet<\/td>\n<\/tr>\n<tr>\n<td>Kutu \u0130\u00e7i Adedi<\/td>\n<td>25 Adet<\/td>\n<\/tr>\n<\/table>\n","protected":false},"excerpt":{"rendered":"<p>B\u0131\u00e7ak Geni\u015fli\u011fi 18 mm Kilitleme Otomatik G\u00f6vde Metal \u0130\u00e7indeki B\u0131\u00e7ak Adedi 1 Adet Kutu \u0130\u00e7i Adedi 25 Adet<\/p>\n","protected":false},"featured_media":22213,"comment_status":"open","ping_status":"closed","template":"","meta":{"_acf_changed":false},"product_brand":[1525],"product_cat":[1565],"product_tag":[],"class_list":{"0":"post-8885","1":"product","2":"type-product","3":"status-publish","4":"has-post-thumbnail","6":"product_brand-knicut","7":"product_cat-yok-yok","9":"first","10":"outofstock","11":"taxable","12":"shipping-taxable","13":"purchasable","14":"product-type-simple","15":"add-to-wishlist-after_add_to_cart"},"acf":[],"_links":{"self":[{"href":"https:\/\/www.makitamarket.com.tr\/site\/wp-json\/wp\/v2\/product\/8885","targetHints":{"allow":["GET"]}}],"collection":[{"href":"https:\/\/www.makitamarket.com.tr\/site\/wp-json\/wp\/v2\/product"}],"about":[{"href":"https:\/\/www.makitamarket.com.tr\/site\/wp-json\/wp\/v2\/types\/product"}],"replies":[{"embeddable":true,"href":"https:\/\/www.makitamarket.com.tr\/site\/wp-json\/wp\/v2\/comments?post=8885"}],"wp:featuredmedia":[{"embeddable":true,"href":"https:\/\/www.makitamarket.com.tr\/site\/wp-json\/wp\/v2\/media\/22213"}],"wp:attachment":[{"href":"https:\/\/www.makitamarket.com.tr\/site\/wp-json\/wp\/v2\/media?parent=8885"}],"wp:term":[{"taxonomy":"product_brand","embeddable":true,"href":"https:\/\/www.makitamarket.com.tr\/site\/wp-json\/wp\/v2\/product_brand?post=8885"},{"taxonomy":"product_cat","embeddable":true,"href":"https:\/\/www.makitamarket.com.tr\/site\/wp-json\/wp\/v2\/product_cat?post=8885"},{"taxonomy":"product_tag","embeddable":true,"href":"https:\/\/www.makitamarket.com.tr\/site\/wp-json\/wp\/v2\/product_tag?post=8885"}],"curies":[{"name":"wp","href":"https:\/\/api.w.org\/{rel}","templated":true}]}}