{"id":8887,"date":"2024-11-27T19:49:16","date_gmt":"2024-11-27T16:49:16","guid":{"rendered":"https:\/\/www.makitamarket.com.tr\/site\/urun\/proscr-kontrol-kalemi\/"},"modified":"2025-11-16T04:42:14","modified_gmt":"2025-11-16T01:42:14","slug":"proscr-kontrol-kalemi","status":"publish","type":"product","link":"https:\/\/www.makitamarket.com.tr\/site\/urun\/proscr-kontrol-kalemi\/","title":{"rendered":"Proscr SCR02997 KONTROL KALEM\u0130"},"content":{"rendered":"<table>\n<tr>\n<td>Uzunluk (mm)<\/td>\n<td>190 mm<\/td>\n<\/tr>\n<tr>\n<td>\u00d6zellik<\/td>\n<td>Chrome Vanadium \u00c7elik<\/td>\n<\/tr>\n<tr>\n<td>\u00d6zellik<\/td>\n<td>D\u00f6vme U\u00e7<\/td>\n<\/tr>\n<tr>\n<td>\u00d6zellik<\/td>\n<td>110-250 Volt<\/td>\n<\/tr>\n<tr>\n<td>\u00d6zellik<\/td>\n<td>Krom Kaplama<\/td>\n<\/tr>\n<tr>\n<td>\u00d6zellik<\/td>\n<td>SAN Plastik G\u00f6vde<\/td>\n<\/tr>\n<tr>\n<td>Paket \u0130\u00e7i Adedi<\/td>\n<td>40 Ad.<\/td>\n<\/tr>\n<tr>\n<td>Koli \u0130\u00e7i Adedi<\/td>\n<td>800 Ad.<\/td>\n<\/tr>\n<\/table>\n","protected":false},"excerpt":{"rendered":"<p>Uzunluk (mm) 190 mm \u00d6zellik Chrome Vanadium \u00c7elik \u00d6zellik D\u00f6vme U\u00e7 \u00d6zellik 110-250 Volt \u00d6zellik Krom Kaplama \u00d6zellik SAN Plastik G\u00f6vde Paket \u0130\u00e7i Adedi 40 Ad. Koli \u0130\u00e7i Adedi 800<\/p>\n","protected":false},"featured_media":8953,"comment_status":"open","ping_status":"closed","template":"","meta":{"_acf_changed":false},"product_brand":[1523],"product_cat":[1565],"product_tag":[],"class_list":{"0":"post-8887","1":"product","2":"type-product","3":"status-publish","4":"has-post-thumbnail","6":"product_brand-proscr","7":"product_cat-yok-yok","9":"first","10":"outofstock","11":"taxable","12":"shipping-taxable","13":"purchasable","14":"product-type-simple","15":"add-to-wishlist-after_add_to_cart"},"acf":[],"_links":{"self":[{"href":"https:\/\/www.makitamarket.com.tr\/site\/wp-json\/wp\/v2\/product\/8887","targetHints":{"allow":["GET"]}}],"collection":[{"href":"https:\/\/www.makitamarket.com.tr\/site\/wp-json\/wp\/v2\/product"}],"about":[{"href":"https:\/\/www.makitamarket.com.tr\/site\/wp-json\/wp\/v2\/types\/product"}],"replies":[{"embeddable":true,"href":"https:\/\/www.makitamarket.com.tr\/site\/wp-json\/wp\/v2\/comments?post=8887"}],"wp:featuredmedia":[{"embeddable":true,"href":"https:\/\/www.makitamarket.com.tr\/site\/wp-json\/wp\/v2\/media\/8953"}],"wp:attachment":[{"href":"https:\/\/www.makitamarket.com.tr\/site\/wp-json\/wp\/v2\/media?parent=8887"}],"wp:term":[{"taxonomy":"product_brand","embeddable":true,"href":"https:\/\/www.makitamarket.com.tr\/site\/wp-json\/wp\/v2\/product_brand?post=8887"},{"taxonomy":"product_cat","embeddable":true,"href":"https:\/\/www.makitamarket.com.tr\/site\/wp-json\/wp\/v2\/product_cat?post=8887"},{"taxonomy":"product_tag","embeddable":true,"href":"https:\/\/www.makitamarket.com.tr\/site\/wp-json\/wp\/v2\/product_tag?post=8887"}],"curies":[{"name":"wp","href":"https:\/\/api.w.org\/{rel}","templated":true}]}}