{"id":8893,"date":"2024-11-27T19:49:21","date_gmt":"2024-11-27T16:49:21","guid":{"rendered":"https:\/\/www.makitamarket.com.tr\/site\/urun\/bea-zimba-teli-cakma-tabancasi-15-40-mm-2\/"},"modified":"2026-04-06T12:29:10","modified_gmt":"2026-04-06T09:29:10","slug":"bea-zimba-teli-cakma-tabancasi-15-40-mm-2","status":"publish","type":"product","link":"https:\/\/www.makitamarket.com.tr\/site\/urun\/bea-zimba-teli-cakma-tabancasi-15-40-mm-2\/","title":{"rendered":"Bea 14\/40-770C ZIMBA TEL\u0130 \u00c7AKMA TABANCASI 15 &#8211; 40 mm"},"content":{"rendered":"<div>\n\t<strong>\u2022\u00a0<\/strong>Mobilya ve \u00e7er\u00e7eve montaj\u0131<\/div>\n<div>\n\t<strong>\u2022\u00a0<\/strong>Palet, kasa \u00fcretimi ve tamiri<\/div>\n<div>\n\t<strong>\u2022\u00a0<\/strong>Ah\u015fap \u00e7at\u0131 i\u015fleri<\/div>\n<div>\n\t<strong>\u2022\u00a0<\/strong>Paketleme<\/div>\n<table>\n<tr>\n<td>\u00c7al\u0131\u015fma Bas\u0131nc\u0131<\/td>\n<td>5-8 BAR<\/td>\n<\/tr>\n<tr>\n<td>Z\u0131mba Teli<\/td>\n<td>14 ve 155 Tipi  15-40mm z\u0131mba teli<\/td>\n<\/tr>\n<tr>\n<td>Magazin Tipi<\/td>\n<td>\u00dcstten doldurma<\/td>\n<\/tr>\n<tr>\n<td>A\u011f\u0131rl\u0131k<\/td>\n<td>2.0 kg<\/td>\n<\/tr>\n<tr>\n<td>Magazin Kapasitesi<\/td>\n<td>168<\/td>\n<\/tr>\n<\/table>\n","protected":false},"excerpt":{"rendered":"<div>\n\t<strong>\u2022\u00a0<\/strong>Mobilya ve \u00e7er\u00e7eve montaj\u0131<\/div>\n<div>\n\t<strong>\u2022\u00a0<\/strong>Palet, kasa \u00fcretimi ve tamiri<\/div>\n<div>\n\t<strong>\u2022\u00a0<\/strong>Ah\u015fap \u00e7at\u0131 i\u015fleri<\/div>\n<div>\n\t<strong>\u2022\u00a0<\/strong>Paketleme<\/div>\n","protected":false},"featured_media":8892,"comment_status":"open","ping_status":"closed","template":"","meta":{"_acf_changed":false},"product_brand":[1508],"product_cat":[778],"product_tag":[],"class_list":{"0":"post-8893","1":"product","2":"type-product","3":"status-publish","4":"has-post-thumbnail","6":"product_brand-bea","7":"product_cat-havali-zimba-cakma-tabancalari","9":"first","10":"instock","11":"taxable","12":"shipping-taxable","13":"purchasable","14":"product-type-simple","15":"add-to-wishlist-after_add_to_cart"},"acf":[],"_links":{"self":[{"href":"https:\/\/www.makitamarket.com.tr\/site\/wp-json\/wp\/v2\/product\/8893","targetHints":{"allow":["GET"]}}],"collection":[{"href":"https:\/\/www.makitamarket.com.tr\/site\/wp-json\/wp\/v2\/product"}],"about":[{"href":"https:\/\/www.makitamarket.com.tr\/site\/wp-json\/wp\/v2\/types\/product"}],"replies":[{"embeddable":true,"href":"https:\/\/www.makitamarket.com.tr\/site\/wp-json\/wp\/v2\/comments?post=8893"}],"wp:featuredmedia":[{"embeddable":true,"href":"https:\/\/www.makitamarket.com.tr\/site\/wp-json\/wp\/v2\/media\/8892"}],"wp:attachment":[{"href":"https:\/\/www.makitamarket.com.tr\/site\/wp-json\/wp\/v2\/media?parent=8893"}],"wp:term":[{"taxonomy":"product_brand","embeddable":true,"href":"https:\/\/www.makitamarket.com.tr\/site\/wp-json\/wp\/v2\/product_brand?post=8893"},{"taxonomy":"product_cat","embeddable":true,"href":"https:\/\/www.makitamarket.com.tr\/site\/wp-json\/wp\/v2\/product_cat?post=8893"},{"taxonomy":"product_tag","embeddable":true,"href":"https:\/\/www.makitamarket.com.tr\/site\/wp-json\/wp\/v2\/product_tag?post=8893"}],"curies":[{"name":"wp","href":"https:\/\/api.w.org\/{rel}","templated":true}]}}