{"id":8902,"date":"2024-11-27T19:49:26","date_gmt":"2024-11-27T16:49:26","guid":{"rendered":"https:\/\/www.makitamarket.com.tr\/site\/urun\/makita-darbesiz-matkap-vidalama-40v\/"},"modified":"2026-04-06T18:32:00","modified_gmt":"2026-04-06T15:32:00","slug":"makita-darbesiz-matkap-vidalama-40v","status":"publish","type":"product","link":"https:\/\/www.makitamarket.com.tr\/site\/urun\/makita-darbesiz-matkap-vidalama-40v\/","title":{"rendered":"Makita DF002GA201 DARBES\u0130Z MATKAP V\u0130DALAMA 40V"},"content":{"rendered":"<p><strong class=\"red-title\" style=\"font-size: 16px;\">A\u00e7\u0131klama:<\/strong> <span><\/p>\n<p>Model DF002GA201<\/p>\n<p>Darbesiz Matkap vidalama 1\/2&#8243;<\/p>\n<p>40V \u2022 30\/64 N.m<\/p>\n<p><span style=\"color: rgb(0, 112, 192);\">G\u00fc\u00e7l\u00fc k\u00f6m\u00fcrs\u00fcz motorlu 40Vmax XGT BL K\u00f6m\u00fcrs\u00fcz Ak\u00fcl\u00fc 13 mm (1\/2\u2033) Darbesiz Matkap Vidalama<\/span><\/p>\n<p>G\u00fc\u00e7l\u00fc k\u00f6m\u00fcrs\u00fcz darbesiz matkap vidalama modeli ile \u00fcst\u00fcn performansl\u0131 \u00e7al\u0131\u015fma olana\u011f\u0131 sa\u011flar. Dakikada 0-600\/2.200 bo\u015fta devire sahiptir.Maksimum tork g\u00fcc\u00fc 30\/64N.m&nbsp;<\/p>\n<p>DF002GA201, 40Vmax XGT platformuyla \u00e7al\u0131\u015fan, kompakt ve y\u00fcksek performansl\u0131 bir darbesiz matkap vidalama modelidir.Maksimum 30\/64 N\u00b7m torka sahip BL motoru, enerji verimlili\u011fi sa\u011flarken karbon f\u0131r\u00e7alar\u0131 ortadan kald\u0131rarak daha so\u011fuk ve uzun \u00f6m\u00fcrl\u00fc bir \u00e7al\u0131\u015fma sunar. Mekanik 2 h\u0131zl\u0131 \u015fanz\u0131man, y\u00fcksek h\u0131z modunda (0-2.200 dev\/dk) hafif i\u015fler i\u00e7in h\u0131zl\u0131 delme, d\u00fc\u015f\u00fck h\u0131z modunda (0-600 dev\/dk) a\u011f\u0131r i\u015fler i\u00e7in y\u00fcksek tork sa\u011flar. 21 kavrama ayar\u0131 ve matkap modu, sabitleme i\u015flemlerinde kontrol\u00fc art\u0131r\u0131r. 13 mm (1\/2&#8243;) anahtars\u0131z mandren, h\u0131zl\u0131 u\u00e7 de\u011fi\u015fimini kolayla\u015ft\u0131r\u0131rken, ergonomik kau\u00e7uk sap, kullan\u0131c\u0131 konforunu art\u0131r\u0131r. \u00c7elikte 13 mm (1\/2&#8243;), ah\u015fapta 51 mm (2&#8243;) ve delik testerelerinde 76 mm (3&#8243;) kapasite sunar. XPT uyumlulu\u011fu, su direncini art\u0131r\u0131rken, entegre LED ayd\u0131nlatmas\u0131 karanl\u0131k alanlarda \u00e7al\u0131\u015fma kolayl\u0131\u011f\u0131 sa\u011flar. Elektronik fren, tersine \u00e7evrilebilir anahtar, \u00e7ift y\u00f6nl\u00fc kemer klipsi ve ak\u00fc koruma devresi ile kullan\u0131m kolayl\u0131\u011f\u0131 ve g\u00fcvenlik sa\u011flan\u0131r. 164 x 86 x 215 mm kompakt boyutlar\u0131 ve 1.9 &#8211; 2.5 kg a\u011f\u0131rl\u0131\u011f\u0131 (ak\u00fc ile) ta\u015f\u0131nabilirli\u011fi art\u0131r\u0131r. BL4020, BL4040 veya BL4050F ak\u00fc se\u00e7enekleriyle birlikte farkl\u0131 ihtiya\u00e7lara uygun bir \u00e7\u00f6z\u00fcm sunar. Maksimum 750 W \u00e7\u0131k\u0131\u015f g\u00fcc\u00fcne sahip bu model, metalde d\u00fc\u015f\u00fck titre\u015fim seviyesi (2.5 m\/s\u00b2), 78 dB(A) ses bas\u0131nc\u0131 ve y\u00fcksek dayan\u0131kl\u0131l\u0131\u011f\u0131 ile profesyonel kullan\u0131c\u0131lar i\u00e7in tasarlanm\u0131\u015ft\u0131r.<\/p>\n<p><\/span><strong class=\"red-title\" style=\"font-size: 16px;\">Kullan\u0131m Amac\u0131:<\/strong> <span><\/p>\n<p>Bu alet ah\u015fap,metal ve plastik malzemede delme ve vidalama i\u015flemleri i\u00e7in kullan\u0131lmas\u0131 ama\u00e7lanm\u0131\u015ft\u0131r.<\/p>\n<p><\/span><strong class=\"red-title\" style=\"font-size: 16px;\">\u00d6zellikler:<\/strong> <span><\/p>\n<p>40V,XGT,BL MOTOR,XPT,\u00c7\u0130FT AK\u00dcL\u00dc<\/p>\n<p>XGT(Next Generation Technology Extreme Power); yenilik\u00e7i tasar\u0131m ve 40 volt ak\u00fclerle zorlu taleplerin kar\u015f\u0131land\u0131\u011f\u0131 in\u015faat,end\u00fcstri, bah\u00e7ecilik ve bir\u00e7ok alanda kullan\u0131labilen \u00fcr\u00fcnlerin kar\u0131\u015f\u0131m\u0131d\u0131r .XGT ak\u00fcleri son derece dayan\u0131kl\u0131 olacak \u015fekilde tasarlanm\u0131\u015f olup ak\u00fcleri su ge\u00e7irmez \u00fc\u00e7 katmanl\u0131 bir yap\u0131ya ve darbelere kar\u015f\u0131 korunakl\u0131 olacak \u015fekilde tasarlanm\u0131\u015ft\u0131r.<\/p>\n<p>BL Motor\/K\u00f6m\u00fcrs\u00fcz Motor mevcuttur. K\u00f6m\u00fcrs\u00fcz motor sayesinde \u00e7al\u0131\u015fma esnas\u0131nda olu\u015fan \u0131s\u0131 enerjisi kaybolmaz ve makinenin g\u00fcc\u00fcne iletilir.<\/p>\n<p>XPT(Ekstra Koruma Teknolojisi) sayesinde nemli ve ya\u011fmurlu ortamlarda kullan\u0131labilir. D\u00fc\u015fmeye kar\u015f\u0131 ekstra dayan\u0131kl\u0131d\u0131r.<\/p>\n<p>Ak\u00fcl\u00fc yap\u0131s\u0131 kullan\u0131c\u0131ya kablosuz kullan\u0131m imkan\u0131 sunar ve bu sayede kullan\u0131c\u0131lar geni\u015f alanlarda kablo s\u0131n\u0131rlamalar\u0131 olmadan rahat\u00e7a \u00e7al\u0131\u015fabilirler.<\/p>\n<p><span style=\"background-color: rgb(255, 255, 255); color: rgb(10, 24, 41);\">\u2022 <\/span>De\u011fi\u015fken h\u0131z \u00f6zelli\u011fine sahiptir.<\/p>\n<p><span style=\"background-color: rgb(255, 255, 255); color: rgb(10, 24, 41);\">\u2022 <\/span>Sa\u011f-sol d\u00f6n\u00fc\u015f ayarl\u0131d\u0131r.<\/p>\n<p><span style=\"background-color: rgb(255, 255, 255); color: rgb(10, 24, 41);\">\u2022 <\/span>Elektrik freni mevcuttur.<\/p>\n<p><span style=\"background-color: rgb(255, 255, 255); color: rgb(10, 24, 41);\">\u2022 <\/span>Anahtars\u0131z(otomatik) mandrenlidir.<\/p>\n<p><span style=\"background-color: rgb(255, 255, 255); color: rgb(10, 24, 41);\">\u2022 <\/span>21 katmanl\u0131 tork ayarlay\u0131c\u0131 mevcuttur<\/p>\n<p><span style=\"color: rgb(10, 24, 41); background-color: rgb(255, 255, 255);\">\u2022 <\/span>Sabit h\u0131z \u00f6zelli\u011fi vard\u0131r.<\/p>\n<p><span style=\"background-color: rgb(255, 255, 255); color: rgb(10, 24, 41);\">\u2022 <\/span>Led \u0131\u015f\u0131\u011f\u0131 vard\u0131r<\/p>\n<p><span style=\"background-color: rgb(255, 255, 255); color: rgb(10, 24, 41);\">\u2022 <\/span>Manuel 2 h\u0131z mevcuttur.<\/p>\n<p><span style=\"background-color: rgb(255, 255, 255); color: rgb(10, 24, 41);\">\u2022 <\/span>Plastik ta\u015f\u0131ma \u00e7antal\u0131d\u0131r.<\/p>\n<p><\/span><strong class=\"red-title\" style=\"font-size: 16px;\">Paket \u0130\u00e7eri\u011fi:<\/strong> <span><\/p>\n<p><span style=\"background-color: white; color: rgb(33, 37, 41);\">Bits u\u00e7,bel kancas\u0131,\u00e7ift ak\u00fc,\u015farj cihaz\u0131<\/span><\/p>\n<\/p>\n<p><\/span><\/p>\n<table>\n<tr>\n<td>Kapasite<\/td>\n<td>\u00c7elik:13 mm, Ah\u015fap:38 mm<\/td>\n<\/tr>\n<tr>\n<td>Bo\u015fta Devir<\/td>\n<td>0-600\/2.200 devir\/dak<\/td>\n<\/tr>\n<tr>\n<td>Maksimum Tork<\/td>\n<td>30\/64N.m<\/td>\n<\/tr>\n<tr>\n<td>G\u00fc\u00e7-Kapasite<\/td>\n<td>40V\/2.5Ah\/Li-ion<\/td>\n<\/tr>\n<tr>\n<td>Ak\u00fc \/ \u015earj Cihaz\u0131<\/td>\n<td>BL4025 \/ DC40RA<\/td>\n<\/tr>\n<tr>\n<td>Net A\u011f\u0131rl\u0131k<\/td>\n<td>2.5kg<\/td>\n<\/tr>\n<tr>\n<td>Mandren<\/td>\n<td>1\/2&#8243;<\/td>\n<\/tr>\n<\/table>\n","protected":false},"excerpt":{"rendered":"<p><strong class=\"red-title\" style=\"font-size: 16px;\">A\u00e7\u0131klama:<\/strong> <span><\/p>\n<p>Model DF002GA201<\/p>\n<p>Darbesiz Matkap vidalama 1\/2&#8243;<\/p>\n<p>40V \u2022 30\/64 N.m<\/p>\n<p><span style=\"color: rgb(0, 112, 192);\">G\u00fc\u00e7l\u00fc k\u00f6m\u00fcrs\u00fcz motorlu 40Vmax XGT BL K\u00f6m\u00fcrs\u00fcz Ak\u00fcl\u00fc 13 mm (1\/2\u2033) Darbesiz Matkap Vidalama<\/span><\/p>\n<p>G\u00fc\u00e7l\u00fc k\u00f6m\u00fcrs\u00fcz darbesiz matkap vidalama modeli ile \u00fcst\u00fcn performansl\u0131 \u00e7al\u0131\u015fma olana\u011f\u0131 sa\u011flar. Dakikada 0-600\/2.200 bo\u015fta devire sahiptir.Maksimum tork g\u00fcc\u00fc 30\/64N.m&nbsp;<\/p>\n<p>DF002GA201, 40Vmax XGT platformuyla \u00e7al\u0131\u015fan, kompakt ve y\u00fcksek performansl\u0131 bir darbesiz matkap vidalama modelidir.Maksimum 30\/64 N\u00b7m torka sahip BL motoru, enerji verimlili\u011fi sa\u011flarken karbon f\u0131r\u00e7alar\u0131 ortadan kald\u0131rarak daha so\u011fuk ve uzun \u00f6m\u00fcrl\u00fc bir \u00e7al\u0131\u015fma sunar. Mekanik 2 h\u0131zl\u0131 \u015fanz\u0131man, y\u00fcksek h\u0131z modunda (0-2.200 dev\/dk) hafif i\u015fler i\u00e7in h\u0131zl\u0131 delme, d\u00fc\u015f\u00fck h\u0131z modunda (0-600 dev\/dk) a\u011f\u0131r i\u015fler i\u00e7in y\u00fcksek tork sa\u011flar. 21 kavrama ayar\u0131 ve matkap modu, sabitleme i\u015flemlerinde kontrol\u00fc art\u0131r\u0131r. 13 mm (1\/2&#8243;) anahtars\u0131z mandren, h\u0131zl\u0131 u\u00e7 de\u011fi\u015fimini kolayla\u015ft\u0131r\u0131rken, ergonomik kau\u00e7uk sap, kullan\u0131c\u0131 konforunu art\u0131r\u0131r. \u00c7elikte 13 mm (1\/2&#8243;), ah\u015fapta 51 mm (2&#8243;) ve delik testerelerinde 76 mm (3&#8243;) kapasite sunar. XPT uyumlulu\u011fu, su direncini art\u0131r\u0131rken, entegre LED ayd\u0131nlatmas\u0131 karanl\u0131k alanlarda \u00e7al\u0131\u015fma kolayl\u0131\u011f\u0131 sa\u011flar. Elektronik fren, tersine \u00e7evrilebilir anahtar, \u00e7ift y\u00f6nl\u00fc kemer klipsi ve ak\u00fc koruma devresi ile kullan\u0131m kolayl\u0131\u011f\u0131 ve g\u00fcvenlik sa\u011flan\u0131r. 164 x 86 x 215 mm kompakt boyutlar\u0131 ve 1.9 &#8211; 2.5 kg a\u011f\u0131rl\u0131\u011f\u0131 (ak\u00fc ile) ta\u015f\u0131nabilirli\u011fi art\u0131r\u0131r. BL4020, BL4040 veya BL4050F ak\u00fc se\u00e7enekleriyle birlikte farkl\u0131 ihtiya\u00e7lara uygun bir \u00e7\u00f6z\u00fcm sunar. Maksimum 750 W \u00e7\u0131k\u0131\u015f g\u00fcc\u00fcne sahip bu model, metalde d\u00fc\u015f\u00fck titre\u015fim seviyesi (2.5 m\/s\u00b2), 78 dB(A) ses bas\u0131nc\u0131 ve y\u00fcksek dayan\u0131kl\u0131l\u0131\u011f\u0131 ile profesyonel kullan\u0131c\u0131lar i\u00e7in tasarlanm\u0131\u015ft\u0131r.<\/p>\n<p><\/span><strong class=\"red-title\" style=\"font-size: 16px;\">Kullan\u0131m Amac\u0131:<\/strong> <span><\/p>\n<p>Bu alet ah\u015fap,metal ve plastik malzemede delme ve vidalama i\u015flemleri i\u00e7in kullan\u0131lmas\u0131 ama\u00e7lanm\u0131\u015ft\u0131r.<\/p>\n<p><\/span><strong class=\"red-title\" style=\"font-size: 16px;\">\u00d6zellikler:<\/strong> <span><\/p>\n<p>40V,XGT,BL MOTOR,XPT,\u00c7\u0130FT AK\u00dcL\u00dc<\/p>\n<p>XGT(Next Generation Technology Extreme Power); yenilik\u00e7i tasar\u0131m ve 40 volt ak\u00fclerle zorlu taleplerin kar\u015f\u0131land\u0131\u011f\u0131 in\u015faat,end\u00fcstri, bah\u00e7ecilik ve bir\u00e7ok alanda kullan\u0131labilen \u00fcr\u00fcnlerin kar\u0131\u015f\u0131m\u0131d\u0131r .XGT ak\u00fcleri son derece dayan\u0131kl\u0131 olacak \u015fekilde tasarlanm\u0131\u015f olup ak\u00fcleri su ge\u00e7irmez \u00fc\u00e7 katmanl\u0131 bir yap\u0131ya ve darbelere kar\u015f\u0131 korunakl\u0131 olacak \u015fekilde tasarlanm\u0131\u015ft\u0131r.<\/p>\n<p>BL Motor\/K\u00f6m\u00fcrs\u00fcz Motor mevcuttur. K\u00f6m\u00fcrs\u00fcz motor sayesinde \u00e7al\u0131\u015fma esnas\u0131nda olu\u015fan \u0131s\u0131 enerjisi kaybolmaz ve makinenin g\u00fcc\u00fcne iletilir.<\/p>\n<p>XPT(Ekstra Koruma Teknolojisi) sayesinde nemli ve ya\u011fmurlu ortamlarda kullan\u0131labilir. D\u00fc\u015fmeye kar\u015f\u0131 ekstra dayan\u0131kl\u0131d\u0131r.<\/p>\n<p>Ak\u00fcl\u00fc yap\u0131s\u0131 kullan\u0131c\u0131ya kablosuz kullan\u0131m imkan\u0131 sunar ve bu sayede kullan\u0131c\u0131lar geni\u015f alanlarda kablo s\u0131n\u0131rlamalar\u0131 olmadan rahat\u00e7a \u00e7al\u0131\u015fabilirler.<\/p>\n<p><span style=\"background-color: rgb(255, 255, 255); color: rgb(10, 24, 41);\">\u2022 <\/span>De\u011fi\u015fken h\u0131z \u00f6zelli\u011fine sahiptir.<\/p>\n<p><span style=\"background-color: rgb(255, 255, 255); color: rgb(10, 24, 41);\">\u2022 <\/span>Sa\u011f-sol d\u00f6n\u00fc\u015f ayarl\u0131d\u0131r.<\/p>\n<p><span style=\"background-color: rgb(255, 255, 255); color: rgb(10, 24, 41);\">\u2022 <\/span>Elektrik freni mevcuttur.<\/p>\n<p><span style=\"background-color: rgb(255, 255, 255); color: rgb(10, 24, 41);\">\u2022 <\/span>Anahtars\u0131z(otomatik) mandrenlidir.<\/p>\n<p><span style=\"background-color: rgb(255, 255, 255); color: rgb(10, 24, 41);\">\u2022 <\/span>21 katmanl\u0131 tork ayarlay\u0131c\u0131 mevcuttur<\/p>\n<p><span style=\"color: rgb(10, 24, 41); background-color: rgb(255, 255, 255);\">\u2022 <\/span>Sabit h\u0131z \u00f6zelli\u011fi vard\u0131r.<\/p>\n<p><span style=\"background-color: rgb(255, 255, 255); color: rgb(10, 24, 41);\">\u2022 <\/span>Led \u0131\u015f\u0131\u011f\u0131 vard\u0131r<\/p>\n<p><span style=\"background-color: rgb(255, 255, 255); color: rgb(10, 24, 41);\">\u2022 <\/span>Manuel 2 h\u0131z mevcuttur.<\/p>\n<p><span style=\"background-color: rgb(255, 255, 255); color: rgb(10, 24, 41);\">\u2022 <\/span>Plastik ta\u015f\u0131ma \u00e7antal\u0131d\u0131r.<\/p>\n<p><\/span><strong class=\"red-title\" style=\"font-size: 16px;\">Paket \u0130\u00e7eri\u011fi:<\/strong> <span><\/p>\n<p><span style=\"background-color: white; color: rgb(33, 37, 41);\">Bits u\u00e7,bel kancas\u0131,\u00e7ift ak\u00fc,\u015farj cihaz\u0131<\/span><\/p>\n<\/p>\n<p><\/span><\/p>\n","protected":false},"featured_media":8901,"comment_status":"open","ping_status":"closed","template":"","meta":{"_acf_changed":false},"product_brand":[1485],"product_cat":[785],"product_tag":[],"class_list":{"0":"post-8902","1":"product","2":"type-product","3":"status-publish","4":"has-post-thumbnail","6":"product_brand-makita","7":"product_cat-40-volt","9":"first","10":"instock","11":"taxable","12":"shipping-taxable","13":"purchasable","14":"product-type-simple","15":"add-to-wishlist-after_add_to_cart"},"acf":[],"_links":{"self":[{"href":"https:\/\/www.makitamarket.com.tr\/site\/wp-json\/wp\/v2\/product\/8902","targetHints":{"allow":["GET"]}}],"collection":[{"href":"https:\/\/www.makitamarket.com.tr\/site\/wp-json\/wp\/v2\/product"}],"about":[{"href":"https:\/\/www.makitamarket.com.tr\/site\/wp-json\/wp\/v2\/types\/product"}],"replies":[{"embeddable":true,"href":"https:\/\/www.makitamarket.com.tr\/site\/wp-json\/wp\/v2\/comments?post=8902"}],"wp:featuredmedia":[{"embeddable":true,"href":"https:\/\/www.makitamarket.com.tr\/site\/wp-json\/wp\/v2\/media\/8901"}],"wp:attachment":[{"href":"https:\/\/www.makitamarket.com.tr\/site\/wp-json\/wp\/v2\/media?parent=8902"}],"wp:term":[{"taxonomy":"product_brand","embeddable":true,"href":"https:\/\/www.makitamarket.com.tr\/site\/wp-json\/wp\/v2\/product_brand?post=8902"},{"taxonomy":"product_cat","embeddable":true,"href":"https:\/\/www.makitamarket.com.tr\/site\/wp-json\/wp\/v2\/product_cat?post=8902"},{"taxonomy":"product_tag","embeddable":true,"href":"https:\/\/www.makitamarket.com.tr\/site\/wp-json\/wp\/v2\/product_tag?post=8902"}],"curies":[{"name":"wp","href":"https:\/\/api.w.org\/{rel}","templated":true}]}}