{"id":8903,"date":"2024-11-27T19:49:26","date_gmt":"2024-11-27T16:49:26","guid":{"rendered":"https:\/\/www.makitamarket.com.tr\/site\/urun\/makita-makita-eh7500w-benzinli-cit-budama-makinasi\/"},"modified":"2025-07-11T18:54:05","modified_gmt":"2025-07-11T15:54:05","slug":"makita-makita-eh7500w-benzinli-cit-budama-makinasi","status":"publish","type":"product","link":"https:\/\/www.makitamarket.com.tr\/site\/urun\/makita-makita-eh7500w-benzinli-cit-budama-makinasi\/","title":{"rendered":"Makita EH7500SW MAK\u0130TA EH7500W BENZ\u0130NL\u0130 \u00c7\u0130T BUDAMA MAK\u0130NASI"},"content":{"rendered":"<p>\n\t\u00c7ift Tarafl\u0131 B\u0131\u00e7ak<\/p>\n<table>\n<tr>\n<td>Motor tipi<\/td>\n<td>2 Zamanl\u0131, Benzinli<\/td>\n<\/tr>\n<tr>\n<td>Motor G\u00fcc\u00fc<\/td>\n<td>0.68 kW 1.0 Hp<\/td>\n<\/tr>\n<tr>\n<td>Vargel Say\u0131s\u0131<\/td>\n<td>4390 v\/dk<\/td>\n<\/tr>\n<tr>\n<td>Ate\u015fleme \u015eekli<\/td>\n<td>Elektronik Ate\u015fleme<\/td>\n<\/tr>\n<tr>\n<td>B\u0131\u00e7ak Uzunlu\u011fu<\/td>\n<td>750mm<\/td>\n<\/tr>\n<tr>\n<td>Benzin Kapasitesi<\/td>\n<td>0.4 L<\/td>\n<\/tr>\n<tr>\n<td>Kar\u0131\u015f\u0131m Oran\u0131<\/td>\n<td>50:1 L<\/td>\n<\/tr>\n<tr>\n<td>A\u011f\u0131rl\u0131k<\/td>\n<td>5.2 Kg<\/td>\n<\/tr>\n<tr>\n<td>Titre\u015fim<\/td>\n<td>2.3m\/s2<\/td>\n<\/tr>\n<tr>\n<td>Ses D\u00fczeyi<\/td>\n<td>93.9dB(A)<\/td>\n<\/tr>\n<tr>\n<td>\u00d6l\u00e7\u00fcler (LxWxH)<\/td>\n<td>1259x262x216mm<\/td>\n<\/tr>\n<\/table>\n","protected":false},"excerpt":{"rendered":"<p>\n\t\u00c7ift Tarafl\u0131 B\u0131\u00e7ak<\/p>\n","protected":false},"featured_media":0,"comment_status":"open","ping_status":"closed","template":"","meta":{"_acf_changed":false},"product_brand":[],"product_cat":[907],"product_tag":[],"class_list":{"0":"post-8903","1":"product","2":"type-product","3":"status-publish","5":"product_cat-benzinli-cit-budama-makinalari","7":"first","8":"instock","9":"taxable","10":"shipping-taxable","11":"purchasable","12":"product-type-simple","13":"add-to-wishlist-after_add_to_cart"},"acf":[],"_links":{"self":[{"href":"https:\/\/www.makitamarket.com.tr\/site\/wp-json\/wp\/v2\/product\/8903","targetHints":{"allow":["GET"]}}],"collection":[{"href":"https:\/\/www.makitamarket.com.tr\/site\/wp-json\/wp\/v2\/product"}],"about":[{"href":"https:\/\/www.makitamarket.com.tr\/site\/wp-json\/wp\/v2\/types\/product"}],"replies":[{"embeddable":true,"href":"https:\/\/www.makitamarket.com.tr\/site\/wp-json\/wp\/v2\/comments?post=8903"}],"wp:attachment":[{"href":"https:\/\/www.makitamarket.com.tr\/site\/wp-json\/wp\/v2\/media?parent=8903"}],"wp:term":[{"taxonomy":"product_brand","embeddable":true,"href":"https:\/\/www.makitamarket.com.tr\/site\/wp-json\/wp\/v2\/product_brand?post=8903"},{"taxonomy":"product_cat","embeddable":true,"href":"https:\/\/www.makitamarket.com.tr\/site\/wp-json\/wp\/v2\/product_cat?post=8903"},{"taxonomy":"product_tag","embeddable":true,"href":"https:\/\/www.makitamarket.com.tr\/site\/wp-json\/wp\/v2\/product_tag?post=8903"}],"curies":[{"name":"wp","href":"https:\/\/api.w.org\/{rel}","templated":true}]}}