{"id":8905,"date":"2024-11-27T19:49:26","date_gmt":"2024-11-27T16:49:26","guid":{"rendered":"https:\/\/www.makitamarket.com.tr\/site\/urun\/makita-darbeli-matkap-vidalama-40v\/"},"modified":"2026-03-30T07:20:31","modified_gmt":"2026-03-30T04:20:31","slug":"makita-darbeli-matkap-vidalama-40v","status":"publish","type":"product","link":"https:\/\/www.makitamarket.com.tr\/site\/urun\/makita-darbeli-matkap-vidalama-40v\/","title":{"rendered":"Makita HP002GA201 DARBEL\u0130 MATKAP V\u0130DALAMA 40V"},"content":{"rendered":"<p><span style=\"color: rgb(33, 37, 41);\">Model HP002GA201<\/span><\/p>\n<p>Darbeli Matkap vidalama &nbsp;1\/2&#8243;<\/p>\n<p>40V maks. \u2022 64 Nm \u2022 0 \u2013 2 200 dak\u207b\u00b9<\/p>\n<p><span style=\"color: rgb(0, 112, 192);\">A\u011f\u0131r hizmet tipi vidalama ve delme i\u00e7in sa\u011flam, k\u00f6m\u00fcrs\u00fcz darbeli matkap vidalama<\/span><\/p>\n<p>Profesyonel vidalama ve delme i\u00e7in darbeli veya darbesiz g\u00fc\u00e7l\u00fc, k\u00f6m\u00fcrs\u00fcz matkap modeli.Maksimum tork 30 \/ 64 Nm. Y\u00fcksek g\u00fc\u00e7 ve tork gerektiren i\u015fler i\u00e7in ideal bir se\u00e7imdir. <\/p>\n<p>&nbsp;<span style=\"color: red;\">Kullan\u0131m amac\u0131: <\/span><span style=\"color: rgb(33, 37, 41);\">Bu alet tu\u011fla,tu\u011fla duvar ve ta\u015f malzemelerde darbeli delme i\u015flemi i\u00e7in tasarlanm\u0131\u015ft\u0131r. Bu aletin ah\u015fap,metal,seramik ve plastik malzemelerde darbesiz delme ve vidalama i\u015flemleri i\u00e7in de uygundur.<\/span><\/p>\n<p><u>\u00d6zellikleri:<\/u><\/p>\n<p>40V,XGT, BL MOTOR,XPT,\u00c7\u0130FT AK\u00dcL\u00dc <\/p>\n<p>XGT(Next Generation Technology Extreme Power); yenilik\u00e7i tasar\u0131m ve 40 volt ak\u00fclerle zorlu taleplerin kar\u015f\u0131land\u0131\u011f\u0131 in\u015faat,end\u00fcstri,bah\u00e7ecilik ve bir\u00e7ok alanda kullan\u0131labilen \u00fcr\u00fcnlerin kar\u0131\u015f\u0131m\u0131d\u0131r.XGT ak\u00fcleri son derece dayan\u0131kl\u0131 olacak \u015fekilde tasarlanm\u0131\u015f olup ak\u00fcleri su ge\u00e7irmez \u00fc\u00e7 katmanl\u0131 bir yap\u0131ya ve darbelere kar\u015f\u0131 korunakl\u0131 olacak \u015fekilde tasarlanm\u0131\u015ft\u0131r.<\/p>\n<p>BL Motor\/K\u00f6m\u00fcrs\u00fcz Motor mevcuttur. K\u00f6m\u00fcrs\u00fcz motor sayesinde \u00e7al\u0131\u015fma esnas\u0131nda olu\u015fan \u0131s\u0131 enerjisi kaybolmaz ve makinenin g\u00fcc\u00fcne iletilir.<\/p>\n<p>XPT(Ekstra Koruma Teknolojisi) sayesinde nemli ve ya\u011fmurlu ortamlarda kullan\u0131labilir. D\u00fc\u015fmeye kar\u015f\u0131 ekstra dayan\u0131kl\u0131d\u0131r<\/p>\n<ol>\n<li data-list=\"bullet\"><span class=\"ql-ui\" contenteditable=\"false\"><\/span>De\u011fi\u015fken h\u0131z \u00f6zelli\u011fine sahiptir.<\/li>\n<li data-list=\"bullet\"><span class=\"ql-ui\" contenteditable=\"false\"><\/span><span style=\"color: black;\">Sabit h\u0131z \u00f6zelli\u011fi vard\u0131r.<\/span><\/li>\n<li data-list=\"bullet\"><span class=\"ql-ui\" contenteditable=\"false\"><\/span>Sa\u011f-sol d\u00f6n\u00fc\u015f ayarl\u0131d\u0131r.<\/li>\n<li data-list=\"bullet\"><span class=\"ql-ui\" contenteditable=\"false\"><\/span>Elektrik freni mevcuttur.<\/li>\n<li data-list=\"bullet\"><span class=\"ql-ui\" contenteditable=\"false\"><\/span>Anahtars\u0131z(otomatik) mandrenlidir.<\/li>\n<li data-list=\"bullet\"><span class=\"ql-ui\" contenteditable=\"false\"><\/span>21 katmanl\u0131 tork ayarlay\u0131c\u0131 mevcuttur<\/li>\n<li data-list=\"bullet\"><span class=\"ql-ui\" contenteditable=\"false\"><\/span>Led \u0131\u015f\u0131\u011f\u0131 vard\u0131r<\/li>\n<li data-list=\"bullet\"><span class=\"ql-ui\" contenteditable=\"false\"><\/span>Plastik ta\u015f\u0131ma \u00e7antal\u0131d\u0131r.<\/li>\n<\/ol>\n<p><span style=\"color: rgb(33, 37, 41); background-color: white;\">Ambalaj i\u00e7eri\u011fi:Bits u\u00e7,bel kancas\u0131,\u00e7ift ak\u00fc,\u015farj cihaz\u0131<\/span><\/p>\n<p><\/p>\n<table>\n<tr>\n<td>Kapasite<\/td>\n<td>\u00c7elik:13 mm, Ah\u015fap:38 mm, Tu\u011fla:13 mm<\/td>\n<\/tr>\n<tr>\n<td>Bo\u015fta Devir<\/td>\n<td>0-600\/2.200 devir\/dak<\/td>\n<\/tr>\n<tr>\n<td>Maksimum Tork<\/td>\n<td>30\/64N.m<\/td>\n<\/tr>\n<tr>\n<td>G\u00fc\u00e7-Kapasite<\/td>\n<td>40V\/2.5Ah\/Li-ion<\/td>\n<\/tr>\n<tr>\n<td>Ak\u00fc \/ \u015earj Cihaz\u0131<\/td>\n<td>BL4025 \/ DC40RA<\/td>\n<\/tr>\n<tr>\n<td>Net A\u011f\u0131rl\u0131k<\/td>\n<td>2.5kg<\/td>\n<\/tr>\n<tr>\n<td>Mandren<\/td>\n<td>1\/2&#8243;<\/td>\n<\/tr>\n<\/table>\n","protected":false},"excerpt":{"rendered":"<p><span style=\"color: rgb(33, 37, 41);\">Model HP002GA201<\/span><\/p>\n<p>Darbeli Matkap vidalama &nbsp;1\/2&#8243;<\/p>\n<p>40V maks. \u2022 64 Nm \u2022 0 \u2013 2 200 dak\u207b\u00b9<\/p>\n<p><span style=\"color: rgb(0, 112, 192);\">A\u011f\u0131r hizmet tipi vidalama ve delme i\u00e7in sa\u011flam, k\u00f6m\u00fcrs\u00fcz darbeli matkap vidalama<\/span><\/p>\n<p>Profesyonel vidalama ve delme i\u00e7in darbeli veya darbesiz g\u00fc\u00e7l\u00fc, k\u00f6m\u00fcrs\u00fcz matkap modeli.Maksimum tork 30 \/ 64 Nm. Y\u00fcksek g\u00fc\u00e7 ve tork gerektiren i\u015fler i\u00e7in ideal bir se\u00e7imdir. <\/p>\n<p>&nbsp;<span style=\"color: red;\">Kullan\u0131m amac\u0131: <\/span><span style=\"color: rgb(33, 37, 41);\">Bu alet tu\u011fla,tu\u011fla duvar ve ta\u015f malzemelerde darbeli delme i\u015flemi i\u00e7in tasarlanm\u0131\u015ft\u0131r. Bu aletin ah\u015fap,metal,seramik ve plastik malzemelerde darbesiz delme ve vidalama i\u015flemleri i\u00e7in de uygundur.<\/span><\/p>\n<p><u>\u00d6zellikleri:<\/u><\/p>\n<p>40V,XGT, BL MOTOR,XPT,\u00c7\u0130FT AK\u00dcL\u00dc <\/p>\n<p>XGT(Next Generation Technology Extreme Power); yenilik\u00e7i tasar\u0131m ve 40 volt ak\u00fclerle zorlu taleplerin kar\u015f\u0131land\u0131\u011f\u0131 in\u015faat,end\u00fcstri,bah\u00e7ecilik ve bir\u00e7ok alanda kullan\u0131labilen \u00fcr\u00fcnlerin kar\u0131\u015f\u0131m\u0131d\u0131r.XGT ak\u00fcleri son derece dayan\u0131kl\u0131 olacak \u015fekilde tasarlanm\u0131\u015f olup ak\u00fcleri su ge\u00e7irmez \u00fc\u00e7 katmanl\u0131 bir yap\u0131ya ve darbelere kar\u015f\u0131 korunakl\u0131 olacak \u015fekilde tasarlanm\u0131\u015ft\u0131r.<\/p>\n<p>BL Motor\/K\u00f6m\u00fcrs\u00fcz Motor mevcuttur. K\u00f6m\u00fcrs\u00fcz motor sayesinde \u00e7al\u0131\u015fma esnas\u0131nda olu\u015fan \u0131s\u0131 enerjisi kaybolmaz ve makinenin g\u00fcc\u00fcne iletilir.<\/p>\n<p>XPT(Ekstra Koruma Teknolojisi) sayesinde nemli ve ya\u011fmurlu ortamlarda kullan\u0131labilir. D\u00fc\u015fmeye kar\u015f\u0131 ekstra dayan\u0131kl\u0131d\u0131r<\/p>\n<ol>\n<li data-list=\"bullet\"><span class=\"ql-ui\" contenteditable=\"false\"><\/span>De\u011fi\u015fken h\u0131z \u00f6zelli\u011fine sahiptir.<\/li>\n<li data-list=\"bullet\"><span class=\"ql-ui\" contenteditable=\"false\"><\/span><span style=\"color: black;\">Sabit h\u0131z \u00f6zelli\u011fi vard\u0131r.<\/span><\/li>\n<li data-list=\"bullet\"><span class=\"ql-ui\" contenteditable=\"false\"><\/span>Sa\u011f-sol d\u00f6n\u00fc\u015f ayarl\u0131d\u0131r.<\/li>\n<li data-list=\"bullet\"><span class=\"ql-ui\" contenteditable=\"false\"><\/span>Elektrik freni mevcuttur.<\/li>\n<li data-list=\"bullet\"><span class=\"ql-ui\" contenteditable=\"false\"><\/span>Anahtars\u0131z(otomatik) mandrenlidir.<\/li>\n<li data-list=\"bullet\"><span class=\"ql-ui\" contenteditable=\"false\"><\/span>21 katmanl\u0131 tork ayarlay\u0131c\u0131 mevcuttur<\/li>\n<li data-list=\"bullet\"><span class=\"ql-ui\" contenteditable=\"false\"><\/span>Led \u0131\u015f\u0131\u011f\u0131 vard\u0131r<\/li>\n<li data-list=\"bullet\"><span class=\"ql-ui\" contenteditable=\"false\"><\/span>Plastik ta\u015f\u0131ma \u00e7antal\u0131d\u0131r.<\/li>\n<\/ol>\n<p><span style=\"color: rgb(33, 37, 41); background-color: white;\">Ambalaj i\u00e7eri\u011fi:Bits u\u00e7,bel kancas\u0131,\u00e7ift ak\u00fc,\u015farj cihaz\u0131<\/span><\/p>\n<p><\/p>\n","protected":false},"featured_media":8904,"comment_status":"open","ping_status":"closed","template":"","meta":{"_acf_changed":false},"product_brand":[1485],"product_cat":[785],"product_tag":[],"class_list":{"0":"post-8905","1":"product","2":"type-product","3":"status-publish","4":"has-post-thumbnail","6":"product_brand-makita","7":"product_cat-40-volt","9":"first","10":"instock","11":"taxable","12":"shipping-taxable","13":"purchasable","14":"product-type-simple","15":"add-to-wishlist-after_add_to_cart"},"acf":[],"_links":{"self":[{"href":"https:\/\/www.makitamarket.com.tr\/site\/wp-json\/wp\/v2\/product\/8905","targetHints":{"allow":["GET"]}}],"collection":[{"href":"https:\/\/www.makitamarket.com.tr\/site\/wp-json\/wp\/v2\/product"}],"about":[{"href":"https:\/\/www.makitamarket.com.tr\/site\/wp-json\/wp\/v2\/types\/product"}],"replies":[{"embeddable":true,"href":"https:\/\/www.makitamarket.com.tr\/site\/wp-json\/wp\/v2\/comments?post=8905"}],"wp:featuredmedia":[{"embeddable":true,"href":"https:\/\/www.makitamarket.com.tr\/site\/wp-json\/wp\/v2\/media\/8904"}],"wp:attachment":[{"href":"https:\/\/www.makitamarket.com.tr\/site\/wp-json\/wp\/v2\/media?parent=8905"}],"wp:term":[{"taxonomy":"product_brand","embeddable":true,"href":"https:\/\/www.makitamarket.com.tr\/site\/wp-json\/wp\/v2\/product_brand?post=8905"},{"taxonomy":"product_cat","embeddable":true,"href":"https:\/\/www.makitamarket.com.tr\/site\/wp-json\/wp\/v2\/product_cat?post=8905"},{"taxonomy":"product_tag","embeddable":true,"href":"https:\/\/www.makitamarket.com.tr\/site\/wp-json\/wp\/v2\/product_tag?post=8905"}],"curies":[{"name":"wp","href":"https:\/\/api.w.org\/{rel}","templated":true}]}}