{"id":8915,"date":"2024-11-27T19:49:33","date_gmt":"2024-11-27T16:49:33","guid":{"rendered":"https:\/\/www.makitamarket.com.tr\/site\/urun\/makita-akulu-sirt-supurgesi-18v\/"},"modified":"2026-03-30T07:22:39","modified_gmt":"2026-03-30T04:22:39","slug":"makita-akulu-sirt-supurgesi-18v","status":"publish","type":"product","link":"https:\/\/www.makitamarket.com.tr\/site\/urun\/makita-akulu-sirt-supurgesi-18v\/","title":{"rendered":"Makita DVC261Z AK\u00dcL\u00dc SIRT S\u00dcP\u00dcRGES\u0130 18V"},"content":{"rendered":"<p><strong class=\"red-title\" style=\"font-size: 16px;\">A\u00e7\u0131klama:<\/strong> <span><\/p>\n<p>Model DVC261Z<\/p>\n<p>Ak\u00fcl\u00fc S\u0131rt S\u00fcp\u00fcrgesi<\/p>\n<p>18VX2 \u2022&nbsp;2L<\/p>\n<p><strong style=\"color: rgb(0, 112, 192);\">Y\u00fcksek Performansl\u0131 \u00c7ift Ak\u00fcl\u00fc S\u0131rt Tipi Toz Emme Makinesi <\/strong><span style=\"color: rgb(0, 112, 192);\">&nbsp;<\/span><\/p>\n<p>Profesyonel temizlik ve end\u00fcstriyel kullan\u0131mlar i\u00e7in tasarlanm\u0131\u015f bu s\u0131rt tipi model, 2x18V LXT Li-Ion ak\u00fc sistemi ile 36V g\u00fc\u00e7 sunarak kablosuz kullan\u0131m avantaj\u0131 sa\u011flar. Kompakt ve ergonomik s\u0131rt tipi tasar\u0131m\u0131, uzun s\u00fcreli kullan\u0131mlarda rahatl\u0131k ve hareket \u00f6zg\u00fcrl\u00fc\u011f\u00fc sunar. L s\u0131n\u0131f\u0131 toz filtreleme sistemi, ince toz ve partik\u00fclleri etkili bir \u015fekilde yakalayarak temiz bir \u00e7al\u0131\u015fma ortam\u0131 sa\u011flar. 2 litrelik toz haznesi kapasitesi, hafif yap\u0131s\u0131yla birlikte ta\u015f\u0131nabilirlik kolayl\u0131\u011f\u0131 sunarken sessiz \u00e7al\u0131\u015fma \u00f6zelli\u011fi konforlu bir temizlik deneyimi sa\u011flar. Bu model, in\u015faat, at\u00f6lye ve profesyonel temizlik projeleri i\u00e7in ideal bir \u00e7\u00f6z\u00fcmd\u00fcr.<\/p>\n<p><span style=\"color: red;\">Kullan\u0131m amac\u0131: <\/span>Bu alet kuru tozlar\u0131 toplamak amac\u0131yla kullan\u0131l\u0131r. Alet; oteller, okullar, hastaneler, fabrikalar, d\u00fckkanlar, ofisler ve kiralama hizmetleri gibi ticari kullan\u0131mlar i\u00e7in uygundur.<\/p>\n<p><u>\u00d6zellikleri:<\/u><\/p>\n<p>Ak\u00fcl\u00fc yap\u0131s\u0131 kullan\u0131c\u0131ya kablosuz kullan\u0131m imkan\u0131 sunar ve bu sayede kullan\u0131c\u0131lar geni\u015f alanlarda kablo s\u0131n\u0131rlamalar\u0131 olmadan rahat\u00e7a \u00e7al\u0131\u015fabilirler.<\/p>\n<p>Li-ion; Bataryan\u0131n daha verimli \u00e7al\u0131\u015fmas\u0131n\u0131 sa\u011flayan teknolojidir.<\/p>\n<p>BL Motor\/K\u00f6m\u00fcrs\u00fcz Motor mevcuttur. K\u00f6m\u00fcrs\u00fcz motor sayesinde \u00e7al\u0131\u015fma esnas\u0131nda olu\u015fan \u0131s\u0131 enerjisi kaybolmaz ve makinenin g\u00fcc\u00fcne iletilir.<\/p>\n<ol>\n<li data-list=\"ordered\"><span class=\"ql-ui\" contenteditable=\"false\"><\/span>De\u011fi\u015fken h\u0131z \u00f6zelli\u011fi vard\u0131r.<\/li>\n<li data-list=\"ordered\"><span class=\"ql-ui\" contenteditable=\"false\"><\/span><span style=\"color: rgb(33, 37, 41);\">Led \u0131\u015f\u0131\u011f\u0131 vard\u0131r.<\/span><\/li>\n<\/ol>\n<p>Not: Sadece kuru toz vakum yapabilmekte olup, oteller, okullar, hastane ve ofisler i\u00e7in uygundur.<\/p>\n<p><\/span><strong class=\"red-title\" style=\"font-size: 16px;\">Kullan\u0131m Amac\u0131:<\/strong> <span><\/p>\n<p><\/p>\n<p><\/span><strong class=\"red-title\" style=\"font-size: 16px;\">\u00d6zellikler:<\/strong> <span><\/p>\n<p><\/p>\n<p><\/span><strong class=\"red-title\" style=\"font-size: 16px;\">Paket \u0130\u00e7eri\u011fi:<\/strong> <span><\/p>\n<p><\/p>\n<p><\/span><\/p>\n<table>\n<tr>\n<td>Maksimum Hava Hacmi<\/td>\n<td>1.3 m\u00b3\/ min<\/td>\n<\/tr>\n<tr>\n<td>Emi\u015f Bas\u0131nc\u0131\/ G\u00fc\u00e7<\/td>\n<td>6.2kPa\/25 -45W<\/td>\n<\/tr>\n<tr>\n<td>Kapasite<\/td>\n<td>2.0L<\/td>\n<\/tr>\n<tr>\n<td>Nominal Voltaj<\/td>\n<td>DC36V<\/td>\n<\/tr>\n<tr>\n<td>Batarya \u00f6mr\u00fc \/ \u015earz dolum (dk)<\/td>\n<td>60-45<\/td>\n<\/tr>\n<tr>\n<td>\u00d6l\u00e7\u00fcler<\/td>\n<td>230 x 152 x 373 mm<\/td>\n<\/tr>\n<tr>\n<td>A\u011f\u0131rl\u0131k<\/td>\n<td>3.9 kg (8.6 lbs)<\/td>\n<\/tr>\n<tr>\n<td>\u015earj Cihaz\u0131<\/td>\n<td>DC18RD \u00e7iftli cihaz DC18RC<\/td>\n<\/tr>\n<tr>\n<td>Ak\u00fc<\/td>\n<td>BL1830B\/1840\/1850B\/1860B<\/td>\n<\/tr>\n<\/table>\n","protected":false},"excerpt":{"rendered":"<p><strong class=\"red-title\" style=\"font-size: 16px;\">A\u00e7\u0131klama:<\/strong> <span><\/p>\n<p>Model DVC261Z<\/p>\n<p>Ak\u00fcl\u00fc S\u0131rt S\u00fcp\u00fcrgesi<\/p>\n<p>18VX2 \u2022&nbsp;2L<\/p>\n<p><strong style=\"color: rgb(0, 112, 192);\">Y\u00fcksek Performansl\u0131 \u00c7ift Ak\u00fcl\u00fc S\u0131rt Tipi Toz Emme Makinesi <\/strong><span style=\"color: rgb(0, 112, 192);\">&nbsp;<\/span><\/p>\n<p>Profesyonel temizlik ve end\u00fcstriyel kullan\u0131mlar i\u00e7in tasarlanm\u0131\u015f bu s\u0131rt tipi model, 2x18V LXT Li-Ion ak\u00fc sistemi ile 36V g\u00fc\u00e7 sunarak kablosuz kullan\u0131m avantaj\u0131 sa\u011flar. Kompakt ve ergonomik s\u0131rt tipi tasar\u0131m\u0131, uzun s\u00fcreli kullan\u0131mlarda rahatl\u0131k ve hareket \u00f6zg\u00fcrl\u00fc\u011f\u00fc sunar. L s\u0131n\u0131f\u0131 toz filtreleme sistemi, ince toz ve partik\u00fclleri etkili bir \u015fekilde yakalayarak temiz bir \u00e7al\u0131\u015fma ortam\u0131 sa\u011flar. 2 litrelik toz haznesi kapasitesi, hafif yap\u0131s\u0131yla birlikte ta\u015f\u0131nabilirlik kolayl\u0131\u011f\u0131 sunarken sessiz \u00e7al\u0131\u015fma \u00f6zelli\u011fi konforlu bir temizlik deneyimi sa\u011flar. Bu model, in\u015faat, at\u00f6lye ve profesyonel temizlik projeleri i\u00e7in ideal bir \u00e7\u00f6z\u00fcmd\u00fcr.<\/p>\n<p><span style=\"color: red;\">Kullan\u0131m amac\u0131: <\/span>Bu alet kuru tozlar\u0131 toplamak amac\u0131yla kullan\u0131l\u0131r. Alet; oteller, okullar, hastaneler, fabrikalar, d\u00fckkanlar, ofisler ve kiralama hizmetleri gibi ticari kullan\u0131mlar i\u00e7in uygundur.<\/p>\n<p><u>\u00d6zellikleri:<\/u><\/p>\n<p>Ak\u00fcl\u00fc yap\u0131s\u0131 kullan\u0131c\u0131ya kablosuz kullan\u0131m imkan\u0131 sunar ve bu sayede kullan\u0131c\u0131lar geni\u015f alanlarda kablo s\u0131n\u0131rlamalar\u0131 olmadan rahat\u00e7a \u00e7al\u0131\u015fabilirler.<\/p>\n<p>Li-ion; Bataryan\u0131n daha verimli \u00e7al\u0131\u015fmas\u0131n\u0131 sa\u011flayan teknolojidir.<\/p>\n<p>BL Motor\/K\u00f6m\u00fcrs\u00fcz Motor mevcuttur. K\u00f6m\u00fcrs\u00fcz motor sayesinde \u00e7al\u0131\u015fma esnas\u0131nda olu\u015fan \u0131s\u0131 enerjisi kaybolmaz ve makinenin g\u00fcc\u00fcne iletilir.<\/p>\n<ol>\n<li data-list=\"ordered\"><span class=\"ql-ui\" contenteditable=\"false\"><\/span>De\u011fi\u015fken h\u0131z \u00f6zelli\u011fi vard\u0131r.<\/li>\n<li data-list=\"ordered\"><span class=\"ql-ui\" contenteditable=\"false\"><\/span><span style=\"color: rgb(33, 37, 41);\">Led \u0131\u015f\u0131\u011f\u0131 vard\u0131r.<\/span><\/li>\n<\/ol>\n<p>Not: Sadece kuru toz vakum yapabilmekte olup, oteller, okullar, hastane ve ofisler i\u00e7in uygundur.<\/p>\n<p><\/span><strong class=\"red-title\" style=\"font-size: 16px;\">Kullan\u0131m Amac\u0131:<\/strong> <span><\/p>\n<p><\/p>\n<p><\/span><strong class=\"red-title\" style=\"font-size: 16px;\">\u00d6zellikler:<\/strong> <span><\/p>\n<p><\/p>\n<p><\/span><strong class=\"red-title\" style=\"font-size: 16px;\">Paket \u0130\u00e7eri\u011fi:<\/strong> <span><\/p>\n<p><\/p>\n<p><\/span><\/p>\n","protected":false},"featured_media":9000,"comment_status":"open","ping_status":"closed","template":"","meta":{"_acf_changed":false},"product_brand":[1485],"product_cat":[771],"product_tag":[],"class_list":{"0":"post-8915","1":"product","2":"type-product","3":"status-publish","4":"has-post-thumbnail","6":"product_brand-makita","7":"product_cat-endustriyel-temizlik-makinalari","9":"first","10":"instock","11":"taxable","12":"shipping-taxable","13":"purchasable","14":"product-type-simple","15":"add-to-wishlist-after_add_to_cart"},"acf":[],"_links":{"self":[{"href":"https:\/\/www.makitamarket.com.tr\/site\/wp-json\/wp\/v2\/product\/8915","targetHints":{"allow":["GET"]}}],"collection":[{"href":"https:\/\/www.makitamarket.com.tr\/site\/wp-json\/wp\/v2\/product"}],"about":[{"href":"https:\/\/www.makitamarket.com.tr\/site\/wp-json\/wp\/v2\/types\/product"}],"replies":[{"embeddable":true,"href":"https:\/\/www.makitamarket.com.tr\/site\/wp-json\/wp\/v2\/comments?post=8915"}],"wp:featuredmedia":[{"embeddable":true,"href":"https:\/\/www.makitamarket.com.tr\/site\/wp-json\/wp\/v2\/media\/9000"}],"wp:attachment":[{"href":"https:\/\/www.makitamarket.com.tr\/site\/wp-json\/wp\/v2\/media?parent=8915"}],"wp:term":[{"taxonomy":"product_brand","embeddable":true,"href":"https:\/\/www.makitamarket.com.tr\/site\/wp-json\/wp\/v2\/product_brand?post=8915"},{"taxonomy":"product_cat","embeddable":true,"href":"https:\/\/www.makitamarket.com.tr\/site\/wp-json\/wp\/v2\/product_cat?post=8915"},{"taxonomy":"product_tag","embeddable":true,"href":"https:\/\/www.makitamarket.com.tr\/site\/wp-json\/wp\/v2\/product_tag?post=8915"}],"curies":[{"name":"wp","href":"https:\/\/api.w.org\/{rel}","templated":true}]}}