{"id":8921,"date":"2024-11-27T19:49:35","date_gmt":"2024-11-27T16:49:35","guid":{"rendered":"https:\/\/www.makitamarket.com.tr\/site\/urun\/gison-havali-hidrolik-pop-percin-makinasi\/"},"modified":"2026-04-06T13:29:58","modified_gmt":"2026-04-06T10:29:58","slug":"gison-havali-hidrolik-pop-percin-makinasi","status":"publish","type":"product","link":"https:\/\/www.makitamarket.com.tr\/site\/urun\/gison-havali-hidrolik-pop-percin-makinasi\/","title":{"rendered":"Gison GP104 HAVALI H\u0130DROL\u0130K POP PER\u00c7\u0130N MAK\u0130NASI"},"content":{"rendered":"<div>\n\t<strong>Kullan\u0131m Alanlar\u0131:<\/strong><\/div>\n<div>\n\tOtomotiv ve her t\u00fcrl\u00fc makinedeki puntal\u0131 k\u0131s\u0131mlar\u0131 ve per\u00e7inleri s\u00f6kmek i\u00e7in kullan\u0131l\u0131r.<\/div>\n<table>\n<tr>\n<td>Pop Per\u00e7in \u00d6l\u00e7\u00fcs\u00fc<\/td>\n<td>2.4 mm &#8211; 3.2 mm &#8211; 4.0 mm &#8211; 4.8 mm.<\/td>\n<\/tr>\n<tr>\n<td>\u00c7ekme G\u00fcc\u00fc<\/td>\n<td>1.045 kg.f.<\/td>\n<\/tr>\n<tr>\n<td>Darbe Uzunlu\u011fu<\/td>\n<td>16 mm.<\/td>\n<\/tr>\n<tr>\n<td>Net A\u011f\u0131rl\u0131k<\/td>\n<td>1.52 kg<\/td>\n<\/tr>\n<tr>\n<td>Y\u00fckseklik<\/td>\n<td>265 mm.<\/td>\n<\/tr>\n<tr>\n<td>Hava T\u00fcketimi<\/td>\n<td>0.09 m\u00b3\/dak.<\/td>\n<\/tr>\n<tr>\n<td>Hava Giri\u015fi<\/td>\n<td>1\/4&#8243;<\/td>\n<\/tr>\n<tr>\n<td>Hortum \u00d6l\u00e7\u00fcs\u00fc <\/td>\n<td>6.5 mm<\/td>\n<\/tr>\n<tr>\n<td>Standart\u0131<\/td>\n<td>CE-Made in Taiwan<\/td>\n<\/tr>\n<\/table>\n","protected":false},"excerpt":{"rendered":"<div>\n\t<strong>Kullan\u0131m Alanlar\u0131:<\/strong><\/div>\n<div>\n\tOtomotiv ve her t\u00fcrl\u00fc makinedeki puntal\u0131 k\u0131s\u0131mlar\u0131 ve per\u00e7inleri s\u00f6kmek i\u00e7in kullan\u0131l\u0131r.<\/div>\n","protected":false},"featured_media":11018,"comment_status":"open","ping_status":"closed","template":"","meta":{"_acf_changed":false},"product_brand":[1512],"product_cat":[1565],"product_tag":[],"class_list":{"0":"post-8921","1":"product","2":"type-product","3":"status-publish","4":"has-post-thumbnail","6":"product_brand-gison","7":"product_cat-yok-yok","9":"first","10":"outofstock","11":"taxable","12":"shipping-taxable","13":"purchasable","14":"product-type-simple","15":"add-to-wishlist-after_add_to_cart"},"acf":[],"_links":{"self":[{"href":"https:\/\/www.makitamarket.com.tr\/site\/wp-json\/wp\/v2\/product\/8921","targetHints":{"allow":["GET"]}}],"collection":[{"href":"https:\/\/www.makitamarket.com.tr\/site\/wp-json\/wp\/v2\/product"}],"about":[{"href":"https:\/\/www.makitamarket.com.tr\/site\/wp-json\/wp\/v2\/types\/product"}],"replies":[{"embeddable":true,"href":"https:\/\/www.makitamarket.com.tr\/site\/wp-json\/wp\/v2\/comments?post=8921"}],"wp:featuredmedia":[{"embeddable":true,"href":"https:\/\/www.makitamarket.com.tr\/site\/wp-json\/wp\/v2\/media\/11018"}],"wp:attachment":[{"href":"https:\/\/www.makitamarket.com.tr\/site\/wp-json\/wp\/v2\/media?parent=8921"}],"wp:term":[{"taxonomy":"product_brand","embeddable":true,"href":"https:\/\/www.makitamarket.com.tr\/site\/wp-json\/wp\/v2\/product_brand?post=8921"},{"taxonomy":"product_cat","embeddable":true,"href":"https:\/\/www.makitamarket.com.tr\/site\/wp-json\/wp\/v2\/product_cat?post=8921"},{"taxonomy":"product_tag","embeddable":true,"href":"https:\/\/www.makitamarket.com.tr\/site\/wp-json\/wp\/v2\/product_tag?post=8921"}],"curies":[{"name":"wp","href":"https:\/\/api.w.org\/{rel}","templated":true}]}}