{"id":8929,"date":"2024-11-27T19:49:37","date_gmt":"2024-11-27T16:49:37","guid":{"rendered":"https:\/\/www.makitamarket.com.tr\/site\/urun\/virax-virax-1362-81-1-2-2-manuel-el-tipi-pafta\/"},"modified":"2026-04-13T19:09:38","modified_gmt":"2026-04-13T16:09:38","slug":"virax-virax-1362-81-1-2-2-manuel-el-tipi-pafta","status":"publish","type":"product","link":"https:\/\/www.makitamarket.com.tr\/site\/urun\/virax-virax-1362-81-1-2-2-manuel-el-tipi-pafta\/","title":{"rendered":"Virax 136281 VIRAX 1362 81 1\/2&#8243; &#8211; 2&#8243; MANUEL EL T\u0130P\u0130 PAFTA"},"content":{"rendered":"<table>\n<tr>\n<td>Pafta Tarak Tipi<\/td>\n<td>Sa\u011f BSPT<\/td>\n<\/tr>\n<tr>\n<td>Pafta Aral\u0131\u011f\u0131<\/td>\n<td>1\/2&#8243; &#8211; 2&#8243;<\/td>\n<\/tr>\n<tr>\n<td>A\u011f\u0131rl\u0131k<\/td>\n<td>17 kg<\/td>\n<\/tr>\n<tr>\n<td>Kol Pafta Kafas\u0131 Kapasitesi<\/td>\n<td>1\/2\u201d &#8211; 1. 1\/4\u201d 1.1\/2\u201d &#8211; 2\u201d<\/td>\n<\/tr>\n<tr>\n<td>Kapasite<\/td>\n<td>\u00c7elik : Sa\u011f BSPT \u00f8 1\/8\u201d-2\u201d, Sol BSPT \u00f8 1\/8\u201d-2\u201d NPT \u00f8 1\/8\u201d-2\u201d Paslanmaz \u00c7elik : Sa\u011f BSPT \u00f8 3\/8\u201d-1.1\/4\u201d<\/td>\n<\/tr>\n<\/table>\n","protected":false},"excerpt":{"rendered":"<p>Pafta Tarak Tipi Sa\u011f BSPT Pafta Aral\u0131\u011f\u0131 1\/2&#8243; &#8211; 2&#8243; A\u011f\u0131rl\u0131k 17 kg Kol Pafta Kafas\u0131 Kapasitesi 1\/2\u201d &#8211; 1. 1\/4\u201d 1.1\/2\u201d &#8211; 2\u201d Kapasite \u00c7elik : Sa\u011f BSPT \u00f8<\/p>\n","protected":false},"featured_media":8928,"comment_status":"open","ping_status":"closed","template":"","meta":{"_acf_changed":false},"product_brand":[1495],"product_cat":[909],"product_tag":[],"class_list":{"0":"post-8929","1":"product","2":"type-product","3":"status-publish","4":"has-post-thumbnail","6":"product_brand-virax","7":"product_cat-manuel-el-tipi-paftalar","9":"first","10":"instock","11":"taxable","12":"shipping-taxable","13":"purchasable","14":"product-type-simple","15":"add-to-wishlist-after_add_to_cart"},"acf":[],"_links":{"self":[{"href":"https:\/\/www.makitamarket.com.tr\/site\/wp-json\/wp\/v2\/product\/8929","targetHints":{"allow":["GET"]}}],"collection":[{"href":"https:\/\/www.makitamarket.com.tr\/site\/wp-json\/wp\/v2\/product"}],"about":[{"href":"https:\/\/www.makitamarket.com.tr\/site\/wp-json\/wp\/v2\/types\/product"}],"replies":[{"embeddable":true,"href":"https:\/\/www.makitamarket.com.tr\/site\/wp-json\/wp\/v2\/comments?post=8929"}],"wp:featuredmedia":[{"embeddable":true,"href":"https:\/\/www.makitamarket.com.tr\/site\/wp-json\/wp\/v2\/media\/8928"}],"wp:attachment":[{"href":"https:\/\/www.makitamarket.com.tr\/site\/wp-json\/wp\/v2\/media?parent=8929"}],"wp:term":[{"taxonomy":"product_brand","embeddable":true,"href":"https:\/\/www.makitamarket.com.tr\/site\/wp-json\/wp\/v2\/product_brand?post=8929"},{"taxonomy":"product_cat","embeddable":true,"href":"https:\/\/www.makitamarket.com.tr\/site\/wp-json\/wp\/v2\/product_cat?post=8929"},{"taxonomy":"product_tag","embeddable":true,"href":"https:\/\/www.makitamarket.com.tr\/site\/wp-json\/wp\/v2\/product_tag?post=8929"}],"curies":[{"name":"wp","href":"https:\/\/api.w.org\/{rel}","templated":true}]}}