{"id":8952,"date":"2024-11-27T19:49:46","date_gmt":"2024-11-27T16:49:46","guid":{"rendered":"https:\/\/www.makitamarket.com.tr\/site\/urun\/euromax-3-hidrolik-boru-bukme-makinasi\/"},"modified":"2026-03-30T07:21:26","modified_gmt":"2026-03-30T04:21:26","slug":"euromax-3-hidrolik-boru-bukme-makinasi","status":"publish","type":"product","link":"https:\/\/www.makitamarket.com.tr\/site\/urun\/euromax-3-hidrolik-boru-bukme-makinasi\/","title":{"rendered":"Euromax EX75033 3&#8243; H\u0130DROL\u0130K BORU B\u00dcKME MAK\u0130NASI"},"content":{"rendered":"<p>\n\t<strong>TSE<\/strong>\u2019li Tesisat ve Gaz Borular\u0131n\u0131 B\u00fcker.<\/p>\n<table>\n<tr>\n<td>Maks. Bas\u0131n\u00e7<\/td>\n<td>50 Mpa<\/td>\n<\/tr>\n<tr>\n<td>Maksimum Vuru\u015f<\/td>\n<td>320 mm.<\/td>\n<\/tr>\n<tr>\n<td>E\u011fme A\u00e7\u0131s\u0131<\/td>\n<td>90\u00b0 &#8211; 180\u00b0<\/td>\n<\/tr>\n<tr>\n<td>K\u0131v\u0131rma Aral\u0131\u011f\u0131<\/td>\n<td>\u00f821.3 &#8211; \u00f888.5 mm.<\/td>\n<\/tr>\n<tr>\n<td>Boru Di\u015f Aral\u0131\u011f\u0131<\/td>\n<td>2.75 &#8211; 5.0 mm.<\/td>\n<\/tr>\n<tr>\n<td>\u00c7akma Kapasitesi<\/td>\n<td>2.5 kg.<\/td>\n<\/tr>\n<tr>\n<td>B\u00fckme \u00d6l\u00e7\u00fcleri<\/td>\n<td>1\/2&#8243;-3\/4&#8243;-1&#8243;-1 1\/4&#8243;-1 1\/2&#8243;-2&#8243;-2&#8243; 1\/2&#8243;-3&#8243;<\/td>\n<\/tr>\n<tr>\n<td>Kapasite<\/td>\n<td>3&#8221;<\/td>\n<\/tr>\n<tr>\n<td>Paketeki Kal\u0131plar<\/td>\n<td>1\/2&#8243;-3\/4&#8243;-1&#8243;-1 1\/4&#8243;-1 1\/2&#8243;-2&#8243;-2&#8243; 1\/2&#8243;-3&#8243;<\/td>\n<\/tr>\n<\/table>\n","protected":false},"excerpt":{"rendered":"<p>\n\t<strong>TSE<\/strong>\u2019li Tesisat ve Gaz Borular\u0131n\u0131 B\u00fcker.<\/p>\n","protected":false},"featured_media":8951,"comment_status":"open","ping_status":"closed","template":"","meta":{"_acf_changed":false},"product_brand":[1513],"product_cat":[710],"product_tag":[],"class_list":{"0":"post-8952","1":"product","2":"type-product","3":"status-publish","4":"has-post-thumbnail","6":"product_brand-euromax","7":"product_cat-hidrolik-boru-bukme-makinalari","9":"first","10":"instock","11":"taxable","12":"shipping-taxable","13":"purchasable","14":"product-type-simple","15":"add-to-wishlist-after_add_to_cart"},"acf":[],"_links":{"self":[{"href":"https:\/\/www.makitamarket.com.tr\/site\/wp-json\/wp\/v2\/product\/8952","targetHints":{"allow":["GET"]}}],"collection":[{"href":"https:\/\/www.makitamarket.com.tr\/site\/wp-json\/wp\/v2\/product"}],"about":[{"href":"https:\/\/www.makitamarket.com.tr\/site\/wp-json\/wp\/v2\/types\/product"}],"replies":[{"embeddable":true,"href":"https:\/\/www.makitamarket.com.tr\/site\/wp-json\/wp\/v2\/comments?post=8952"}],"wp:featuredmedia":[{"embeddable":true,"href":"https:\/\/www.makitamarket.com.tr\/site\/wp-json\/wp\/v2\/media\/8951"}],"wp:attachment":[{"href":"https:\/\/www.makitamarket.com.tr\/site\/wp-json\/wp\/v2\/media?parent=8952"}],"wp:term":[{"taxonomy":"product_brand","embeddable":true,"href":"https:\/\/www.makitamarket.com.tr\/site\/wp-json\/wp\/v2\/product_brand?post=8952"},{"taxonomy":"product_cat","embeddable":true,"href":"https:\/\/www.makitamarket.com.tr\/site\/wp-json\/wp\/v2\/product_cat?post=8952"},{"taxonomy":"product_tag","embeddable":true,"href":"https:\/\/www.makitamarket.com.tr\/site\/wp-json\/wp\/v2\/product_tag?post=8952"}],"curies":[{"name":"wp","href":"https:\/\/api.w.org\/{rel}","templated":true}]}}